{"id":12983,"date":"2022-02-23T16:44:40","date_gmt":"2022-02-23T15:44:40","guid":{"rendered":"https:\/\/dev.campusfounders.de\/community\/events\/"},"modified":"2026-04-21T13:24:29","modified_gmt":"2026-04-21T11:24:29","slug":"events","status":"publish","type":"page","link":"https:\/\/campusfounders.de\/de\/community\/events\/","title":{"rendered":"Events"},"content":{"rendered":"\t\t<div data-elementor-type=\"wp-page\" data-elementor-id=\"12983\" class=\"elementor elementor-12983 elementor-9739\" data-elementor-post-type=\"page\">\n\t\t\t\t\t\t<section data-particle_enable=\"false\" data-particle-mobile-disabled=\"false\" class=\"elementor-section elementor-top-section elementor-element elementor-element-c1c1263 bg-mako cf-section cf-hero elementor-section-height-min-height elementor-section-boxed elementor-section-height-default elementor-section-items-middle\" data-id=\"c1c1263\" data-element_type=\"section\" data-e-type=\"section\" data-settings=\"{&quot;background_background&quot;:&quot;classic&quot;}\">\n\t\t\t\t\t\t\t<div class=\"elementor-background-overlay\"><\/div>\n\t\t\t\t\t\t\t<div class=\"elementor-container elementor-column-gap-default\">\n\t\t\t\t\t<div class=\"elementor-column elementor-col-100 elementor-top-column elementor-element elementor-element-c6eef44\" data-id=\"c6eef44\" data-element_type=\"column\" data-e-type=\"column\">\n\t\t\t<div class=\"elementor-widget-wrap elementor-element-populated\">\n\t\t\t\t\t\t<div class=\"elementor-element elementor-element-3786b03 elementor-widget elementor-widget-cf-motto\" data-id=\"3786b03\" data-element_type=\"widget\" data-e-type=\"widget\" data-widget_type=\"cf-motto.default\">\n\t\t\t\t<div class=\"elementor-widget-container\">\n\t\t\t\t\t<style>hr.motto-seperator{width:115px!important; height:4px; border:0;  float:left;} <\/style>\n        <h2 class='motto-title' style='text-align:left'>\n        <hr class='motto-seperator' align=left\/>\n        <div style='clear:both'><span class='motto-accent'>Unsere <\/span>\n        <span class='motto-rest'> Events<\/span>\n        <\/div>\n        <\/h2>\t\t\t\t<\/div>\n\t\t\t\t<\/div>\n\t\t\t\t\t<\/div>\n\t\t<\/div>\n\t\t\t\t\t<\/div>\n\t\t<\/section>\n\t\t\t\t<section data-particle_enable=\"false\" data-particle-mobile-disabled=\"false\" class=\"elementor-section elementor-top-section elementor-element elementor-element-f846308 shadower w100 cf-section cf-summary elementor-section-boxed elementor-section-height-default elementor-section-height-default\" data-id=\"f846308\" data-element_type=\"section\" data-e-type=\"section\" data-settings=\"{&quot;background_background&quot;:&quot;classic&quot;}\">\n\t\t\t\t\t\t<div class=\"elementor-container elementor-column-gap-no\">\n\t\t\t\t\t<div class=\"elementor-column elementor-col-100 elementor-top-column elementor-element elementor-element-8620ca1\" data-id=\"8620ca1\" data-element_type=\"column\" data-e-type=\"column\">\n\t\t\t<div class=\"elementor-widget-wrap elementor-element-populated\">\n\t\t\t\t\t\t<div class=\"elementor-element elementor-element-d863899 text-white elementor-widget elementor-widget-text-editor\" data-id=\"d863899\" data-element_type=\"widget\" data-e-type=\"widget\" data-widget_type=\"text-editor.default\">\n\t\t\t\t<div class=\"elementor-widget-container\">\n\t\t\t\t\t\t\t\t\t<p>Nimm an unseren vielf\u00e4ltigen Veranstaltungen teil, um zu lernen und Dich zu vernetzen<\/p>\n\t\t\t\t\t\t\t\t<\/div>\n\t\t\t\t<\/div>\n\t\t\t\t\t<\/div>\n\t\t<\/div>\n\t\t\t\t\t<\/div>\n\t\t<\/section>\n\t\t\t\t<section data-particle_enable=\"false\" data-particle-mobile-disabled=\"false\" class=\"elementor-section elementor-top-section elementor-element elementor-element-2555fb2 cf-section cf-events elementor-section-boxed elementor-section-height-default elementor-section-height-default\" data-id=\"2555fb2\" data-element_type=\"section\" data-e-type=\"section\" data-settings=\"{&quot;background_background&quot;:&quot;classic&quot;}\">\n\t\t\t\t\t\t<div class=\"elementor-container elementor-column-gap-default\">\n\t\t\t\t\t<div class=\"elementor-column elementor-col-100 elementor-top-column elementor-element elementor-element-f5e93a4\" data-id=\"f5e93a4\" data-element_type=\"column\" data-e-type=\"column\" data-settings=\"{&quot;background_background&quot;:&quot;classic&quot;}\">\n\t\t\t<div class=\"elementor-widget-wrap elementor-element-populated\">\n\t\t\t\t\t\t<div class=\"elementor-element elementor-element-c99e507 elementor-widget elementor-widget-cf-iframe\" data-id=\"c99e507\" data-element_type=\"widget\" data-e-type=\"widget\" data-widget_type=\"cf-iframe.default\">\n\t\t\t\t<div class=\"elementor-widget-container\">\n\t\t\t\t\t<style>\n    \n          \n          .responsive-iframe-container iframe {\n            width: 100%;\n            height: 100vh;\n          }\n\n\n               <\/style> <div class='responsive-iframe-container'><iframe data-borlabs-cookie-iframe-spared src='https:\/\/app.eventpage.ai\/embedded-section\/8ed2ad1e-fb2a-4cf9-84f5-f348cc7ed98f'><\/iframe><\/div>\t\t\t\t<\/div>\n\t\t\t\t<\/div>\n\t\t\t\t<section data-particle_enable=\"false\" data-particle-mobile-disabled=\"false\" class=\"elementor-section elementor-inner-section elementor-element elementor-element-e2f63e2 elementor-section-boxed elementor-section-height-default elementor-section-height-default\" data-id=\"e2f63e2\" data-element_type=\"section\" data-e-type=\"section\" data-settings=\"{&quot;background_background&quot;:&quot;classic&quot;}\">\n\t\t\t\t\t\t<div class=\"elementor-container elementor-column-gap-default\">\n\t\t\t\t\t<div class=\"elementor-column elementor-col-50 elementor-inner-column elementor-element elementor-element-96ef5e1\" data-id=\"96ef5e1\" data-element_type=\"column\" data-e-type=\"column\">\n\t\t\t<div class=\"elementor-widget-wrap elementor-element-populated\">\n\t\t\t\t\t\t<div class=\"elementor-element elementor-element-e8acf20 elementor-widget elementor-widget-image\" data-id=\"e8acf20\" data-element_type=\"widget\" data-e-type=\"widget\" data-widget_type=\"image.default\">\n\t\t\t\t<div class=\"elementor-widget-container\">\n\t\t\t\t\t\t\t\t\t\t\t\t\t\t\t<img fetchpriority=\"high\" decoding=\"async\" width=\"300\" height=\"319\" src=\"https:\/\/campusfounders.de\/wp-content\/uploads\/2026\/04\/kaffeekuchen.png\" class=\"attachment-full size-full wp-image-31842\" alt=\"\" srcset=\"https:\/\/campusfounders.de\/wp-content\/uploads\/2026\/04\/kaffeekuchen.png 300w, https:\/\/campusfounders.de\/wp-content\/uploads\/2026\/04\/kaffeekuchen-282x300.png 282w\" sizes=\"(max-width: 300px) 100vw, 300px\" \/>\t\t\t\t\t\t\t\t\t\t\t\t\t\t\t<\/div>\n\t\t\t\t<\/div>\n\t\t\t\t\t<\/div>\n\t\t<\/div>\n\t\t\t\t<div class=\"elementor-column elementor-col-50 elementor-inner-column elementor-element elementor-element-6587bbb\" data-id=\"6587bbb\" data-element_type=\"column\" data-e-type=\"column\">\n\t\t\t<div class=\"elementor-widget-wrap elementor-element-populated\">\n\t\t\t\t\t\t<div class=\"elementor-element elementor-element-16da377 elementor-widget elementor-widget-heading\" data-id=\"16da377\" data-element_type=\"widget\" data-e-type=\"widget\" data-widget_type=\"heading.default\">\n\t\t\t\t<div class=\"elementor-widget-container\">\n\t\t\t\t\t<h2 class=\"elementor-heading-title elementor-size-default\">KAFFEE &amp; KUCHEN<\/h2>\t\t\t\t<\/div>\n\t\t\t\t<\/div>\n\t\t\t\t<div class=\"elementor-element elementor-element-764f292 elementor-widget elementor-widget-heading\" data-id=\"764f292\" data-element_type=\"widget\" data-e-type=\"widget\" data-widget_type=\"heading.default\">\n\t\t\t\t<div class=\"elementor-widget-container\">\n\t\t\t\t\t<h2 class=\"elementor-heading-title elementor-size-default\">Kaffee &amp; Kuchen at Campus Founders<\/h2>\t\t\t\t<\/div>\n\t\t\t\t<\/div>\n\t\t\t\t<div class=\"elementor-element elementor-element-af82128 elementor-icon-list--layout-traditional elementor-list-item-link-full_width elementor-widget elementor-widget-icon-list\" data-id=\"af82128\" data-element_type=\"widget\" data-e-type=\"widget\" data-widget_type=\"icon-list.default\">\n\t\t\t\t<div class=\"elementor-widget-container\">\n\t\t\t\t\t\t\t<ul class=\"elementor-icon-list-items\">\n\t\t\t\t\t\t\t<li class=\"elementor-icon-list-item\">\n\t\t\t\t\t\t\t\t\t\t\t<span class=\"elementor-icon-list-icon\">\n\t\t\t\t\t\t\t<i aria-hidden=\"true\" class=\"far fa-calendar\"><\/i>\t\t\t\t\t\t<\/span>\n\t\t\t\t\t\t\t\t\t\t<span class=\"elementor-icon-list-text\">Jeden Donnerstag<\/span>\n\t\t\t\t\t\t\t\t\t<\/li>\n\t\t\t\t\t\t\t\t<li class=\"elementor-icon-list-item\">\n\t\t\t\t\t\t\t\t\t\t\t<span class=\"elementor-icon-list-icon\">\n\t\t\t\t\t\t\t<i aria-hidden=\"true\" class=\"far fa-clock\"><\/i>\t\t\t\t\t\t<\/span>\n\t\t\t\t\t\t\t\t\t\t<span class=\"elementor-icon-list-text\">15:00<\/span>\n\t\t\t\t\t\t\t\t\t<\/li>\n\t\t\t\t\t\t\t\t<li class=\"elementor-icon-list-item\">\n\t\t\t\t\t\t\t\t\t\t\t<span class=\"elementor-icon-list-icon\">\n\t\t\t\t\t\t\t<i aria-hidden=\"true\" class=\"fas fa-dot-circle\"><\/i>\t\t\t\t\t\t<\/span>\n\t\t\t\t\t\t\t\t\t\t<span class=\"elementor-icon-list-text\">Gravity | The Startup Hub, Bildungscampus 11, Heilbronn<\/span>\n\t\t\t\t\t\t\t\t\t<\/li>\n\t\t\t\t\t\t<\/ul>\n\t\t\t\t\t\t<\/div>\n\t\t\t\t<\/div>\n\t\t\t\t\t<\/div>\n\t\t<\/div>\n\t\t\t\t\t<\/div>\n\t\t<\/section>\n\t\t\t\t\t<\/div>\n\t\t<\/div>\n\t\t\t\t\t<\/div>\n\t\t<\/section>\n\t\t\t\t<section data-particle_enable=\"false\" data-particle-mobile-disabled=\"false\" class=\"elementor-section elementor-top-section elementor-element elementor-element-1d15e25 cf-section cf-desc  cf-section-light-last elementor-section-boxed elementor-section-height-default elementor-section-height-default\" data-id=\"1d15e25\" data-element_type=\"section\" data-e-type=\"section\" data-settings=\"{&quot;background_background&quot;:&quot;classic&quot;}\">\n\t\t\t\t\t\t<div class=\"elementor-container elementor-column-gap-default\">\n\t\t\t\t\t<div class=\"elementor-column elementor-col-100 elementor-top-column elementor-element elementor-element-1b823d7\" data-id=\"1b823d7\" data-element_type=\"column\" data-e-type=\"column\">\n\t\t\t<div class=\"elementor-widget-wrap elementor-element-populated\">\n\t\t\t\t\t\t<section data-particle_enable=\"false\" data-particle-mobile-disabled=\"false\" class=\"elementor-section elementor-inner-section elementor-element elementor-element-0a6d8e1 shadower btn-manate elementor-section-boxed elementor-section-height-default elementor-section-height-default\" data-id=\"0a6d8e1\" data-element_type=\"section\" data-e-type=\"section\" data-settings=\"{&quot;background_background&quot;:&quot;classic&quot;}\">\n\t\t\t\t\t\t<div class=\"elementor-container elementor-column-gap-wide\">\n\t\t\t\t\t<div class=\"elementor-column elementor-col-100 elementor-inner-column elementor-element elementor-element-2041d86\" data-id=\"2041d86\" data-element_type=\"column\" data-e-type=\"column\">\n\t\t\t<div class=\"elementor-widget-wrap elementor-element-populated\">\n\t\t\t\t\t\t<div class=\"elementor-element elementor-element-ab6e93a elementor-widget elementor-widget-heading\" data-id=\"ab6e93a\" data-element_type=\"widget\" data-e-type=\"widget\" data-widget_type=\"heading.default\">\n\t\t\t\t<div class=\"elementor-widget-container\">\n\t\t\t\t\t<h2 class=\"elementor-heading-title elementor-size-default\"><b>Du m\u00f6chtest als Mitglied eigene Veranstaltungen durchf\u00fchren?<\/b> Wir unterst\u00fctzen Dich gerne mit unserem Eventmanagement.<\/h2>\t\t\t\t<\/div>\n\t\t\t\t<\/div>\n\t\t\t\t<div class=\"elementor-element elementor-element-bd16df5 sbtn btn-bluedark elementor-widget elementor-widget-eael-offcanvas\" data-id=\"bd16df5\" data-element_type=\"widget\" data-e-type=\"widget\" data-settings=\"{&quot;direction&quot;:&quot;left&quot;,&quot;content_transition&quot;:&quot;slide&quot;}\" data-widget_type=\"eael-offcanvas.default\">\n\t\t\t\t<div class=\"elementor-widget-container\">\n\t\t\t\t\t        <div class=\"eael-offcanvas-content-wrap\" data-settings=\"{&quot;content_id&quot;:&quot;bd16df5&quot;,&quot;direction&quot;:&quot;left&quot;,&quot;transition&quot;:&quot;slide&quot;,&quot;esc_close&quot;:&quot;yes&quot;,&quot;body_click_close&quot;:&quot;yes&quot;,&quot;open_offcanvas&quot;:&quot;no&quot;}\">\n\n                        <div class=\"eael-offcanvas-toggle-wrap\">\n                <div class=\"eael-offcanvas-toggle eael-offcanvas-toogle-bd16df5 elementor-button elementor-size-md\">\n                                        <span class=\"eael-toggle-text\">\n                        Eventanfrage                    <\/span>\n                <\/div>\n            <\/div>\n            \n            <div class=\"eael-offcanvas-content eael-offcanvas-content-bd16df5 eael-offcanvas-slide elementor-element-bd16df5 eael-offcanvas-content-left\">\n                        <div class=\"eael-offcanvas-header\">\n            <div class=\"eael-offcanvas-title\" style=\"order: 1;\">\n                            <\/div>\n            <div class=\"eael-offcanvas-close eael-offcanvas-close-bd16df5\" role=\"button\">\n                                    <i aria-hidden=\"true\" class=\"fas fa-times\"><\/i>                            <\/div>\n        <\/div>\n                        <div class=\"eael-offcanvas-body\">\n\t                                <div class=\"eael-offcanvas-custom-widget\">\n                    \n                    <div class=\"eael-offcanvas-widget-content\">\n                        iframe{border-radius:0 !important;}<div id=\"wrapper\" style=\"position: absolute;top: 0;left: 0;width: 100%;height: 100%\"><\/div>                    <\/div>\n                <\/div>\n                                <\/div><!-- \/.eael-offcanvas-body -->\n            <\/div>\n        <\/div>\n        \t\t\t\t<\/div>\n\t\t\t\t<\/div>\n\t\t\t\t\t<\/div>\n\t\t<\/div>\n\t\t\t\t\t<\/div>\n\t\t<\/section>\n\t\t\t\t\t<\/div>\n\t\t<\/div>\n\t\t\t\t\t<\/div>\n\t\t<\/section>\n\t\t\t\t<\/div>\n\t\t","protected":false},"excerpt":{"rendered":"<p>Unsere Events Nimm an unseren vielf\u00e4ltigen Veranstaltungen teil, um zu lernen und Dich zu vernetzen KAFFEE &amp; KUCHEN Kaffee &amp; Kuchen at Campus Founders Jeden Donnerstag 15:00 Gravity | The Startup Hub, Bildungscampus 11, Heilbronn Du m\u00f6chtest als Mitglied eigene Veranstaltungen durchf\u00fchren? Wir unterst\u00fctzen Dich gerne mit unserem Eventmanagement. Eventanfrage iframe{border-radius:0 !important;}<\/p>\n","protected":false},"author":5,"featured_media":22612,"parent":23177,"menu_order":0,"comment_status":"closed","ping_status":"closed","template":"","meta":{"inline_featured_image":false,"footnotes":""},"class_list":["post-12983","page","type-page","status-publish","has-post-thumbnail","hentry"],"yoast_head":"<!-- This site is optimized with the Yoast SEO plugin v27.4 - https:\/\/yoast.com\/product\/yoast-seo-wordpress\/ -->\n<title>Startup and Founder Events - Campus Founders<\/title>\n<meta name=\"description\" content=\"Nimm an unseren vielf\u00e4ltigen Veranstaltungen teil, um zu lernen und Dich zu vernetzen\" \/>\n<meta name=\"robots\" content=\"index, follow, max-snippet:-1, max-image-preview:large, max-video-preview:-1\" \/>\n<link rel=\"canonical\" href=\"https:\/\/campusfounders.de\/de\/community\/events\/\" \/>\n<meta property=\"og:locale\" content=\"de_DE\" \/>\n<meta property=\"og:type\" content=\"article\" \/>\n<meta property=\"og:title\" content=\"Startup and Founder Events - Campus Founders\" \/>\n<meta property=\"og:description\" content=\"Nimm an unseren vielf\u00e4ltigen Veranstaltungen teil, um zu lernen und Dich zu vernetzen\" \/>\n<meta property=\"og:url\" content=\"https:\/\/campusfounders.de\/de\/community\/events\/\" \/>\n<meta property=\"og:site_name\" content=\"Campus Founders\" \/>\n<meta property=\"article:modified_time\" content=\"2026-04-21T11:24:29+00:00\" \/>\n<meta property=\"og:image\" content=\"https:\/\/campusfounders.de\/wp-content\/uploads\/2022\/01\/NetworkEvent-2-1024x683.jpg\" \/>\n<meta name=\"twitter:card\" content=\"summary_large_image\" \/>\n<meta name=\"twitter:title\" content=\"Startup and Founder Events - Campus Founders\" \/>\n<meta name=\"twitter:description\" content=\"Nimm an unseren vielf\u00e4ltigen Veranstaltungen teil, um zu lernen und Dich zu vernetzen\" \/>\n<meta name=\"twitter:image\" content=\"https:\/\/campusfounders.de\/wp-content\/uploads\/2022\/01\/NetworkEvent-2-1024x683.jpg\" \/>\n<meta name=\"twitter:label1\" content=\"Gesch\u00e4tzte Lesezeit\" \/>\n\t<meta name=\"twitter:data1\" content=\"3\u00a0Minuten\" \/>\n<script type=\"application\/ld+json\" class=\"yoast-schema-graph\">{\"@context\":\"https:\\\/\\\/schema.org\",\"@graph\":[{\"@type\":\"WebPage\",\"@id\":\"https:\\\/\\\/campusfounders.de\\\/de\\\/community\\\/events\\\/\",\"url\":\"https:\\\/\\\/campusfounders.de\\\/de\\\/community\\\/events\\\/\",\"name\":\"Startup and Founder Events - Campus Founders\",\"isPartOf\":{\"@id\":\"https:\\\/\\\/campusfounders.de\\\/de\\\/#website\"},\"primaryImageOfPage\":{\"@id\":\"https:\\\/\\\/campusfounders.de\\\/de\\\/community\\\/events\\\/#primaryimage\"},\"image\":{\"@id\":\"https:\\\/\\\/campusfounders.de\\\/de\\\/community\\\/events\\\/#primaryimage\"},\"thumbnailUrl\":\"https:\\\/\\\/campusfounders.de\\\/wp-content\\\/uploads\\\/2023\\\/02\\\/aif_team_firstbatch_7.jpg\",\"datePublished\":\"2022-02-23T15:44:40+00:00\",\"dateModified\":\"2026-04-21T11:24:29+00:00\",\"description\":\"Nimm an unseren vielf\u00e4ltigen Veranstaltungen teil, um zu lernen und Dich zu vernetzen\",\"breadcrumb\":{\"@id\":\"https:\\\/\\\/campusfounders.de\\\/de\\\/community\\\/events\\\/#breadcrumb\"},\"inLanguage\":\"de\",\"potentialAction\":[{\"@type\":\"ReadAction\",\"target\":[\"https:\\\/\\\/campusfounders.de\\\/de\\\/community\\\/events\\\/\"]}]},{\"@type\":\"ImageObject\",\"inLanguage\":\"de\",\"@id\":\"https:\\\/\\\/campusfounders.de\\\/de\\\/community\\\/events\\\/#primaryimage\",\"url\":\"https:\\\/\\\/campusfounders.de\\\/wp-content\\\/uploads\\\/2023\\\/02\\\/aif_team_firstbatch_7.jpg\",\"contentUrl\":\"https:\\\/\\\/campusfounders.de\\\/wp-content\\\/uploads\\\/2023\\\/02\\\/aif_team_firstbatch_7.jpg\",\"width\":1920,\"height\":1080},{\"@type\":\"BreadcrumbList\",\"@id\":\"https:\\\/\\\/campusfounders.de\\\/de\\\/community\\\/events\\\/#breadcrumb\",\"itemListElement\":[{\"@type\":\"ListItem\",\"position\":1,\"name\":\"Die Campus Founders Community\",\"item\":\"https:\\\/\\\/campusfounders.de\\\/de\\\/community\\\/\"},{\"@type\":\"ListItem\",\"position\":2,\"name\":\"Events\"}]},{\"@type\":\"WebSite\",\"@id\":\"https:\\\/\\\/campusfounders.de\\\/de\\\/#website\",\"url\":\"https:\\\/\\\/campusfounders.de\\\/de\\\/\",\"name\":\"Campus Founders\",\"description\":\"Home Of Entrepreneurs &amp; Innovators\",\"publisher\":{\"@id\":\"https:\\\/\\\/campusfounders.de\\\/de\\\/#organization\"},\"potentialAction\":[{\"@type\":\"SearchAction\",\"target\":{\"@type\":\"EntryPoint\",\"urlTemplate\":\"https:\\\/\\\/campusfounders.de\\\/de\\\/?s={search_term_string}\"},\"query-input\":{\"@type\":\"PropertyValueSpecification\",\"valueRequired\":true,\"valueName\":\"search_term_string\"}}],\"inLanguage\":\"de\"},{\"@type\":\"Organization\",\"@id\":\"https:\\\/\\\/campusfounders.de\\\/de\\\/#organization\",\"name\":\"Campus Founders\",\"url\":\"https:\\\/\\\/campusfounders.de\\\/de\\\/\",\"logo\":{\"@type\":\"ImageObject\",\"inLanguage\":\"de\",\"@id\":\"https:\\\/\\\/campusfounders.de\\\/de\\\/#\\\/schema\\\/logo\\\/image\\\/\",\"url\":\"https:\\\/\\\/campusfounders.de\\\/wp-content\\\/uploads\\\/2021\\\/09\\\/Logo-CMYK-Original.svg\",\"contentUrl\":\"https:\\\/\\\/campusfounders.de\\\/wp-content\\\/uploads\\\/2021\\\/09\\\/Logo-CMYK-Original.svg\",\"width\":1591,\"height\":247,\"caption\":\"Campus Founders\"},\"image\":{\"@id\":\"https:\\\/\\\/campusfounders.de\\\/de\\\/#\\\/schema\\\/logo\\\/image\\\/\"}}]}<\/script>\n<!-- \/ Yoast SEO plugin. -->","yoast_head_json":{"title":"Startup and Founder Events - Campus Founders","description":"Nimm an unseren vielf\u00e4ltigen Veranstaltungen teil, um zu lernen und Dich zu vernetzen","robots":{"index":"index","follow":"follow","max-snippet":"max-snippet:-1","max-image-preview":"max-image-preview:large","max-video-preview":"max-video-preview:-1"},"canonical":"https:\/\/campusfounders.de\/de\/community\/events\/","og_locale":"de_DE","og_type":"article","og_title":"Startup and Founder Events - Campus Founders","og_description":"Nimm an unseren vielf\u00e4ltigen Veranstaltungen teil, um zu lernen und Dich zu vernetzen","og_url":"https:\/\/campusfounders.de\/de\/community\/events\/","og_site_name":"Campus Founders","article_modified_time":"2026-04-21T11:24:29+00:00","og_image":[{"url":"https:\/\/campusfounders.de\/wp-content\/uploads\/2022\/01\/NetworkEvent-2-1024x683.jpg","type":"","width":"","height":""}],"twitter_card":"summary_large_image","twitter_title":"Startup and Founder Events - Campus Founders","twitter_description":"Nimm an unseren vielf\u00e4ltigen Veranstaltungen teil, um zu lernen und Dich zu vernetzen","twitter_image":"https:\/\/campusfounders.de\/wp-content\/uploads\/2022\/01\/NetworkEvent-2-1024x683.jpg","twitter_misc":{"Gesch\u00e4tzte Lesezeit":"3\u00a0Minuten"},"schema":{"@context":"https:\/\/schema.org","@graph":[{"@type":"WebPage","@id":"https:\/\/campusfounders.de\/de\/community\/events\/","url":"https:\/\/campusfounders.de\/de\/community\/events\/","name":"Startup and Founder Events - Campus Founders","isPartOf":{"@id":"https:\/\/campusfounders.de\/de\/#website"},"primaryImageOfPage":{"@id":"https:\/\/campusfounders.de\/de\/community\/events\/#primaryimage"},"image":{"@id":"https:\/\/campusfounders.de\/de\/community\/events\/#primaryimage"},"thumbnailUrl":"https:\/\/campusfounders.de\/wp-content\/uploads\/2023\/02\/aif_team_firstbatch_7.jpg","datePublished":"2022-02-23T15:44:40+00:00","dateModified":"2026-04-21T11:24:29+00:00","description":"Nimm an unseren vielf\u00e4ltigen Veranstaltungen teil, um zu lernen und Dich zu vernetzen","breadcrumb":{"@id":"https:\/\/campusfounders.de\/de\/community\/events\/#breadcrumb"},"inLanguage":"de","potentialAction":[{"@type":"ReadAction","target":["https:\/\/campusfounders.de\/de\/community\/events\/"]}]},{"@type":"ImageObject","inLanguage":"de","@id":"https:\/\/campusfounders.de\/de\/community\/events\/#primaryimage","url":"https:\/\/campusfounders.de\/wp-content\/uploads\/2023\/02\/aif_team_firstbatch_7.jpg","contentUrl":"https:\/\/campusfounders.de\/wp-content\/uploads\/2023\/02\/aif_team_firstbatch_7.jpg","width":1920,"height":1080},{"@type":"BreadcrumbList","@id":"https:\/\/campusfounders.de\/de\/community\/events\/#breadcrumb","itemListElement":[{"@type":"ListItem","position":1,"name":"Die Campus Founders Community","item":"https:\/\/campusfounders.de\/de\/community\/"},{"@type":"ListItem","position":2,"name":"Events"}]},{"@type":"WebSite","@id":"https:\/\/campusfounders.de\/de\/#website","url":"https:\/\/campusfounders.de\/de\/","name":"Campus Founders","description":"Home Of Entrepreneurs &amp; Innovators","publisher":{"@id":"https:\/\/campusfounders.de\/de\/#organization"},"potentialAction":[{"@type":"SearchAction","target":{"@type":"EntryPoint","urlTemplate":"https:\/\/campusfounders.de\/de\/?s={search_term_string}"},"query-input":{"@type":"PropertyValueSpecification","valueRequired":true,"valueName":"search_term_string"}}],"inLanguage":"de"},{"@type":"Organization","@id":"https:\/\/campusfounders.de\/de\/#organization","name":"Campus Founders","url":"https:\/\/campusfounders.de\/de\/","logo":{"@type":"ImageObject","inLanguage":"de","@id":"https:\/\/campusfounders.de\/de\/#\/schema\/logo\/image\/","url":"https:\/\/campusfounders.de\/wp-content\/uploads\/2021\/09\/Logo-CMYK-Original.svg","contentUrl":"https:\/\/campusfounders.de\/wp-content\/uploads\/2021\/09\/Logo-CMYK-Original.svg","width":1591,"height":247,"caption":"Campus Founders"},"image":{"@id":"https:\/\/campusfounders.de\/de\/#\/schema\/logo\/image\/"}}]}},"_links":{"self":[{"href":"https:\/\/campusfounders.de\/de\/wp-json\/wp\/v2\/pages\/12983","targetHints":{"allow":["GET"]}}],"collection":[{"href":"https:\/\/campusfounders.de\/de\/wp-json\/wp\/v2\/pages"}],"about":[{"href":"https:\/\/campusfounders.de\/de\/wp-json\/wp\/v2\/types\/page"}],"author":[{"embeddable":true,"href":"https:\/\/campusfounders.de\/de\/wp-json\/wp\/v2\/users\/5"}],"replies":[{"embeddable":true,"href":"https:\/\/campusfounders.de\/de\/wp-json\/wp\/v2\/comments?post=12983"}],"version-history":[{"count":39,"href":"https:\/\/campusfounders.de\/de\/wp-json\/wp\/v2\/pages\/12983\/revisions"}],"predecessor-version":[{"id":31868,"href":"https:\/\/campusfounders.de\/de\/wp-json\/wp\/v2\/pages\/12983\/revisions\/31868"}],"up":[{"embeddable":true,"href":"https:\/\/campusfounders.de\/de\/wp-json\/wp\/v2\/pages\/23177"}],"wp:featuredmedia":[{"embeddable":true,"href":"https:\/\/campusfounders.de\/de\/wp-json\/wp\/v2\/media\/22612"}],"wp:attachment":[{"href":"https:\/\/campusfounders.de\/de\/wp-json\/wp\/v2\/media?parent=12983"}],"curies":[{"name":"wp","href":"https:\/\/api.w.org\/{rel}","templated":true}]}}