{"id":13081,"date":"2022-02-24T12:33:27","date_gmt":"2022-02-24T11:33:27","guid":{"rendered":"https:\/\/dev.campusfounders.de\/talent\/"},"modified":"2024-03-18T14:34:23","modified_gmt":"2024-03-18T13:34:23","slug":"talent","status":"publish","type":"page","link":"https:\/\/campusfounders.de\/de\/talent\/","title":{"rendered":"Talent"},"content":{"rendered":"\t\t<div data-elementor-type=\"wp-page\" data-elementor-id=\"13081\" class=\"elementor elementor-13081 elementor-9281\" data-elementor-post-type=\"page\">\n\t\t\t\t\t\t<section data-particle_enable=\"false\" data-particle-mobile-disabled=\"false\" class=\"elementor-section elementor-top-section elementor-element elementor-element-c1c1263 bg-mako cf-section cf-hero elementor-section-height-min-height elementor-section-boxed elementor-section-height-default elementor-section-items-middle\" data-id=\"c1c1263\" data-element_type=\"section\" data-e-type=\"section\" data-settings=\"{&quot;background_background&quot;:&quot;classic&quot;}\">\n\t\t\t\t\t\t\t<div class=\"elementor-background-overlay\"><\/div>\n\t\t\t\t\t\t\t<div class=\"elementor-container elementor-column-gap-default\">\n\t\t\t\t\t<div class=\"elementor-column elementor-col-100 elementor-top-column elementor-element elementor-element-c6eef44\" data-id=\"c6eef44\" data-element_type=\"column\" data-e-type=\"column\">\n\t\t\t<div class=\"elementor-widget-wrap elementor-element-populated\">\n\t\t\t\t\t\t<div class=\"elementor-element elementor-element-3786b03 elementor-widget elementor-widget-cf-motto\" data-id=\"3786b03\" data-element_type=\"widget\" data-e-type=\"widget\" data-widget_type=\"cf-motto.default\">\n\t\t\t\t<div class=\"elementor-widget-container\">\n\t\t\t\t\t<style>hr.motto-seperator{width:115px!important; height:4px; border:0;  float:left;} <\/style>\n        <h2 class='motto-title' style='text-align:left'>\n        <hr class='motto-seperator' align=left\/>\n        <div style='clear:both'><span class='motto-accent'>Du kannst <\/span>\n        <span class='motto-rest'> die Zukunft gestalten. <\/span>\n        <\/div>\n        <\/h2>\t\t\t\t<\/div>\n\t\t\t\t<\/div>\n\t\t\t\t<div class=\"elementor-element elementor-element-f5ccc7e elementor-align-left sbtn btn-bluedark elementor-widget elementor-widget-button\" data-id=\"f5ccc7e\" data-element_type=\"widget\" data-e-type=\"widget\" data-widget_type=\"button.default\">\n\t\t\t\t<div class=\"elementor-widget-container\">\n\t\t\t\t\t\t\t\t\t<div class=\"elementor-button-wrapper\">\n\t\t\t\t\t<a class=\"elementor-button elementor-button-link elementor-size-sm\" href=\"#corporate-programs\">\n\t\t\t\t\t\t<span class=\"elementor-button-content-wrapper\">\n\t\t\t\t\t\t\t\t\t<span class=\"elementor-button-text\">Unsere Programme<\/span>\n\t\t\t\t\t<\/span>\n\t\t\t\t\t<\/a>\n\t\t\t\t<\/div>\n\t\t\t\t\t\t\t\t<\/div>\n\t\t\t\t<\/div>\n\t\t\t\t\t<\/div>\n\t\t<\/div>\n\t\t\t\t\t<\/div>\n\t\t<\/section>\n\t\t\t\t<section data-particle_enable=\"false\" data-particle-mobile-disabled=\"false\" class=\"elementor-section elementor-top-section elementor-element elementor-element-f846308 shadower w100 cf-section cf-summary elementor-section-boxed elementor-section-height-default elementor-section-height-default\" data-id=\"f846308\" data-element_type=\"section\" data-e-type=\"section\" data-settings=\"{&quot;background_background&quot;:&quot;classic&quot;}\">\n\t\t\t\t\t\t<div class=\"elementor-container elementor-column-gap-no\">\n\t\t\t\t\t<div class=\"elementor-column elementor-col-100 elementor-top-column elementor-element elementor-element-978c767\" data-id=\"978c767\" data-element_type=\"column\" data-e-type=\"column\" data-settings=\"{&quot;background_background&quot;:&quot;classic&quot;}\">\n\t\t\t<div class=\"elementor-widget-wrap elementor-element-populated\">\n\t\t\t\t\t\t<div class=\"elementor-element elementor-element-70d7ca3 elementor-widget elementor-widget-heading\" data-id=\"70d7ca3\" data-element_type=\"widget\" data-e-type=\"widget\" data-widget_type=\"heading.default\">\n\t\t\t\t<div class=\"elementor-widget-container\">\n\t\t\t\t\t<h2 class=\"elementor-heading-title elementor-size-default\">Wir versorgen dich mit allem was du brauchst, um eine erfolgreiche und werthaltige Zukunft zu gestalten. <\/h2>\t\t\t\t<\/div>\n\t\t\t\t<\/div>\n\t\t\t\t\t<\/div>\n\t\t<\/div>\n\t\t\t\t\t<\/div>\n\t\t<\/section>\n\t\t\t\t<section data-particle_enable=\"false\" data-particle-mobile-disabled=\"false\" class=\"elementor-section elementor-top-section elementor-element elementor-element-926ec76 cf-section cf-desc cf-section-light-first elementor-section-boxed elementor-section-height-default elementor-section-height-default\" data-id=\"926ec76\" data-element_type=\"section\" data-e-type=\"section\" data-settings=\"{&quot;background_background&quot;:&quot;classic&quot;}\">\n\t\t\t\t\t\t<div class=\"elementor-container elementor-column-gap-default\">\n\t\t\t\t\t<div class=\"elementor-column elementor-col-100 elementor-top-column elementor-element elementor-element-703b9b7\" data-id=\"703b9b7\" data-element_type=\"column\" data-e-type=\"column\">\n\t\t\t<div class=\"elementor-widget-wrap elementor-element-populated\">\n\t\t\t\t\t\t<section data-particle_enable=\"false\" data-particle-mobile-disabled=\"false\" class=\"elementor-section elementor-inner-section elementor-element elementor-element-59d5e04 shadower btn-mischka elementor-section-boxed elementor-section-height-default elementor-section-height-default\" data-id=\"59d5e04\" data-element_type=\"section\" data-e-type=\"section\" data-settings=\"{&quot;background_background&quot;:&quot;classic&quot;}\">\n\t\t\t\t\t\t<div class=\"elementor-container elementor-column-gap-wide\">\n\t\t\t\t\t<div class=\"elementor-column elementor-col-100 elementor-inner-column elementor-element elementor-element-6f3d4a9\" data-id=\"6f3d4a9\" data-element_type=\"column\" data-e-type=\"column\">\n\t\t\t<div class=\"elementor-widget-wrap elementor-element-populated\">\n\t\t\t\t\t\t<div class=\"elementor-element elementor-element-ff1c29e elementor-widget elementor-widget-text-editor\" data-id=\"ff1c29e\" data-element_type=\"widget\" data-e-type=\"widget\" data-widget_type=\"text-editor.default\">\n\t\t\t\t<div class=\"elementor-widget-container\">\n\t\t\t\t\t\t\t\t\t<p>Zukunftsmacher*innen aufgepasst. Wir bieten euch einen unkomplizierten Einstieg in die Welt der Innovator:innen, Entrepreneure und Startups.<\/p>\n<p>Du glaubst es gibt Probleme, die es wert sind, gel\u00f6st zu werden? Du besch\u00e4ftigst dich mit neuen Technologien, Trends oder Gesch\u00e4ftsmodellen?<\/p>\n<p>Perfekt! Wir suchen Menschen, die die Zukunft mitgestalten und etwas beitragen wollen.<\/p>\n\t\t\t\t\t\t\t\t<\/div>\n\t\t\t\t<\/div>\n\t\t\t\t<div class=\"elementor-element elementor-element-3453d2c readmoretoggle elementor-widget elementor-widget-toggle\" data-id=\"3453d2c\" data-element_type=\"widget\" data-e-type=\"widget\" data-widget_type=\"toggle.default\">\n\t\t\t\t<div class=\"elementor-widget-container\">\n\t\t\t\t\t\t\t<div class=\"elementor-toggle\">\n\t\t\t\t\t\t\t<div class=\"elementor-toggle-item\">\n\t\t\t\t\t<div id=\"elementor-tab-title-5481\" class=\"elementor-tab-title\" data-tab=\"1\" role=\"button\" aria-controls=\"elementor-tab-content-5481\" aria-expanded=\"false\">\n\t\t\t\t\t\t\t\t\t\t\t\t<a class=\"elementor-toggle-title\" tabindex=\"0\">Weiterlesen<\/a>\n\t\t\t\t\t<\/div>\n\n\t\t\t\t\t<div id=\"elementor-tab-content-5481\" class=\"elementor-tab-content elementor-clearfix\" data-tab=\"1\" role=\"region\" aria-labelledby=\"elementor-tab-title-5481\"><p>In unseren Bildungsprogrammen findest du einen optimalen Einstieg in die Welt der Startups und Innovationen von Morgen. Das ist Inspiration pur. Wir sensibilisieren, inspirieren, wecken Unternehmergeist. Wir bieten eine offene Plattform, um miteinander und voneinander zu lernen. Gru\u0308ndungswillige lernen hier alles, was sie fu\u0308r die Gr\u00fcndung eines erfolgreichen Startups wissen mu\u0308ssen. Doch auch Innovator*innen, die sich fu\u0308r unternehmerische Methoden und Future Skills interessieren, sind hier genau richtig. Methoden wie Lean Startup, Design Thinking und Rapid Prototyping sind die Basis fu\u0308r den Erfolg, ob als Gr\u00fcnder*in oder im Berufsleben.<\/p>\n<p>In Kombination mit Future Skills wie etwa Problemlo\u0308sungskompetenzen und der Vermittlung eines unternehmerisches Mindsets versorgen wir euch mit allem was es f\u00fcr eine erfolgreiche Gr\u00fcndung oder Karriere braucht. Dabei setzen wir auf die perfekte Mischung aus Theorie und Praxis. Nicht lange reden \u2013 Machen ist unsere Devise.<\/p>\n<p>Erfahrene Coaches und Expert*innen begleiten die Teilnehmer*innen. Im Vordergrund steht das Ausprobieren in einem sicheren Umfeld.<\/p>\n<p><strong>So verschwinden \u00c4ngste und Barrieren fallen. Der Weg f\u00fcrs Gr\u00fcnden wird geebnet.<\/strong><\/p>\n<\/div>\n\t\t\t\t<\/div>\n\t\t\t\t\t\t\t\t<\/div>\n\t\t\t\t\t\t<\/div>\n\t\t\t\t<\/div>\n\t\t\t\t\t<\/div>\n\t\t<\/div>\n\t\t\t\t\t<\/div>\n\t\t<\/section>\n\t\t\t\t\t<\/div>\n\t\t<\/div>\n\t\t\t\t\t<\/div>\n\t\t<\/section>\n\t\t\t\t<section data-particle_enable=\"false\" data-particle-mobile-disabled=\"false\" class=\"elementor-section elementor-top-section elementor-element elementor-element-7ec8ee12 elementor-section-content-middle cf-section cf-boxes cf-section-light-last elementor-section-boxed elementor-section-height-default elementor-section-height-default\" data-id=\"7ec8ee12\" data-element_type=\"section\" data-e-type=\"section\" data-settings=\"{&quot;background_background&quot;:&quot;classic&quot;}\">\n\t\t\t\t\t\t<div class=\"elementor-container elementor-column-gap-no\">\n\t\t\t\t\t<div class=\"elementor-column elementor-col-100 elementor-top-column elementor-element elementor-element-4fb18493\" data-id=\"4fb18493\" data-element_type=\"column\" data-e-type=\"column\" id=\"corporate-programs\" data-settings=\"{&quot;background_background&quot;:&quot;classic&quot;}\">\n\t\t\t<div class=\"elementor-widget-wrap elementor-element-populated\">\n\t\t\t\t\t\t<section data-particle_enable=\"false\" data-particle-mobile-disabled=\"false\" class=\"elementor-section elementor-inner-section elementor-element elementor-element-5aa6ef1 elementor-section-height-min-height shadower btn-wattledark elementor-section-content-middle elementor-section-boxed elementor-section-height-default\" data-id=\"5aa6ef1\" data-element_type=\"section\" data-e-type=\"section\" data-settings=\"{&quot;background_background&quot;:&quot;classic&quot;}\">\n\t\t\t\t\t\t<div class=\"elementor-container elementor-column-gap-wide\">\n\t\t\t\t\t<div class=\"elementor-column elementor-col-50 elementor-inner-column elementor-element elementor-element-ff410b2\" data-id=\"ff410b2\" data-element_type=\"column\" data-e-type=\"column\" data-settings=\"{&quot;background_background&quot;:&quot;classic&quot;}\">\n\t\t\t<div class=\"elementor-widget-wrap elementor-element-populated\">\n\t\t\t\t\t\t<div class=\"elementor-element elementor-element-00da819 elementor-widget elementor-widget-icon-box\" data-id=\"00da819\" data-element_type=\"widget\" data-e-type=\"widget\" data-widget_type=\"icon-box.default\">\n\t\t\t\t<div class=\"elementor-widget-container\">\n\t\t\t\t\t\t\t<div class=\"elementor-icon-box-wrapper\">\n\n\t\t\t\n\t\t\t\t\t\t<div class=\"elementor-icon-box-content\">\n\n\t\t\t\t\t\t\t\t\t<h3 class=\"elementor-icon-box-title\">\n\t\t\t\t\t\t<a href=\"https:\/\/campusfounders.de\/de\/talent\/corporate-campus-challenge\/\" >\n\t\t\t\t\t\t\tCorporate Campus Challenge\t\t\t\t\t\t<\/a>\n\t\t\t\t\t<\/h3>\n\t\t\t\t\n\t\t\t\t\t\t\t\t\t<p class=\"elementor-icon-box-description\">\n\t\t\t\t\t\tMache den ersten Schritt in deine unternehmerische Reise!\r\n<br \/><span class=\"text-bluedark\"><strong> Mehr erfahren<\/strong> <i class='fa fa-angle-double-right'><\/i><\/span>\t\t\t\t\t<\/p>\n\t\t\t\t\n\t\t\t<\/div>\n\t\t\t\n\t\t<\/div>\n\t\t\t\t\t\t<\/div>\n\t\t\t\t<\/div>\n\t\t\t\t<div class=\"elementor-element elementor-element-590501e elementor-widget elementor-widget-icon-box\" data-id=\"590501e\" data-element_type=\"widget\" data-e-type=\"widget\" data-widget_type=\"icon-box.default\">\n\t\t\t\t<div class=\"elementor-widget-container\">\n\t\t\t\t\t\t\t<div class=\"elementor-icon-box-wrapper\">\n\n\t\t\t\n\t\t\t\t\t\t<div class=\"elementor-icon-box-content\">\n\n\t\t\t\t\t\t\t\t\t<h3 class=\"elementor-icon-box-title\">\n\t\t\t\t\t\t<a href=\"https:\/\/campusfounders.de\/de\/talent\/ai-start\/\" >\n\t\t\t\t\t\t\tAI Start\t\t\t\t\t\t<\/a>\n\t\t\t\t\t<\/h3>\n\t\t\t\t\n\t\t\t\t\t\t\t\t\t<p class=\"elementor-icon-box-description\">\n\t\t\t\t\t\tEntwickle Deine KI-Gesch\u00e4ftsidee in nur 4 Wochen.\r\n<br \/><span class=\"text-bluedark\"><strong> Mehr erfahren<\/strong> <i class='fa fa-angle-double-right'><\/i><\/span>\t\t\t\t\t<\/p>\n\t\t\t\t\n\t\t\t<\/div>\n\t\t\t\n\t\t<\/div>\n\t\t\t\t\t\t<\/div>\n\t\t\t\t<\/div>\n\t\t\t\t<div class=\"elementor-element elementor-element-080cdc4 elementor-widget elementor-widget-icon-box\" data-id=\"080cdc4\" data-element_type=\"widget\" data-e-type=\"widget\" data-widget_type=\"icon-box.default\">\n\t\t\t\t<div class=\"elementor-widget-container\">\n\t\t\t\t\t\t\t<div class=\"elementor-icon-box-wrapper\">\n\n\t\t\t\n\t\t\t\t\t\t<div class=\"elementor-icon-box-content\">\n\n\t\t\t\t\t\t\t\t\t<h3 class=\"elementor-icon-box-title\">\n\t\t\t\t\t\t<a href=\"https:\/\/campusfounders.de\/de\/talent\/incubator\/\" >\n\t\t\t\t\t\t\tIncubator\t\t\t\t\t\t<\/a>\n\t\t\t\t\t<\/h3>\n\t\t\t\t\n\t\t\t\t\t\t\t\t\t<p class=\"elementor-icon-box-description\">\n\t\t\t\t\t\tBuild, learn, iterate.\r\n<br \/><span class=\"text-bluedark\"><strong> Learn more<\/strong> <i class='fa fa-angle-double-right'><\/i><\/span>\t\t\t\t\t<\/p>\n\t\t\t\t\n\t\t\t<\/div>\n\t\t\t\n\t\t<\/div>\n\t\t\t\t\t\t<\/div>\n\t\t\t\t<\/div>\n\t\t\t\t\t<\/div>\n\t\t<\/div>\n\t\t\t\t<div class=\"elementor-column elementor-col-50 elementor-inner-column elementor-element elementor-element-7ece8f4\" data-id=\"7ece8f4\" data-element_type=\"column\" data-e-type=\"column\" data-settings=\"{&quot;background_background&quot;:&quot;classic&quot;}\">\n\t\t\t<div class=\"elementor-widget-wrap elementor-element-populated\">\n\t\t\t\t\t\t<div class=\"elementor-element elementor-element-103f32d elementor-widget__width-auto elementor-widget elementor-widget-image\" data-id=\"103f32d\" data-element_type=\"widget\" data-e-type=\"widget\" data-widget_type=\"image.default\">\n\t\t\t\t<div class=\"elementor-widget-container\">\n\t\t\t\t\t\t\t\t\t\t\t\t\t\t\t<img fetchpriority=\"high\" decoding=\"async\" width=\"1855\" height=\"1236\" src=\"https:\/\/campusfounders.de\/wp-content\/uploads\/2022\/02\/ccc_5.jpg\" class=\"attachment-full size-full wp-image-9369\" alt=\"\" srcset=\"https:\/\/campusfounders.de\/wp-content\/uploads\/2022\/02\/ccc_5.jpg 1855w, https:\/\/campusfounders.de\/wp-content\/uploads\/2022\/02\/ccc_5-300x200.jpg 300w, https:\/\/campusfounders.de\/wp-content\/uploads\/2022\/02\/ccc_5-1024x682.jpg 1024w, https:\/\/campusfounders.de\/wp-content\/uploads\/2022\/02\/ccc_5-768x512.jpg 768w, https:\/\/campusfounders.de\/wp-content\/uploads\/2022\/02\/ccc_5-1536x1023.jpg 1536w\" sizes=\"(max-width: 1855px) 100vw, 1855px\" \/>\t\t\t\t\t\t\t\t\t\t\t\t\t\t\t<\/div>\n\t\t\t\t<\/div>\n\t\t\t\t\t<\/div>\n\t\t<\/div>\n\t\t\t\t\t<\/div>\n\t\t<\/section>\n\t\t\t\t\t<\/div>\n\t\t<\/div>\n\t\t\t\t\t<\/div>\n\t\t<\/section>\n\t\t\t\t<\/div>\n\t\t","protected":false},"excerpt":{"rendered":"<p>Du kannst die Zukunft gestalten. Unsere Programme Wir versorgen dich mit allem was du brauchst, um eine erfolgreiche und werthaltige Zukunft zu gestalten. Zukunftsmacher*innen aufgepasst. Wir bieten euch einen unkomplizierten Einstieg in die Welt der Innovator:innen, Entrepreneure und Startups. Du glaubst es gibt Probleme, die es wert sind, gel\u00f6st zu werden? Du besch\u00e4ftigst dich mit [&hellip;]<\/p>\n","protected":false},"author":5,"featured_media":0,"parent":0,"menu_order":0,"comment_status":"closed","ping_status":"closed","template":"","meta":{"inline_featured_image":false,"footnotes":""},"class_list":["post-13081","page","type-page","status-publish","hentry"],"yoast_head":"<!-- This site is optimized with the Yoast SEO plugin v27.4 - https:\/\/yoast.com\/product\/yoast-seo-wordpress\/ -->\n<title>Talent - Campus Founders<\/title>\n<meta name=\"robots\" content=\"index, follow, max-snippet:-1, max-image-preview:large, max-video-preview:-1\" \/>\n<link rel=\"canonical\" href=\"https:\/\/campusfounders.de\/de\/talent\/\" \/>\n<meta property=\"og:locale\" content=\"de_DE\" \/>\n<meta property=\"og:type\" content=\"article\" \/>\n<meta property=\"og:title\" content=\"Talent - Campus Founders\" \/>\n<meta property=\"og:description\" content=\"Du kannst die Zukunft gestalten. Unsere Programme Wir versorgen dich mit allem was du brauchst, um eine erfolgreiche und werthaltige Zukunft zu gestalten. Zukunftsmacher*innen aufgepasst. Wir bieten euch einen unkomplizierten Einstieg in die Welt der Innovator:innen, Entrepreneure und Startups. Du glaubst es gibt Probleme, die es wert sind, gel\u00f6st zu werden? Du besch\u00e4ftigst dich mit [&hellip;]\" \/>\n<meta property=\"og:url\" content=\"https:\/\/campusfounders.de\/de\/talent\/\" \/>\n<meta property=\"og:site_name\" content=\"Campus Founders\" \/>\n<meta property=\"article:modified_time\" content=\"2024-03-18T13:34:23+00:00\" \/>\n<meta property=\"og:image\" content=\"https:\/\/campusfounders.de\/wp-content\/uploads\/2022\/02\/ccc_5.jpg\" \/>\n<meta name=\"twitter:card\" content=\"summary_large_image\" \/>\n<meta name=\"twitter:label1\" content=\"Gesch\u00e4tzte Lesezeit\" \/>\n\t<meta name=\"twitter:data1\" content=\"1\u00a0Minute\" \/>\n<script type=\"application\/ld+json\" class=\"yoast-schema-graph\">{\"@context\":\"https:\\\/\\\/schema.org\",\"@graph\":[{\"@type\":\"WebPage\",\"@id\":\"https:\\\/\\\/campusfounders.de\\\/de\\\/talent\\\/\",\"url\":\"https:\\\/\\\/campusfounders.de\\\/de\\\/talent\\\/\",\"name\":\"Talent - Campus Founders\",\"isPartOf\":{\"@id\":\"https:\\\/\\\/campusfounders.de\\\/de\\\/#website\"},\"primaryImageOfPage\":{\"@id\":\"https:\\\/\\\/campusfounders.de\\\/de\\\/talent\\\/#primaryimage\"},\"image\":{\"@id\":\"https:\\\/\\\/campusfounders.de\\\/de\\\/talent\\\/#primaryimage\"},\"thumbnailUrl\":\"https:\\\/\\\/campusfounders.de\\\/wp-content\\\/uploads\\\/2022\\\/02\\\/ccc_5.jpg\",\"datePublished\":\"2022-02-24T11:33:27+00:00\",\"dateModified\":\"2024-03-18T13:34:23+00:00\",\"inLanguage\":\"de\",\"potentialAction\":[{\"@type\":\"ReadAction\",\"target\":[\"https:\\\/\\\/campusfounders.de\\\/de\\\/talent\\\/\"]}]},{\"@type\":\"ImageObject\",\"inLanguage\":\"de\",\"@id\":\"https:\\\/\\\/campusfounders.de\\\/de\\\/talent\\\/#primaryimage\",\"url\":\"https:\\\/\\\/campusfounders.de\\\/wp-content\\\/uploads\\\/2022\\\/02\\\/ccc_5.jpg\",\"contentUrl\":\"https:\\\/\\\/campusfounders.de\\\/wp-content\\\/uploads\\\/2022\\\/02\\\/ccc_5.jpg\"},{\"@type\":\"WebSite\",\"@id\":\"https:\\\/\\\/campusfounders.de\\\/de\\\/#website\",\"url\":\"https:\\\/\\\/campusfounders.de\\\/de\\\/\",\"name\":\"Campus Founders\",\"description\":\"Home Of Entrepreneurs &amp; Innovators\",\"publisher\":{\"@id\":\"https:\\\/\\\/campusfounders.de\\\/de\\\/#organization\"},\"potentialAction\":[{\"@type\":\"SearchAction\",\"target\":{\"@type\":\"EntryPoint\",\"urlTemplate\":\"https:\\\/\\\/campusfounders.de\\\/de\\\/?s={search_term_string}\"},\"query-input\":{\"@type\":\"PropertyValueSpecification\",\"valueRequired\":true,\"valueName\":\"search_term_string\"}}],\"inLanguage\":\"de\"},{\"@type\":\"Organization\",\"@id\":\"https:\\\/\\\/campusfounders.de\\\/de\\\/#organization\",\"name\":\"Campus Founders\",\"url\":\"https:\\\/\\\/campusfounders.de\\\/de\\\/\",\"logo\":{\"@type\":\"ImageObject\",\"inLanguage\":\"de\",\"@id\":\"https:\\\/\\\/campusfounders.de\\\/de\\\/#\\\/schema\\\/logo\\\/image\\\/\",\"url\":\"https:\\\/\\\/campusfounders.de\\\/wp-content\\\/uploads\\\/2021\\\/09\\\/Logo-CMYK-Original.svg\",\"contentUrl\":\"https:\\\/\\\/campusfounders.de\\\/wp-content\\\/uploads\\\/2021\\\/09\\\/Logo-CMYK-Original.svg\",\"width\":1591,\"height\":247,\"caption\":\"Campus Founders\"},\"image\":{\"@id\":\"https:\\\/\\\/campusfounders.de\\\/de\\\/#\\\/schema\\\/logo\\\/image\\\/\"}}]}<\/script>\n<!-- \/ Yoast SEO plugin. -->","yoast_head_json":{"title":"Talent - Campus Founders","robots":{"index":"index","follow":"follow","max-snippet":"max-snippet:-1","max-image-preview":"max-image-preview:large","max-video-preview":"max-video-preview:-1"},"canonical":"https:\/\/campusfounders.de\/de\/talent\/","og_locale":"de_DE","og_type":"article","og_title":"Talent - Campus Founders","og_description":"Du kannst die Zukunft gestalten. Unsere Programme Wir versorgen dich mit allem was du brauchst, um eine erfolgreiche und werthaltige Zukunft zu gestalten. Zukunftsmacher*innen aufgepasst. Wir bieten euch einen unkomplizierten Einstieg in die Welt der Innovator:innen, Entrepreneure und Startups. Du glaubst es gibt Probleme, die es wert sind, gel\u00f6st zu werden? Du besch\u00e4ftigst dich mit [&hellip;]","og_url":"https:\/\/campusfounders.de\/de\/talent\/","og_site_name":"Campus Founders","article_modified_time":"2024-03-18T13:34:23+00:00","og_image":[{"url":"https:\/\/campusfounders.de\/wp-content\/uploads\/2022\/02\/ccc_5.jpg","type":"","width":"","height":""}],"twitter_card":"summary_large_image","twitter_misc":{"Gesch\u00e4tzte Lesezeit":"1\u00a0Minute"},"schema":{"@context":"https:\/\/schema.org","@graph":[{"@type":"WebPage","@id":"https:\/\/campusfounders.de\/de\/talent\/","url":"https:\/\/campusfounders.de\/de\/talent\/","name":"Talent - Campus Founders","isPartOf":{"@id":"https:\/\/campusfounders.de\/de\/#website"},"primaryImageOfPage":{"@id":"https:\/\/campusfounders.de\/de\/talent\/#primaryimage"},"image":{"@id":"https:\/\/campusfounders.de\/de\/talent\/#primaryimage"},"thumbnailUrl":"https:\/\/campusfounders.de\/wp-content\/uploads\/2022\/02\/ccc_5.jpg","datePublished":"2022-02-24T11:33:27+00:00","dateModified":"2024-03-18T13:34:23+00:00","inLanguage":"de","potentialAction":[{"@type":"ReadAction","target":["https:\/\/campusfounders.de\/de\/talent\/"]}]},{"@type":"ImageObject","inLanguage":"de","@id":"https:\/\/campusfounders.de\/de\/talent\/#primaryimage","url":"https:\/\/campusfounders.de\/wp-content\/uploads\/2022\/02\/ccc_5.jpg","contentUrl":"https:\/\/campusfounders.de\/wp-content\/uploads\/2022\/02\/ccc_5.jpg"},{"@type":"WebSite","@id":"https:\/\/campusfounders.de\/de\/#website","url":"https:\/\/campusfounders.de\/de\/","name":"Campus Founders","description":"Home Of Entrepreneurs &amp; Innovators","publisher":{"@id":"https:\/\/campusfounders.de\/de\/#organization"},"potentialAction":[{"@type":"SearchAction","target":{"@type":"EntryPoint","urlTemplate":"https:\/\/campusfounders.de\/de\/?s={search_term_string}"},"query-input":{"@type":"PropertyValueSpecification","valueRequired":true,"valueName":"search_term_string"}}],"inLanguage":"de"},{"@type":"Organization","@id":"https:\/\/campusfounders.de\/de\/#organization","name":"Campus Founders","url":"https:\/\/campusfounders.de\/de\/","logo":{"@type":"ImageObject","inLanguage":"de","@id":"https:\/\/campusfounders.de\/de\/#\/schema\/logo\/image\/","url":"https:\/\/campusfounders.de\/wp-content\/uploads\/2021\/09\/Logo-CMYK-Original.svg","contentUrl":"https:\/\/campusfounders.de\/wp-content\/uploads\/2021\/09\/Logo-CMYK-Original.svg","width":1591,"height":247,"caption":"Campus Founders"},"image":{"@id":"https:\/\/campusfounders.de\/de\/#\/schema\/logo\/image\/"}}]}},"_links":{"self":[{"href":"https:\/\/campusfounders.de\/de\/wp-json\/wp\/v2\/pages\/13081","targetHints":{"allow":["GET"]}}],"collection":[{"href":"https:\/\/campusfounders.de\/de\/wp-json\/wp\/v2\/pages"}],"about":[{"href":"https:\/\/campusfounders.de\/de\/wp-json\/wp\/v2\/types\/page"}],"author":[{"embeddable":true,"href":"https:\/\/campusfounders.de\/de\/wp-json\/wp\/v2\/users\/5"}],"replies":[{"embeddable":true,"href":"https:\/\/campusfounders.de\/de\/wp-json\/wp\/v2\/comments?post=13081"}],"version-history":[{"count":40,"href":"https:\/\/campusfounders.de\/de\/wp-json\/wp\/v2\/pages\/13081\/revisions"}],"predecessor-version":[{"id":27516,"href":"https:\/\/campusfounders.de\/de\/wp-json\/wp\/v2\/pages\/13081\/revisions\/27516"}],"wp:attachment":[{"href":"https:\/\/campusfounders.de\/de\/wp-json\/wp\/v2\/media?parent=13081"}],"curies":[{"name":"wp","href":"https:\/\/api.w.org\/{rel}","templated":true}]}}