{"id":13423,"date":"2022-02-27T12:14:58","date_gmt":"2022-02-27T11:14:58","guid":{"rendered":"https:\/\/dev.campusfounders.de\/impressium\/"},"modified":"2025-11-21T16:02:46","modified_gmt":"2025-11-21T15:02:46","slug":"impressum","status":"publish","type":"page","link":"https:\/\/campusfounders.de\/de\/impressum\/","title":{"rendered":"Impressum"},"content":{"rendered":"\t\t<div data-elementor-type=\"wp-page\" data-elementor-id=\"13423\" class=\"elementor elementor-13423 elementor-4046\" data-elementor-post-type=\"page\">\n\t\t\t\t\t\t<section data-particle_enable=\"false\" data-particle-mobile-disabled=\"false\" class=\"elementor-section elementor-top-section elementor-element elementor-element-fef47b5 bg-mako cf-section cf-hero elementor-section-height-min-height elementor-section-boxed elementor-section-height-default elementor-section-items-middle\" data-id=\"fef47b5\" data-element_type=\"section\" data-e-type=\"section\" data-settings=\"{&quot;background_background&quot;:&quot;classic&quot;}\">\n\t\t\t\t\t\t\t<div class=\"elementor-background-overlay\"><\/div>\n\t\t\t\t\t\t\t<div class=\"elementor-container elementor-column-gap-default\">\n\t\t\t\t\t<div class=\"elementor-column elementor-col-100 elementor-top-column elementor-element elementor-element-2effb46\" data-id=\"2effb46\" data-element_type=\"column\" data-e-type=\"column\">\n\t\t\t<div class=\"elementor-widget-wrap elementor-element-populated\">\n\t\t\t\t\t\t<div class=\"elementor-element elementor-element-de90da1 elementor-widget elementor-widget-cf-motto\" data-id=\"de90da1\" data-element_type=\"widget\" data-e-type=\"widget\" data-widget_type=\"cf-motto.default\">\n\t\t\t\t<div class=\"elementor-widget-container\">\n\t\t\t\t\t<style>hr.motto-seperator{width:115px!important; height:4px; border:0;  float:left;} <\/style>\n        <h2 class='motto-title' style='text-align:left'>\n        <hr class='motto-seperator' align=left\/>\n        <div style='clear:both'><span class='motto-accent'>Impressum <\/span>\n        <span class='motto-rest'> <\/span>\n        <\/div>\n        <\/h2>\t\t\t\t<\/div>\n\t\t\t\t<\/div>\n\t\t\t\t\t<\/div>\n\t\t<\/div>\n\t\t\t\t\t<\/div>\n\t\t<\/section>\n\t\t\t\t<section data-particle_enable=\"false\" data-particle-mobile-disabled=\"false\" class=\"elementor-section elementor-top-section elementor-element elementor-element-0e9a1e7 shadower w100 cf-section cf-summary elementor-section-boxed elementor-section-height-default elementor-section-height-default\" data-id=\"0e9a1e7\" data-element_type=\"section\" data-e-type=\"section\" data-settings=\"{&quot;background_background&quot;:&quot;classic&quot;}\">\n\t\t\t\t\t\t<div class=\"elementor-container elementor-column-gap-no\">\n\t\t\t\t\t<div class=\"elementor-column elementor-col-100 elementor-top-column elementor-element elementor-element-ee6a650\" data-id=\"ee6a650\" data-element_type=\"column\" data-e-type=\"column\" data-settings=\"{&quot;background_background&quot;:&quot;classic&quot;}\">\n\t\t\t<div class=\"elementor-widget-wrap elementor-element-populated\">\n\t\t\t\t\t\t<div class=\"elementor-element elementor-element-77b81b2 elementor-widget elementor-widget-heading\" data-id=\"77b81b2\" data-element_type=\"widget\" data-e-type=\"widget\" data-widget_type=\"heading.default\">\n\t\t\t\t<div class=\"elementor-widget-container\">\n\t\t\t\t\t<h2 class=\"elementor-heading-title elementor-size-default\"><a href=\"\/\">\u00ab HOME<\/a><\/h2>\t\t\t\t<\/div>\n\t\t\t\t<\/div>\n\t\t\t\t\t<\/div>\n\t\t<\/div>\n\t\t\t\t\t<\/div>\n\t\t<\/section>\n\t\t\t\t<section data-particle_enable=\"false\" data-particle-mobile-disabled=\"false\" class=\"elementor-section elementor-top-section elementor-element elementor-element-c02e79a cf-section cf-desc cf-section-light-last cf-section-light-first elementor-section-boxed elementor-section-height-default elementor-section-height-default\" data-id=\"c02e79a\" data-element_type=\"section\" data-e-type=\"section\" data-settings=\"{&quot;background_background&quot;:&quot;classic&quot;}\">\n\t\t\t\t\t\t<div class=\"elementor-container elementor-column-gap-default\">\n\t\t\t\t\t<div class=\"elementor-column elementor-col-100 elementor-top-column elementor-element elementor-element-582088e\" data-id=\"582088e\" data-element_type=\"column\" data-e-type=\"column\">\n\t\t\t<div class=\"elementor-widget-wrap elementor-element-populated\">\n\t\t\t\t\t\t<div class=\"elementor-element elementor-element-fc07c6e elementor-widget elementor-widget-text-editor\" data-id=\"fc07c6e\" data-element_type=\"widget\" data-e-type=\"widget\" data-widget_type=\"text-editor.default\">\n\t\t\t\t<div class=\"elementor-widget-container\">\n\t\t\t\t\t\t\t\t\t<p>Campus Founders versteht sich als Zentrum f\u00fcr Unternehmertum und Co-Innovation und besteht aus zwei Rechtsformen, die beide diese Website f\u00fcr ihre T\u00e4tigkeiten nutzen: der Campus Founders gGmbH und der Campus Founders Ventures GmbH.<\/p>\n<p><strong><br \/>\nCAMPUS FOUNDERS VENTURES GmbH<\/strong><br \/>Bildungscampus 11<br \/>D \u2013 74076 Heilbronn<br \/>CEO \/ Managing Director: Oliver Hanisch<\/p>\n<p>Amtsgericht Stuttgart<br \/>Handelsregister: HRB781453<br \/>Steuernummer: DE348514037<\/p>\n<p><b>CAMPUS FOUNDERS gGmbH<br \/>\n<\/b>Bildungscampus 11<br \/>D \u2013 74076 Heilbronn<\/p>\n<p>CEO \/ Managing Director: Oliver Hanisch<\/p>\n<p>Amtsgericht Stuttgart<br \/>Handelsregister: HRB766846<\/p>\n<p>Steuernummer: DE323857992<\/p>\n<p>Mail:\u00a0<strong><a href=\"mailto:info@campusfounders.de\">info@campusfounders.de<\/a>\u00a0<\/strong><\/p>\n<p>Website:\u00a0<strong><a href=\"https:\/\/www.campusfounders.de\/\">www.campusfounders.de<\/a><\/strong><\/p>\n\t\t\t\t\t\t\t\t<\/div>\n\t\t\t\t<\/div>\n\t\t\t\t<div class=\"elementor-element elementor-element-9620051 elementor-widget elementor-widget-text-editor\" data-id=\"9620051\" data-element_type=\"widget\" data-e-type=\"widget\" data-widget_type=\"text-editor.default\">\n\t\t\t\t<div class=\"elementor-widget-container\">\n\t\t\t\t\t\t\t\t\t<p>EU-STREITSCHLICHTUNG<br \/>Die Europ\u00e4ische Kommission bietet eine Plattform f\u00fcr die Online-Streitbeilegung (ODR): <a href=\"https:\/\/ec.europa.eu\/consumers\/odr\" target=\"_blank\" rel=\"noopener\">https:\/\/ec.europa.eu\/consumers\/odr<\/a><\/p>\n\t\t\t\t\t\t\t\t<\/div>\n\t\t\t\t<\/div>\n\t\t\t\t\t<\/div>\n\t\t<\/div>\n\t\t\t\t\t<\/div>\n\t\t<\/section>\n\t\t\t\t<\/div>\n\t\t","protected":false},"excerpt":{"rendered":"<p>Impressum \u00ab HOME Campus Founders versteht sich als Zentrum f\u00fcr Unternehmertum und Co-Innovation und besteht aus zwei Rechtsformen, die beide diese Website f\u00fcr ihre T\u00e4tigkeiten nutzen: der Campus Founders gGmbH und der Campus Founders Ventures GmbH. CAMPUS FOUNDERS VENTURES GmbHBildungscampus 11D \u2013 74076 HeilbronnCEO \/ Managing Director: Oliver Hanisch Amtsgericht StuttgartHandelsregister: HRB781453Steuernummer: DE348514037 CAMPUS FOUNDERS [&hellip;]<\/p>\n","protected":false},"author":5,"featured_media":0,"parent":0,"menu_order":0,"comment_status":"closed","ping_status":"closed","template":"","meta":{"inline_featured_image":false,"footnotes":""},"class_list":["post-13423","page","type-page","status-publish","hentry"],"yoast_head":"<!-- This site is optimized with the Yoast SEO plugin v27.4 - https:\/\/yoast.com\/product\/yoast-seo-wordpress\/ -->\n<title>Impressum - Campus Founders<\/title>\n<meta name=\"robots\" content=\"index, follow, max-snippet:-1, max-image-preview:large, max-video-preview:-1\" \/>\n<link rel=\"canonical\" href=\"https:\/\/campusfounders.de\/de\/impressum\/\" \/>\n<meta property=\"og:locale\" content=\"de_DE\" \/>\n<meta property=\"og:type\" content=\"article\" \/>\n<meta property=\"og:title\" content=\"Impressum - Campus Founders\" \/>\n<meta property=\"og:description\" content=\"Impressum \u00ab HOME Campus Founders versteht sich als Zentrum f\u00fcr Unternehmertum und Co-Innovation und besteht aus zwei Rechtsformen, die beide diese Website f\u00fcr ihre T\u00e4tigkeiten nutzen: der Campus Founders gGmbH und der Campus Founders Ventures GmbH. CAMPUS FOUNDERS VENTURES GmbHBildungscampus 11D \u2013 74076 HeilbronnCEO \/ Managing Director: Oliver Hanisch Amtsgericht StuttgartHandelsregister: HRB781453Steuernummer: DE348514037 CAMPUS FOUNDERS [&hellip;]\" \/>\n<meta property=\"og:url\" content=\"https:\/\/campusfounders.de\/de\/impressum\/\" \/>\n<meta property=\"og:site_name\" content=\"Campus Founders\" \/>\n<meta property=\"article:modified_time\" content=\"2025-11-21T15:02:46+00:00\" \/>\n<meta name=\"twitter:card\" content=\"summary_large_image\" \/>\n<script type=\"application\/ld+json\" class=\"yoast-schema-graph\">{\"@context\":\"https:\\\/\\\/schema.org\",\"@graph\":[{\"@type\":\"WebPage\",\"@id\":\"https:\\\/\\\/campusfounders.de\\\/de\\\/impressum\\\/\",\"url\":\"https:\\\/\\\/campusfounders.de\\\/de\\\/impressum\\\/\",\"name\":\"Impressum - Campus Founders\",\"isPartOf\":{\"@id\":\"https:\\\/\\\/campusfounders.de\\\/de\\\/#website\"},\"datePublished\":\"2022-02-27T11:14:58+00:00\",\"dateModified\":\"2025-11-21T15:02:46+00:00\",\"inLanguage\":\"de\",\"potentialAction\":[{\"@type\":\"ReadAction\",\"target\":[\"https:\\\/\\\/campusfounders.de\\\/de\\\/impressum\\\/\"]}]},{\"@type\":\"WebSite\",\"@id\":\"https:\\\/\\\/campusfounders.de\\\/de\\\/#website\",\"url\":\"https:\\\/\\\/campusfounders.de\\\/de\\\/\",\"name\":\"Campus Founders\",\"description\":\"Home Of Entrepreneurs &amp; Innovators\",\"publisher\":{\"@id\":\"https:\\\/\\\/campusfounders.de\\\/de\\\/#organization\"},\"potentialAction\":[{\"@type\":\"SearchAction\",\"target\":{\"@type\":\"EntryPoint\",\"urlTemplate\":\"https:\\\/\\\/campusfounders.de\\\/de\\\/?s={search_term_string}\"},\"query-input\":{\"@type\":\"PropertyValueSpecification\",\"valueRequired\":true,\"valueName\":\"search_term_string\"}}],\"inLanguage\":\"de\"},{\"@type\":\"Organization\",\"@id\":\"https:\\\/\\\/campusfounders.de\\\/de\\\/#organization\",\"name\":\"Campus Founders\",\"url\":\"https:\\\/\\\/campusfounders.de\\\/de\\\/\",\"logo\":{\"@type\":\"ImageObject\",\"inLanguage\":\"de\",\"@id\":\"https:\\\/\\\/campusfounders.de\\\/de\\\/#\\\/schema\\\/logo\\\/image\\\/\",\"url\":\"https:\\\/\\\/campusfounders.de\\\/wp-content\\\/uploads\\\/2021\\\/09\\\/Logo-CMYK-Original.svg\",\"contentUrl\":\"https:\\\/\\\/campusfounders.de\\\/wp-content\\\/uploads\\\/2021\\\/09\\\/Logo-CMYK-Original.svg\",\"width\":1591,\"height\":247,\"caption\":\"Campus Founders\"},\"image\":{\"@id\":\"https:\\\/\\\/campusfounders.de\\\/de\\\/#\\\/schema\\\/logo\\\/image\\\/\"}}]}<\/script>\n<!-- \/ Yoast SEO plugin. -->","yoast_head_json":{"title":"Impressum - Campus Founders","robots":{"index":"index","follow":"follow","max-snippet":"max-snippet:-1","max-image-preview":"max-image-preview:large","max-video-preview":"max-video-preview:-1"},"canonical":"https:\/\/campusfounders.de\/de\/impressum\/","og_locale":"de_DE","og_type":"article","og_title":"Impressum - Campus Founders","og_description":"Impressum \u00ab HOME Campus Founders versteht sich als Zentrum f\u00fcr Unternehmertum und Co-Innovation und besteht aus zwei Rechtsformen, die beide diese Website f\u00fcr ihre T\u00e4tigkeiten nutzen: der Campus Founders gGmbH und der Campus Founders Ventures GmbH. CAMPUS FOUNDERS VENTURES GmbHBildungscampus 11D \u2013 74076 HeilbronnCEO \/ Managing Director: Oliver Hanisch Amtsgericht StuttgartHandelsregister: HRB781453Steuernummer: DE348514037 CAMPUS FOUNDERS [&hellip;]","og_url":"https:\/\/campusfounders.de\/de\/impressum\/","og_site_name":"Campus Founders","article_modified_time":"2025-11-21T15:02:46+00:00","twitter_card":"summary_large_image","schema":{"@context":"https:\/\/schema.org","@graph":[{"@type":"WebPage","@id":"https:\/\/campusfounders.de\/de\/impressum\/","url":"https:\/\/campusfounders.de\/de\/impressum\/","name":"Impressum - Campus Founders","isPartOf":{"@id":"https:\/\/campusfounders.de\/de\/#website"},"datePublished":"2022-02-27T11:14:58+00:00","dateModified":"2025-11-21T15:02:46+00:00","inLanguage":"de","potentialAction":[{"@type":"ReadAction","target":["https:\/\/campusfounders.de\/de\/impressum\/"]}]},{"@type":"WebSite","@id":"https:\/\/campusfounders.de\/de\/#website","url":"https:\/\/campusfounders.de\/de\/","name":"Campus Founders","description":"Home Of Entrepreneurs &amp; Innovators","publisher":{"@id":"https:\/\/campusfounders.de\/de\/#organization"},"potentialAction":[{"@type":"SearchAction","target":{"@type":"EntryPoint","urlTemplate":"https:\/\/campusfounders.de\/de\/?s={search_term_string}"},"query-input":{"@type":"PropertyValueSpecification","valueRequired":true,"valueName":"search_term_string"}}],"inLanguage":"de"},{"@type":"Organization","@id":"https:\/\/campusfounders.de\/de\/#organization","name":"Campus Founders","url":"https:\/\/campusfounders.de\/de\/","logo":{"@type":"ImageObject","inLanguage":"de","@id":"https:\/\/campusfounders.de\/de\/#\/schema\/logo\/image\/","url":"https:\/\/campusfounders.de\/wp-content\/uploads\/2021\/09\/Logo-CMYK-Original.svg","contentUrl":"https:\/\/campusfounders.de\/wp-content\/uploads\/2021\/09\/Logo-CMYK-Original.svg","width":1591,"height":247,"caption":"Campus Founders"},"image":{"@id":"https:\/\/campusfounders.de\/de\/#\/schema\/logo\/image\/"}}]}},"_links":{"self":[{"href":"https:\/\/campusfounders.de\/de\/wp-json\/wp\/v2\/pages\/13423","targetHints":{"allow":["GET"]}}],"collection":[{"href":"https:\/\/campusfounders.de\/de\/wp-json\/wp\/v2\/pages"}],"about":[{"href":"https:\/\/campusfounders.de\/de\/wp-json\/wp\/v2\/types\/page"}],"author":[{"embeddable":true,"href":"https:\/\/campusfounders.de\/de\/wp-json\/wp\/v2\/users\/5"}],"replies":[{"embeddable":true,"href":"https:\/\/campusfounders.de\/de\/wp-json\/wp\/v2\/comments?post=13423"}],"version-history":[{"count":8,"href":"https:\/\/campusfounders.de\/de\/wp-json\/wp\/v2\/pages\/13423\/revisions"}],"predecessor-version":[{"id":31200,"href":"https:\/\/campusfounders.de\/de\/wp-json\/wp\/v2\/pages\/13423\/revisions\/31200"}],"wp:attachment":[{"href":"https:\/\/campusfounders.de\/de\/wp-json\/wp\/v2\/media?parent=13423"}],"curies":[{"name":"wp","href":"https:\/\/api.w.org\/{rel}","templated":true}]}}