{"id":13541,"date":"2022-02-27T14:14:35","date_gmt":"2022-02-27T13:14:35","guid":{"rendered":"https:\/\/dev.campusfounders.de\/privacy-policy\/applications\/"},"modified":"2025-07-14T11:56:54","modified_gmt":"2025-07-14T09:56:54","slug":"applications","status":"publish","type":"page","link":"https:\/\/campusfounders.de\/de\/privacy-policy\/applications\/","title":{"rendered":"Datenschutz f\u00fcr Bewerbungen"},"content":{"rendered":"\t\t<div data-elementor-type=\"wp-page\" data-elementor-id=\"13541\" class=\"elementor elementor-13541 elementor-13479\" data-elementor-post-type=\"page\">\n\t\t\t\t\t\t<section data-particle_enable=\"false\" data-particle-mobile-disabled=\"false\" class=\"elementor-section elementor-top-section elementor-element elementor-element-fef47b5 bg-mako cf-section cf-hero elementor-section-height-min-height elementor-section-boxed elementor-section-height-default elementor-section-items-middle\" data-id=\"fef47b5\" data-element_type=\"section\" data-e-type=\"section\" data-settings=\"{&quot;background_background&quot;:&quot;classic&quot;}\">\n\t\t\t\t\t\t\t<div class=\"elementor-background-overlay\"><\/div>\n\t\t\t\t\t\t\t<div class=\"elementor-container elementor-column-gap-default\">\n\t\t\t\t\t<div class=\"elementor-column elementor-col-100 elementor-top-column elementor-element elementor-element-2effb46\" data-id=\"2effb46\" data-element_type=\"column\" data-e-type=\"column\">\n\t\t\t<div class=\"elementor-widget-wrap elementor-element-populated\">\n\t\t\t\t\t\t<div class=\"elementor-element elementor-element-de90da1 elementor-widget elementor-widget-cf-motto\" data-id=\"de90da1\" data-element_type=\"widget\" data-e-type=\"widget\" data-widget_type=\"cf-motto.default\">\n\t\t\t\t<div class=\"elementor-widget-container\">\n\t\t\t\t\t<style>hr.motto-seperator{width:115px!important; height:4px; border:0;  float:left;} <\/style>\n        <h2 class='motto-title' style='text-align:left'>\n        <hr class='motto-seperator' align=left\/>\n        <div style='clear:both'><span class='motto-accent'>Datenschutz <\/span>\n        <span class='motto-rest'> f\u00fcr Bewerbungen<\/span>\n        <\/div>\n        <\/h2>\t\t\t\t<\/div>\n\t\t\t\t<\/div>\n\t\t\t\t\t<\/div>\n\t\t<\/div>\n\t\t\t\t\t<\/div>\n\t\t<\/section>\n\t\t\t\t<section data-particle_enable=\"false\" data-particle-mobile-disabled=\"false\" class=\"elementor-section elementor-top-section elementor-element elementor-element-0e9a1e7 shadower w100 cf-section cf-summary elementor-section-boxed elementor-section-height-default elementor-section-height-default\" data-id=\"0e9a1e7\" data-element_type=\"section\" data-e-type=\"section\" data-settings=\"{&quot;background_background&quot;:&quot;classic&quot;}\">\n\t\t\t\t\t\t<div class=\"elementor-container elementor-column-gap-no\">\n\t\t\t\t\t<div class=\"elementor-column elementor-col-100 elementor-top-column elementor-element elementor-element-ee6a650\" data-id=\"ee6a650\" data-element_type=\"column\" data-e-type=\"column\" data-settings=\"{&quot;background_background&quot;:&quot;classic&quot;}\">\n\t\t\t<div class=\"elementor-widget-wrap elementor-element-populated\">\n\t\t\t\t\t\t<div class=\"elementor-element elementor-element-77b81b2 elementor-widget elementor-widget-heading\" data-id=\"77b81b2\" data-element_type=\"widget\" data-e-type=\"widget\" data-widget_type=\"heading.default\">\n\t\t\t\t<div class=\"elementor-widget-container\">\n\t\t\t\t\t<h2 class=\"elementor-heading-title elementor-size-default\"><a href=\"https:\/\/campusfounders.de\/de\/privacy-policy\/\">\u00ab DATENSCHUTZ<\/a><\/h2>\t\t\t\t<\/div>\n\t\t\t\t<\/div>\n\t\t\t\t\t<\/div>\n\t\t<\/div>\n\t\t\t\t\t<\/div>\n\t\t<\/section>\n\t\t\t\t<section data-particle_enable=\"false\" data-particle-mobile-disabled=\"false\" class=\"elementor-section elementor-top-section elementor-element elementor-element-c02e79a cf-section cf-desc cf-section-light-last cf-section-light-first elementor-section-boxed elementor-section-height-default elementor-section-height-default\" data-id=\"c02e79a\" data-element_type=\"section\" data-e-type=\"section\" data-settings=\"{&quot;background_background&quot;:&quot;classic&quot;}\">\n\t\t\t\t\t\t<div class=\"elementor-container elementor-column-gap-default\">\n\t\t\t\t\t<div class=\"elementor-column elementor-col-100 elementor-top-column elementor-element elementor-element-582088e\" data-id=\"582088e\" data-element_type=\"column\" data-e-type=\"column\">\n\t\t\t<div class=\"elementor-widget-wrap elementor-element-populated\">\n\t\t\t\t\t\t<div class=\"elementor-element elementor-element-fc07c6e elementor-widget elementor-widget-text-editor\" data-id=\"fc07c6e\" data-element_type=\"widget\" data-e-type=\"widget\" data-widget_type=\"text-editor.default\">\n\t\t\t\t<div class=\"elementor-widget-container\">\n\t\t\t\t\t\t\t\t\t<p><strong>Bewerberdatenschutzinformationen f\u00fcr die &#8222;Campus Founders&#8220; (CF und CFV) nach Art. 13, 14 DSGVO<\/strong><br \/><strong>Verantwortliche<\/strong><br \/>Verantwortlich f\u00fcr die Datenverarbeitung im Bewerbungsverfahren ist die Gesellschaft, auf deren Stelle Sie sich bewerben. Dies k\u00f6nnen Sie der Stellenbeschreibung entnehmen.<\/p>\n<p><strong>Zweck und Rechtsgrundlage<\/strong><br \/>Sie haben die M\u00f6glichkeit sich auf die von uns ausgeschriebenen Stellen zu bewerben. Sie selbst legen den Umfang der Daten fest, die Sie im Rahmen Ihrer Bewerbung an uns \u00fcbermitteln m\u00f6chten. Wir verarbeiten Ihre personenbezogenen Daten gem\u00e4\u00df den geltenden datenschutzrechtlichen Bestimmungen auf Grundlage von Art. 88 Abs. 1 DSGVO i.V.m. \u00a7 26 Abs. 1 S. 1 BDSG bzw. Art. 6 Abs. 1 lit. b) DSGVO. Wir verarbeiten die Daten, die Sie uns im Rahmen Ihrer Bewerbung preisgeben, ausschlie\u00dflich f\u00fcr den Zweck der Bewerberauswahl. Eine Datenverarbeitung zu anderen Zwecken erfolgt nicht.<\/p>\n<p>Im Rahmen von Bewerbungen m\u00fcssen Sie diejenigen personenbezogenen Daten bereitstellen, die f\u00fcr die Pr\u00fcfung der Bewerberauswahl erforderlich sind. Ohne diese Daten werden wir in der Regel nicht in der Lage sein, eine ordnungsgem\u00e4\u00dfe Bewerberauswahl vornehmen zu k\u00f6nnen. Sofern Sie uns dar\u00fcber hinaus Daten zur Verf\u00fcgung stellen, die f\u00fcr den hier vorliegenden Zweck nicht erforderlich sind, m\u00f6chten wir Sie darauf hinweisen, dass dies durch Sie v\u00f6llig freiwillig erfolgt. Indem Sie diese Informationen an uns \u00fcbermitteln, willigen Sie nach Art. 6 Abs. 1 lit. a) DSGVO ein, dass wir Ihre Daten verarbeiten d\u00fcrfen.<\/p>\n<p><strong>Aufbewahrungsdauer<\/strong><br \/>Ihre Angaben werden in unserem Haus vertraulich behandelt. Bei erfolgloser Bewerbung werden Ihre Unterlagen nach Ablauf von 4 Monaten nach Ende des Bewerbungsverfahrens gel\u00f6scht. F\u00fcr den Fall, dass wir Ihre Bewerbung auch bei anderen oder zuk\u00fcnftigen Stellenausschreibungen ber\u00fccksichtigen m\u00f6chten, werden wir Sie explizit um Erteilung Ihrer Einwilligung bitten.<\/p>\n<p><strong>Ihre Betroffenenrechte<\/strong><br \/>Sie haben das Recht, nach Art. 15 Abs. 1 DSGVO auf Antrag unentgeltlich Auskunft \u00fcber die bei Campus Founders zu Ihrer Person gespeicherten personenbezogenen Daten zu erhalten. Zus\u00e4tzlich haben Sie bei Vorliegen der gesetzlichen Voraussetzungen ein Recht auf Berichtigung (Art. 16 DSGVO), L\u00f6schung (Art. 17 DSGVO) und Einschr\u00e4nkung der Verarbeitung (Art. 18 DSGVO) Ihrer personenbezogenen Daten. Sofern die Datenverarbeitung auf Grundlage des Art. 6 Abs. 1 lit. f DSGVO beruht, steht Ihnen nach Art. 21 DSGVO ein Widerspruchsrecht zu. Soweit Sie einer Datenverarbeitung widersprechen, unterbleibt diese zuk\u00fcnftig, es sein denn, der Verantwortliche kann zwingende schutzw\u00fcrdige Gr\u00fcnde f\u00fcr die weitere Verarbeitung nachweisen, die das Interesse des Betroffenen am Widerspruch \u00fcberwiegen. Sofern Sie selbst die verarbeiteten Daten zur Verf\u00fcgung gestellt haben, steht Ihnen ein Recht auf Daten\u00fcbertragung nach Art. 20 DSGVO zu. Dies k\u00f6nnen Sie bei Social Media Seiten jedoch in der Regel nur gegen\u00fcber dem Anbieter des Social Media Dienstes geltend machen, da nur dieser Zugriff auf Ihre Profildaten hat. Sofern die Datenverarbeitung auf Grundlage einer Einwilligung nach Art. 6 Abs. 1 lit. a DSGVO beruht, k\u00f6nnen Sie die Einwilligung jederzeit mit Wirkung f\u00fcr die Zukunft widerrufen, ohne dass die Rechtm\u00e4\u00dfigkeit der bisherigen Verarbeitung ber\u00fchrt wird. Wenden Sie sich bitte in den zuvor genannten F\u00e4llen, bei offenen Fragen oder im Falle von Beschwerden schriftlich oder per E-Mail an die oben unter \u201eVerantwortliche\u201c genannten Kontaktdaten oder an den unten genannten Datenschutzbeauftragten.<\/p>\n<p>Sie haben gem. Art. 77 DSGVO zudem das Recht auf Beschwerde bei der Aufsichtsbeh\u00f6rde, wenn Sie der Ansicht sind, dass die Verarbeitung der Sie betreffenden Daten gegen datenschutzrechtliche Bestimmungen verst\u00f6\u00dft. Das Beschwerderecht kann insbesondere bei der Aufsichtsbeh\u00f6rde in dem Mitgliedstaat Ihres Aufenthaltsorts, Ihres Arbeitsplatzes oder des Orts des mutma\u00dflichen Versto\u00dfes geltend gemacht werden.<\/p>\n<p><strong>Kontaktdaten des Datenschutzbeauftragten<\/strong><br \/>datenschutz s\u00fcd GmbH W\u00f6rthstra\u00dfe 15 97082 W\u00fcrzburg<br \/>Web: www.datenschutz-nord-gruppe.de E-Mail: office@datenschutz-sued.de<\/p>\n\t\t\t\t\t\t\t\t<\/div>\n\t\t\t\t<\/div>\n\t\t\t\t\t<\/div>\n\t\t<\/div>\n\t\t\t\t\t<\/div>\n\t\t<\/section>\n\t\t\t\t<\/div>\n\t\t","protected":false},"excerpt":{"rendered":"<p>Datenschutz f\u00fcr Bewerbungen \u00ab DATENSCHUTZ Bewerberdatenschutzinformationen f\u00fcr die &#8222;Campus Founders&#8220; (CF und CFV) nach Art. 13, 14 DSGVOVerantwortlicheVerantwortlich f\u00fcr die Datenverarbeitung im Bewerbungsverfahren ist die Gesellschaft, auf deren Stelle Sie sich bewerben. Dies k\u00f6nnen Sie der Stellenbeschreibung entnehmen. Zweck und RechtsgrundlageSie haben die M\u00f6glichkeit sich auf die von uns ausgeschriebenen Stellen zu bewerben. Sie selbst [&hellip;]<\/p>\n","protected":false},"author":5,"featured_media":0,"parent":13539,"menu_order":0,"comment_status":"closed","ping_status":"closed","template":"","meta":{"inline_featured_image":false,"footnotes":""},"class_list":["post-13541","page","type-page","status-publish","hentry"],"yoast_head":"<!-- This site is optimized with the Yoast SEO plugin v27.2 - https:\/\/yoast.com\/product\/yoast-seo-wordpress\/ -->\n<title>Datenschutz f\u00fcr Bewerbungen - Campus Founders<\/title>\n<meta name=\"robots\" content=\"index, follow, max-snippet:-1, max-image-preview:large, max-video-preview:-1\" \/>\n<link rel=\"canonical\" href=\"https:\/\/campusfounders.de\/de\/privacy-policy\/applications\/\" \/>\n<meta property=\"og:locale\" content=\"de_DE\" \/>\n<meta property=\"og:type\" content=\"article\" \/>\n<meta property=\"og:title\" content=\"Datenschutz f\u00fcr Bewerbungen - Campus Founders\" \/>\n<meta property=\"og:description\" content=\"Datenschutz f\u00fcr Bewerbungen \u00ab DATENSCHUTZ Bewerberdatenschutzinformationen f\u00fcr die &#8222;Campus Founders&#8220; (CF und CFV) nach Art. 13, 14 DSGVOVerantwortlicheVerantwortlich f\u00fcr die Datenverarbeitung im Bewerbungsverfahren ist die Gesellschaft, auf deren Stelle Sie sich bewerben. Dies k\u00f6nnen Sie der Stellenbeschreibung entnehmen. Zweck und RechtsgrundlageSie haben die M\u00f6glichkeit sich auf die von uns ausgeschriebenen Stellen zu bewerben. Sie selbst [&hellip;]\" \/>\n<meta property=\"og:url\" content=\"https:\/\/campusfounders.de\/de\/privacy-policy\/applications\/\" \/>\n<meta property=\"og:site_name\" content=\"Campus Founders\" \/>\n<meta property=\"article:modified_time\" content=\"2025-07-14T09:56:54+00:00\" \/>\n<meta name=\"twitter:card\" content=\"summary_large_image\" \/>\n<meta name=\"twitter:label1\" content=\"Gesch\u00e4tzte Lesezeit\" \/>\n\t<meta name=\"twitter:data1\" content=\"3\u00a0Minuten\" \/>\n<script type=\"application\/ld+json\" class=\"yoast-schema-graph\">{\"@context\":\"https:\/\/schema.org\",\"@graph\":[{\"@type\":\"WebPage\",\"@id\":\"https:\/\/campusfounders.de\/de\/privacy-policy\/applications\/\",\"url\":\"https:\/\/campusfounders.de\/de\/privacy-policy\/applications\/\",\"name\":\"Datenschutz f\u00fcr Bewerbungen - Campus Founders\",\"isPartOf\":{\"@id\":\"https:\/\/campusfounders.de\/de\/#website\"},\"datePublished\":\"2022-02-27T13:14:35+00:00\",\"dateModified\":\"2025-07-14T09:56:54+00:00\",\"breadcrumb\":{\"@id\":\"https:\/\/campusfounders.de\/de\/privacy-policy\/applications\/#breadcrumb\"},\"inLanguage\":\"de\",\"potentialAction\":[{\"@type\":\"ReadAction\",\"target\":[\"https:\/\/campusfounders.de\/de\/privacy-policy\/applications\/\"]}]},{\"@type\":\"BreadcrumbList\",\"@id\":\"https:\/\/campusfounders.de\/de\/privacy-policy\/applications\/#breadcrumb\",\"itemListElement\":[{\"@type\":\"ListItem\",\"position\":1,\"name\":\"Datenschutz\",\"item\":\"https:\/\/campusfounders.de\/de\/privacy-policy\/\"},{\"@type\":\"ListItem\",\"position\":2,\"name\":\"Datenschutz f\u00fcr Bewerbungen\"}]},{\"@type\":\"WebSite\",\"@id\":\"https:\/\/campusfounders.de\/de\/#website\",\"url\":\"https:\/\/campusfounders.de\/de\/\",\"name\":\"Campus Founders\",\"description\":\"Home Of Entrepreneurs &amp; Innovators\",\"publisher\":{\"@id\":\"https:\/\/campusfounders.de\/de\/#organization\"},\"potentialAction\":[{\"@type\":\"SearchAction\",\"target\":{\"@type\":\"EntryPoint\",\"urlTemplate\":\"https:\/\/campusfounders.de\/de\/?s={search_term_string}\"},\"query-input\":{\"@type\":\"PropertyValueSpecification\",\"valueRequired\":true,\"valueName\":\"search_term_string\"}}],\"inLanguage\":\"de\"},{\"@type\":\"Organization\",\"@id\":\"https:\/\/campusfounders.de\/de\/#organization\",\"name\":\"Campus Founders\",\"url\":\"https:\/\/campusfounders.de\/de\/\",\"logo\":{\"@type\":\"ImageObject\",\"inLanguage\":\"de\",\"@id\":\"https:\/\/campusfounders.de\/de\/#\/schema\/logo\/image\/\",\"url\":\"https:\/\/campusfounders.de\/wp-content\/uploads\/2021\/09\/Logo-CMYK-Original.svg\",\"contentUrl\":\"https:\/\/campusfounders.de\/wp-content\/uploads\/2021\/09\/Logo-CMYK-Original.svg\",\"width\":1591,\"height\":247,\"caption\":\"Campus Founders\"},\"image\":{\"@id\":\"https:\/\/campusfounders.de\/de\/#\/schema\/logo\/image\/\"}}]}<\/script>\n<!-- \/ Yoast SEO plugin. -->","yoast_head_json":{"title":"Datenschutz f\u00fcr Bewerbungen - Campus Founders","robots":{"index":"index","follow":"follow","max-snippet":"max-snippet:-1","max-image-preview":"max-image-preview:large","max-video-preview":"max-video-preview:-1"},"canonical":"https:\/\/campusfounders.de\/de\/privacy-policy\/applications\/","og_locale":"de_DE","og_type":"article","og_title":"Datenschutz f\u00fcr Bewerbungen - Campus Founders","og_description":"Datenschutz f\u00fcr Bewerbungen \u00ab DATENSCHUTZ Bewerberdatenschutzinformationen f\u00fcr die &#8222;Campus Founders&#8220; (CF und CFV) nach Art. 13, 14 DSGVOVerantwortlicheVerantwortlich f\u00fcr die Datenverarbeitung im Bewerbungsverfahren ist die Gesellschaft, auf deren Stelle Sie sich bewerben. Dies k\u00f6nnen Sie der Stellenbeschreibung entnehmen. Zweck und RechtsgrundlageSie haben die M\u00f6glichkeit sich auf die von uns ausgeschriebenen Stellen zu bewerben. Sie selbst [&hellip;]","og_url":"https:\/\/campusfounders.de\/de\/privacy-policy\/applications\/","og_site_name":"Campus Founders","article_modified_time":"2025-07-14T09:56:54+00:00","twitter_card":"summary_large_image","twitter_misc":{"Gesch\u00e4tzte Lesezeit":"3\u00a0Minuten"},"schema":{"@context":"https:\/\/schema.org","@graph":[{"@type":"WebPage","@id":"https:\/\/campusfounders.de\/de\/privacy-policy\/applications\/","url":"https:\/\/campusfounders.de\/de\/privacy-policy\/applications\/","name":"Datenschutz f\u00fcr Bewerbungen - Campus Founders","isPartOf":{"@id":"https:\/\/campusfounders.de\/de\/#website"},"datePublished":"2022-02-27T13:14:35+00:00","dateModified":"2025-07-14T09:56:54+00:00","breadcrumb":{"@id":"https:\/\/campusfounders.de\/de\/privacy-policy\/applications\/#breadcrumb"},"inLanguage":"de","potentialAction":[{"@type":"ReadAction","target":["https:\/\/campusfounders.de\/de\/privacy-policy\/applications\/"]}]},{"@type":"BreadcrumbList","@id":"https:\/\/campusfounders.de\/de\/privacy-policy\/applications\/#breadcrumb","itemListElement":[{"@type":"ListItem","position":1,"name":"Datenschutz","item":"https:\/\/campusfounders.de\/de\/privacy-policy\/"},{"@type":"ListItem","position":2,"name":"Datenschutz f\u00fcr Bewerbungen"}]},{"@type":"WebSite","@id":"https:\/\/campusfounders.de\/de\/#website","url":"https:\/\/campusfounders.de\/de\/","name":"Campus Founders","description":"Home Of Entrepreneurs &amp; Innovators","publisher":{"@id":"https:\/\/campusfounders.de\/de\/#organization"},"potentialAction":[{"@type":"SearchAction","target":{"@type":"EntryPoint","urlTemplate":"https:\/\/campusfounders.de\/de\/?s={search_term_string}"},"query-input":{"@type":"PropertyValueSpecification","valueRequired":true,"valueName":"search_term_string"}}],"inLanguage":"de"},{"@type":"Organization","@id":"https:\/\/campusfounders.de\/de\/#organization","name":"Campus Founders","url":"https:\/\/campusfounders.de\/de\/","logo":{"@type":"ImageObject","inLanguage":"de","@id":"https:\/\/campusfounders.de\/de\/#\/schema\/logo\/image\/","url":"https:\/\/campusfounders.de\/wp-content\/uploads\/2021\/09\/Logo-CMYK-Original.svg","contentUrl":"https:\/\/campusfounders.de\/wp-content\/uploads\/2021\/09\/Logo-CMYK-Original.svg","width":1591,"height":247,"caption":"Campus Founders"},"image":{"@id":"https:\/\/campusfounders.de\/de\/#\/schema\/logo\/image\/"}}]}},"_links":{"self":[{"href":"https:\/\/campusfounders.de\/de\/wp-json\/wp\/v2\/pages\/13541","targetHints":{"allow":["GET"]}}],"collection":[{"href":"https:\/\/campusfounders.de\/de\/wp-json\/wp\/v2\/pages"}],"about":[{"href":"https:\/\/campusfounders.de\/de\/wp-json\/wp\/v2\/types\/page"}],"author":[{"embeddable":true,"href":"https:\/\/campusfounders.de\/de\/wp-json\/wp\/v2\/users\/5"}],"replies":[{"embeddable":true,"href":"https:\/\/campusfounders.de\/de\/wp-json\/wp\/v2\/comments?post=13541"}],"version-history":[{"count":12,"href":"https:\/\/campusfounders.de\/de\/wp-json\/wp\/v2\/pages\/13541\/revisions"}],"predecessor-version":[{"id":30919,"href":"https:\/\/campusfounders.de\/de\/wp-json\/wp\/v2\/pages\/13541\/revisions\/30919"}],"up":[{"embeddable":true,"href":"https:\/\/campusfounders.de\/de\/wp-json\/wp\/v2\/pages\/13539"}],"wp:attachment":[{"href":"https:\/\/campusfounders.de\/de\/wp-json\/wp\/v2\/media?parent=13541"}],"curies":[{"name":"wp","href":"https:\/\/api.w.org\/{rel}","templated":true}]}}