{"id":13549,"date":"2022-02-27T14:18:08","date_gmt":"2022-02-27T13:18:08","guid":{"rendered":"https:\/\/dev.campusfounders.de\/privacy-policy\/geschaeftspartner-und-interessenten\/"},"modified":"2022-03-08T13:05:41","modified_gmt":"2022-03-08T12:05:41","slug":"business-partners-and-interested-parties","status":"publish","type":"page","link":"https:\/\/campusfounders.de\/de\/privacy-policy\/business-partners-and-interested-parties\/","title":{"rendered":"Gesch\u00e4ftspartner und Interessenten"},"content":{"rendered":"\t\t<div data-elementor-type=\"wp-page\" data-elementor-id=\"13549\" class=\"elementor elementor-13549 elementor-13473\" data-elementor-post-type=\"page\">\n\t\t\t\t\t\t<section data-particle_enable=\"false\" data-particle-mobile-disabled=\"false\" class=\"elementor-section elementor-top-section elementor-element elementor-element-fef47b5 bg-mako cf-section cf-hero elementor-section-height-min-height elementor-section-boxed elementor-section-height-default elementor-section-items-middle\" data-id=\"fef47b5\" data-element_type=\"section\" data-e-type=\"section\" data-settings=\"{&quot;background_background&quot;:&quot;classic&quot;}\">\n\t\t\t\t\t\t\t<div class=\"elementor-background-overlay\"><\/div>\n\t\t\t\t\t\t\t<div class=\"elementor-container elementor-column-gap-default\">\n\t\t\t\t\t<div class=\"elementor-column elementor-col-100 elementor-top-column elementor-element elementor-element-2effb46\" data-id=\"2effb46\" data-element_type=\"column\" data-e-type=\"column\">\n\t\t\t<div class=\"elementor-widget-wrap elementor-element-populated\">\n\t\t\t\t\t\t<div class=\"elementor-element elementor-element-de90da1 elementor-widget elementor-widget-cf-motto\" data-id=\"de90da1\" data-element_type=\"widget\" data-e-type=\"widget\" data-widget_type=\"cf-motto.default\">\n\t\t\t\t<div class=\"elementor-widget-container\">\n\t\t\t\t\t<style>hr.motto-seperator{width:115px!important; height:4px; border:0;  float:left;} <\/style>\n        <h2 class='motto-title' style='text-align:left'>\n        <hr class='motto-seperator' align=left\/>\n        <div style='clear:both'><span class='motto-accent'>Datenschutz <\/span>\n        <span class='motto-rest'> f\u00fcr Gesch\u00e4ftspartner und Interessenten<\/span>\n        <\/div>\n        <\/h2>\t\t\t\t<\/div>\n\t\t\t\t<\/div>\n\t\t\t\t\t<\/div>\n\t\t<\/div>\n\t\t\t\t\t<\/div>\n\t\t<\/section>\n\t\t\t\t<section data-particle_enable=\"false\" data-particle-mobile-disabled=\"false\" class=\"elementor-section elementor-top-section elementor-element elementor-element-0e9a1e7 shadower w100 cf-section cf-summary elementor-section-boxed elementor-section-height-default elementor-section-height-default\" data-id=\"0e9a1e7\" data-element_type=\"section\" data-e-type=\"section\" data-settings=\"{&quot;background_background&quot;:&quot;classic&quot;}\">\n\t\t\t\t\t\t<div class=\"elementor-container elementor-column-gap-no\">\n\t\t\t\t\t<div class=\"elementor-column elementor-col-100 elementor-top-column elementor-element elementor-element-ee6a650\" data-id=\"ee6a650\" data-element_type=\"column\" data-e-type=\"column\" data-settings=\"{&quot;background_background&quot;:&quot;classic&quot;}\">\n\t\t\t<div class=\"elementor-widget-wrap elementor-element-populated\">\n\t\t\t\t\t\t<div class=\"elementor-element elementor-element-77b81b2 elementor-widget elementor-widget-heading\" data-id=\"77b81b2\" data-element_type=\"widget\" data-e-type=\"widget\" data-widget_type=\"heading.default\">\n\t\t\t\t<div class=\"elementor-widget-container\">\n\t\t\t\t\t<h2 class=\"elementor-heading-title elementor-size-default\"><a href=\"https:\/\/campusfounders.de\/de\/privacy-policy\/\">\u00ab DATENSCHUTZ<\/a><\/h2>\t\t\t\t<\/div>\n\t\t\t\t<\/div>\n\t\t\t\t\t<\/div>\n\t\t<\/div>\n\t\t\t\t\t<\/div>\n\t\t<\/section>\n\t\t\t\t<section data-particle_enable=\"false\" data-particle-mobile-disabled=\"false\" class=\"elementor-section elementor-top-section elementor-element elementor-element-c02e79a cf-section cf-desc cf-section-light-last cf-section-light-first elementor-section-boxed elementor-section-height-default elementor-section-height-default\" data-id=\"c02e79a\" data-element_type=\"section\" data-e-type=\"section\" data-settings=\"{&quot;background_background&quot;:&quot;classic&quot;}\">\n\t\t\t\t\t\t<div class=\"elementor-container elementor-column-gap-default\">\n\t\t\t\t\t<div class=\"elementor-column elementor-col-100 elementor-top-column elementor-element elementor-element-582088e\" data-id=\"582088e\" data-element_type=\"column\" data-e-type=\"column\">\n\t\t\t<div class=\"elementor-widget-wrap elementor-element-populated\">\n\t\t\t\t\t\t<div class=\"elementor-element elementor-element-fc07c6e elementor-widget elementor-widget-text-editor\" data-id=\"fc07c6e\" data-element_type=\"widget\" data-e-type=\"widget\" data-widget_type=\"text-editor.default\">\n\t\t\t\t<div class=\"elementor-widget-container\">\n\t\t\t\t\t\t\t\t\tMit den folgenden Informationen m\u00f6chten wir Sie als Gesch\u00e4ftspartner oder Interessent an unseren Mitgliedsangeboten, Veranstaltungen, Workshops oder Sonstiges bzw. als Ansprechpartner eines Gesch\u00e4ftspartners oder als Ansprechpartner eines Interessenten an unseren Mitgliederangeboten \u00fcber unsere Handhabung der Erhebung, Verwendung und Weitergabe von personenbezogenen Daten informieren.<br\/><br\/>\r\n\r\n<strong>Verantwortliche Stelle<\/strong><br\/>\r\n\r\nCAMPUS FOUNDERS gGmbH<br\/>\r\n\r\nBildungscampus 1\/ 1. OG im Forum<br\/>\r\n\r\n74076 Heilbronn<br\/>\r\n\r\nTel.: \u202f\u202f07131\/6459480<br\/>\r\n\r\nMobil: 0172\/5789640<br\/>\r\n\r\nE-Mail: info@campusfounders.de<br\/><br\/>\r\n\r\n<strong>Rechtsgrundlagen und Zwecke f\u00fcr die Verarbeitung Ihrer personenbezogenen Daten<\/strong><br\/>\r\n\r\nDie Verarbeitung Ihrer personenbezogenen Daten kann sich zum einen aufgrund der Durchf\u00fchrung vorvertraglicher Ma\u00dfnahmen, die einer vertraglich geregelten Gesch\u00e4ftsbeziehung vorausgehen oder zum anderen in der Erf\u00fcllung der Pflichten aus einem geschlossenen Vertrag (insbesondere eines Kaufvertrags, eines Dienstleistungsvertrags oder eines Beratungsvertrag) mit Ihnen ergeben. Hierunter k\u00f6nnen beispielsweise die Abwicklung von Kaufauftr\u00e4gen, Lieferungen oder Zahlungen fallen oder die Erstellung und Beantwortung von Anfragen von Einzelpersonen, zur Festlegung der Begr\u00fcndung oder Bedingungen eines Vertragsverh\u00e4ltnisses oder zur Abwicklung einer Anfrage zu einem Vertrag (Art. 6 Abs. 1 S. 1 lit. b DSGVO).<br\/><br\/>\r\n\r\nZudem unterliegen wir verschiedener rechtlicher Verpflichtungen, die die Verarbeitung Ihrer personenbezogenen Daten erforderlich machen k\u00f6nnen (Art. 6 Abs. 1 S. 1 lit. c DSGVO). Diese rechtlichen Verpflichtungen k\u00f6nnen sich beispielsweise aus steuerrechtlichen (z.B. zur Einhaltung von Vorhaltefristen gegen\u00fcber dem Finanzamt), handels- und au\u00dfenhandelsrechtlichen oder sanktionsrechtlichen Vorschriften ergeben.<br\/><br\/>\r\n\r\nZudem kann es erforderlich sein, dass die Verarbeitung Ihrer personenbezogenen Daten zur Wahrung berechtigter Interessen erfolgt (Art. 6 Abs. 1 S. 1 lit. f DSGVO). Die berechtigten Interessen sind insbesondere der Abschluss oder die Durchf\u00fchrung von Vertr\u00e4gen und anderen Gesch\u00e4ftsbeziehungen mit unseren Gesch\u00e4ftspartnern, f\u00fcr die Sie ggf. als Vertreter oder als Mitarbeiter t\u00e4tig sind, oder die Beantwortung von Ihren Anfragen, insbesondere an unseren Mitgliederprogrammen sowie Veranstaltungen und Workshops oder Sonstiges. Des Weiteren sind berechtigte Interessen interne Verwaltungszwecke (z. B. f\u00fcr die Buchhaltung), die Sicherstellung der IT-Sicherheit und des IT-Betriebs sowie die Geltendmachung, Aus\u00fcbung oder Verteidigung von Rechtsanspr\u00fcchen.<br\/><br\/>\r\n\r\n<strong>Bereitstellung Ihrer personenbezogenen Daten<\/strong><br\/>\r\n\r\nIm Rahmen unserer Gesch\u00e4ftsbeziehung m\u00fcssen Sie diejenigen personenbezogenen Daten bereitstellen, die f\u00fcr die Aufnahme, Durchf\u00fchrung und Beendigung einer Gesch\u00e4ftsbeziehung, zur Abwicklung Ihrer Anfragen als Interessent an unserem Mitgliederprogrammen, Veranstaltungen, Workshops oder Sonstiges und zur Erf\u00fcllung der damit verbundenen Pflichten erforderlich sind, zu deren Erhebung wir gesetzlich verpflichtet oder aufgrund berechtigter Interessen berechtigt sind. Ohne diese Daten werden wir in der Regel nicht in der Lage sein, mit Ihnen in Kontakt zu treten und\/oder eine Gesch\u00e4ftsbeziehung mit Ihnen einzugehen.<br\/><br\/>\r\n\r\n<strong>Empf\u00e4nger Ihrer personenbezogenen Daten<\/strong><br\/>\r\n\r\nSoweit dies nach den obigen Zwecken gem. Art. 6 Abs. 1 S. 1 lit. b, c oder f DSGVO mit Ihnen erforderlich ist, werden Ihre personenbezogenen Daten an Dritte weitergegeben, die uns insbesondere im Bereich der Finanzbuchhaltung unterst\u00fctzen. Des Weiteren k\u00f6nnen Ihre personenbezogenen Daten von in unserem Auftrag t\u00e4tigen Auftragsverarbeitern verarbeitet werden wie insbesondere IT-Dienstleister oder Dienstleister zur Dokumentenvernichtung. Diese sind jeweils sorgf\u00e4ltig ausgesucht und vertraglich nach Art. 28 DSGVO verpflichtet. Im \u00dcbrigen erfolgt eine Weitergabe Ihrer Daten an Dritte au\u00dferhalb von uns nur, sofern Sie vorher ausdr\u00fccklich in die \u00dcbermittlung eingewilligt haben gem. Art. 6 Abs. 1 S. 1 lit. a DSGVO.<br\/><br\/>\r\n\r\n<strong>Aufbewahrungsdauer<\/strong><br\/>\r\n\r\nDie personenbezogenen Daten werden so lange aufbewahrt, wie dies zur Erf\u00fcllung der oben genannten Zwecke erforderlich ist oder gesetzliche bzw. vertragliche Aufbewahrungs- sowie Dokumentationspflichten (aus HGB, StGB oder AO oder sanktionsrechtlichen Vorschriften) bestehen. Wir l\u00f6schen Ihre Daten auch, wenn Sie eine ggf. erteilte Einwilligung in die Verarbeitung Ihrer Daten widerrufen haben und gesetzliche Aufbewahrungspflichten der L\u00f6schung nicht entgegenstehen.<br\/><br\/>\r\n\r\n<strong>Ihre Betroffenenrechte<\/strong><br\/>\r\n\r\nBetroffene Personen haben das Recht auf Auskunft seitens des Verantwortlichen \u00fcber die sie betreffenden personenbezogenen Daten nach Art. 15 DSGVO sowie auf Berichtigung unrichtiger Daten nach Art. 16 DSGVO oder auf L\u00f6schung, sofern einer der in Art. 17 DSGVO genannten Gr\u00fcnde vorliegt, z.B. wenn die Daten f\u00fcr die verfolgten Zwecke nicht mehr ben\u00f6tigt werden. Es besteht zudem das Recht auf Einschr\u00e4nkung der Verarbeitung, wenn eine der in Art. 18 DSGVO genannten Voraussetzungen vorliegt und in den F\u00e4llen des Art. 20 DSGVO das Recht auf Daten\u00fcbertragbarkeit. Werden Daten auf Grundlage von Art. 6 Abs. 1 S. 1 lit. f erhoben, steht der betroffenen Person das Recht zu, aus Gr\u00fcnden, die sich aus ihrer besonderen Situation ergeben, jederzeit gegen die Verarbeitung Widerspruch einzulegen. Den\u00a0<strong>Widerspruch k\u00f6nnen Sie an folgende E-Mail-Adresse oder Postanschrift richten:<\/strong><br\/><br\/>\r\n\r\nPostanschrift: CAMPUS FOUNDERS gGmbH, Bildungscampus 1\/ 1. OG im Forum, 74076 Heilbronn<br\/>\r\n\r\nPer E-Mail: info@campusfounders.de<br\/><br\/>\r\n\r\nWir verarbeiten die personenbezogenen Daten dann nicht mehr, es sei denn, es liegen nachweisbar zwingende schutzw\u00fcrdige Gr\u00fcnde f\u00fcr die Verarbeitung vor, die die Interessen, Rechte und Freiheiten der betroffenen Person \u00fcberwiegen, oder die Verarbeitung dient der Geltendmachung, Aus\u00fcbung oder Verteidigung von Rechtsanspr\u00fcchen.<br\/><br\/>\r\n\r\nIhre Datenschutzrechte k\u00f6nnen Sie gegen\u00fcber dem o.g. Verantwortlichen geltend machen.<br\/><br\/>\r\n\r\nJede betroffene Person hat das Recht auf Beschwerde bei einer Aufsichtsbeh\u00f6rde, wenn sie der Ansicht ist, dass die Verarbeitung der sie betreffenden Daten gegen datenschutzrechtliche Bestimmungen verst\u00f6\u00dft. Das Beschwerderecht kann insbe\u00adsondere bei einer Aufsichtsbeh\u00f6rde in dem Mitgliedstaat des Aufenthaltsorts der betroffenen Person oder des Orts des mutma\u00dflichen Versto\u00dfes geltend gemacht werden. Die zust\u00e4ndige Aufsichtsbeh\u00f6rde ist:<br\/><br\/>\r\n\r\n<strong>Der Landesbeauftragte f\u00fcr den Datenschutz und die Informationsfreiheit Baden-W\u00fcrttemberg, K\u00f6nigstrasse 10 a, 70173 Stuttgart<\/strong><br\/>\r\n\r\nPostfach 10 29 32, 70025 Stuttgart<br\/>\r\n\r\npoststelle@lfdi.bwl.de<br\/><br\/>\r\n\r\n<strong>Kontaktdaten des Datenschutzbeauftragten<\/strong><br\/>\r\n\r\ndatenschutz s\u00fcd GmbH W\u00f6rthstr. 15 97082 W\u00fcrzburg office@datenschutz-sued.de\r\nTel. +49 (0) 931 304 976 0\t\t\t\t\t\t\t\t<\/div>\n\t\t\t\t<\/div>\n\t\t\t\t\t<\/div>\n\t\t<\/div>\n\t\t\t\t\t<\/div>\n\t\t<\/section>\n\t\t\t\t<\/div>\n\t\t","protected":false},"excerpt":{"rendered":"<p>Datenschutz f\u00fcr Gesch\u00e4ftspartner und Interessenten \u00ab DATENSCHUTZ Mit den folgenden Informationen m\u00f6chten wir Sie als Gesch\u00e4ftspartner oder Interessent an unseren Mitgliedsangeboten, Veranstaltungen, Workshops oder Sonstiges bzw. als Ansprechpartner eines Gesch\u00e4ftspartners oder als Ansprechpartner eines Interessenten an unseren Mitgliederangeboten \u00fcber unsere Handhabung der Erhebung, Verwendung und Weitergabe von personenbezogenen Daten informieren. Verantwortliche Stelle CAMPUS FOUNDERS gGmbH [&hellip;]<\/p>\n","protected":false},"author":5,"featured_media":0,"parent":13539,"menu_order":0,"comment_status":"closed","ping_status":"closed","template":"","meta":{"inline_featured_image":false,"footnotes":""},"class_list":["post-13549","page","type-page","status-publish","hentry"],"yoast_head":"<!-- This site is optimized with the Yoast SEO plugin v27.4 - https:\/\/yoast.com\/product\/yoast-seo-wordpress\/ -->\n<title>Gesch\u00e4ftspartner und Interessenten - Campus Founders<\/title>\n<meta name=\"robots\" content=\"index, follow, max-snippet:-1, max-image-preview:large, max-video-preview:-1\" \/>\n<link rel=\"canonical\" href=\"https:\/\/campusfounders.de\/de\/privacy-policy\/business-partners-and-interested-parties\/\" \/>\n<meta property=\"og:locale\" content=\"de_DE\" \/>\n<meta property=\"og:type\" content=\"article\" \/>\n<meta property=\"og:title\" content=\"Gesch\u00e4ftspartner und Interessenten - Campus Founders\" \/>\n<meta property=\"og:description\" content=\"Datenschutz f\u00fcr Gesch\u00e4ftspartner und Interessenten \u00ab DATENSCHUTZ Mit den folgenden Informationen m\u00f6chten wir Sie als Gesch\u00e4ftspartner oder Interessent an unseren Mitgliedsangeboten, Veranstaltungen, Workshops oder Sonstiges bzw. als Ansprechpartner eines Gesch\u00e4ftspartners oder als Ansprechpartner eines Interessenten an unseren Mitgliederangeboten \u00fcber unsere Handhabung der Erhebung, Verwendung und Weitergabe von personenbezogenen Daten informieren. Verantwortliche Stelle CAMPUS FOUNDERS gGmbH [&hellip;]\" \/>\n<meta property=\"og:url\" content=\"https:\/\/campusfounders.de\/de\/privacy-policy\/business-partners-and-interested-parties\/\" \/>\n<meta property=\"og:site_name\" content=\"Campus Founders\" \/>\n<meta property=\"article:modified_time\" content=\"2022-03-08T12:05:41+00:00\" \/>\n<meta name=\"twitter:card\" content=\"summary_large_image\" \/>\n<meta name=\"twitter:label1\" content=\"Gesch\u00e4tzte Lesezeit\" \/>\n\t<meta name=\"twitter:data1\" content=\"4\u00a0Minuten\" \/>\n<script type=\"application\/ld+json\" class=\"yoast-schema-graph\">{\"@context\":\"https:\\\/\\\/schema.org\",\"@graph\":[{\"@type\":\"WebPage\",\"@id\":\"https:\\\/\\\/campusfounders.de\\\/de\\\/privacy-policy\\\/business-partners-and-interested-parties\\\/\",\"url\":\"https:\\\/\\\/campusfounders.de\\\/de\\\/privacy-policy\\\/business-partners-and-interested-parties\\\/\",\"name\":\"Gesch\u00e4ftspartner und Interessenten - Campus Founders\",\"isPartOf\":{\"@id\":\"https:\\\/\\\/campusfounders.de\\\/de\\\/#website\"},\"datePublished\":\"2022-02-27T13:18:08+00:00\",\"dateModified\":\"2022-03-08T12:05:41+00:00\",\"breadcrumb\":{\"@id\":\"https:\\\/\\\/campusfounders.de\\\/de\\\/privacy-policy\\\/business-partners-and-interested-parties\\\/#breadcrumb\"},\"inLanguage\":\"de\",\"potentialAction\":[{\"@type\":\"ReadAction\",\"target\":[\"https:\\\/\\\/campusfounders.de\\\/de\\\/privacy-policy\\\/business-partners-and-interested-parties\\\/\"]}]},{\"@type\":\"BreadcrumbList\",\"@id\":\"https:\\\/\\\/campusfounders.de\\\/de\\\/privacy-policy\\\/business-partners-and-interested-parties\\\/#breadcrumb\",\"itemListElement\":[{\"@type\":\"ListItem\",\"position\":1,\"name\":\"Datenschutz\",\"item\":\"https:\\\/\\\/campusfounders.de\\\/de\\\/privacy-policy\\\/\"},{\"@type\":\"ListItem\",\"position\":2,\"name\":\"Gesch\u00e4ftspartner und Interessenten\"}]},{\"@type\":\"WebSite\",\"@id\":\"https:\\\/\\\/campusfounders.de\\\/de\\\/#website\",\"url\":\"https:\\\/\\\/campusfounders.de\\\/de\\\/\",\"name\":\"Campus Founders\",\"description\":\"Home Of Entrepreneurs &amp; Innovators\",\"publisher\":{\"@id\":\"https:\\\/\\\/campusfounders.de\\\/de\\\/#organization\"},\"potentialAction\":[{\"@type\":\"SearchAction\",\"target\":{\"@type\":\"EntryPoint\",\"urlTemplate\":\"https:\\\/\\\/campusfounders.de\\\/de\\\/?s={search_term_string}\"},\"query-input\":{\"@type\":\"PropertyValueSpecification\",\"valueRequired\":true,\"valueName\":\"search_term_string\"}}],\"inLanguage\":\"de\"},{\"@type\":\"Organization\",\"@id\":\"https:\\\/\\\/campusfounders.de\\\/de\\\/#organization\",\"name\":\"Campus Founders\",\"url\":\"https:\\\/\\\/campusfounders.de\\\/de\\\/\",\"logo\":{\"@type\":\"ImageObject\",\"inLanguage\":\"de\",\"@id\":\"https:\\\/\\\/campusfounders.de\\\/de\\\/#\\\/schema\\\/logo\\\/image\\\/\",\"url\":\"https:\\\/\\\/campusfounders.de\\\/wp-content\\\/uploads\\\/2021\\\/09\\\/Logo-CMYK-Original.svg\",\"contentUrl\":\"https:\\\/\\\/campusfounders.de\\\/wp-content\\\/uploads\\\/2021\\\/09\\\/Logo-CMYK-Original.svg\",\"width\":1591,\"height\":247,\"caption\":\"Campus Founders\"},\"image\":{\"@id\":\"https:\\\/\\\/campusfounders.de\\\/de\\\/#\\\/schema\\\/logo\\\/image\\\/\"}}]}<\/script>\n<!-- \/ Yoast SEO plugin. -->","yoast_head_json":{"title":"Gesch\u00e4ftspartner und Interessenten - Campus Founders","robots":{"index":"index","follow":"follow","max-snippet":"max-snippet:-1","max-image-preview":"max-image-preview:large","max-video-preview":"max-video-preview:-1"},"canonical":"https:\/\/campusfounders.de\/de\/privacy-policy\/business-partners-and-interested-parties\/","og_locale":"de_DE","og_type":"article","og_title":"Gesch\u00e4ftspartner und Interessenten - Campus Founders","og_description":"Datenschutz f\u00fcr Gesch\u00e4ftspartner und Interessenten \u00ab DATENSCHUTZ Mit den folgenden Informationen m\u00f6chten wir Sie als Gesch\u00e4ftspartner oder Interessent an unseren Mitgliedsangeboten, Veranstaltungen, Workshops oder Sonstiges bzw. als Ansprechpartner eines Gesch\u00e4ftspartners oder als Ansprechpartner eines Interessenten an unseren Mitgliederangeboten \u00fcber unsere Handhabung der Erhebung, Verwendung und Weitergabe von personenbezogenen Daten informieren. Verantwortliche Stelle CAMPUS FOUNDERS gGmbH [&hellip;]","og_url":"https:\/\/campusfounders.de\/de\/privacy-policy\/business-partners-and-interested-parties\/","og_site_name":"Campus Founders","article_modified_time":"2022-03-08T12:05:41+00:00","twitter_card":"summary_large_image","twitter_misc":{"Gesch\u00e4tzte Lesezeit":"4\u00a0Minuten"},"schema":{"@context":"https:\/\/schema.org","@graph":[{"@type":"WebPage","@id":"https:\/\/campusfounders.de\/de\/privacy-policy\/business-partners-and-interested-parties\/","url":"https:\/\/campusfounders.de\/de\/privacy-policy\/business-partners-and-interested-parties\/","name":"Gesch\u00e4ftspartner und Interessenten - Campus Founders","isPartOf":{"@id":"https:\/\/campusfounders.de\/de\/#website"},"datePublished":"2022-02-27T13:18:08+00:00","dateModified":"2022-03-08T12:05:41+00:00","breadcrumb":{"@id":"https:\/\/campusfounders.de\/de\/privacy-policy\/business-partners-and-interested-parties\/#breadcrumb"},"inLanguage":"de","potentialAction":[{"@type":"ReadAction","target":["https:\/\/campusfounders.de\/de\/privacy-policy\/business-partners-and-interested-parties\/"]}]},{"@type":"BreadcrumbList","@id":"https:\/\/campusfounders.de\/de\/privacy-policy\/business-partners-and-interested-parties\/#breadcrumb","itemListElement":[{"@type":"ListItem","position":1,"name":"Datenschutz","item":"https:\/\/campusfounders.de\/de\/privacy-policy\/"},{"@type":"ListItem","position":2,"name":"Gesch\u00e4ftspartner und Interessenten"}]},{"@type":"WebSite","@id":"https:\/\/campusfounders.de\/de\/#website","url":"https:\/\/campusfounders.de\/de\/","name":"Campus Founders","description":"Home Of Entrepreneurs &amp; Innovators","publisher":{"@id":"https:\/\/campusfounders.de\/de\/#organization"},"potentialAction":[{"@type":"SearchAction","target":{"@type":"EntryPoint","urlTemplate":"https:\/\/campusfounders.de\/de\/?s={search_term_string}"},"query-input":{"@type":"PropertyValueSpecification","valueRequired":true,"valueName":"search_term_string"}}],"inLanguage":"de"},{"@type":"Organization","@id":"https:\/\/campusfounders.de\/de\/#organization","name":"Campus Founders","url":"https:\/\/campusfounders.de\/de\/","logo":{"@type":"ImageObject","inLanguage":"de","@id":"https:\/\/campusfounders.de\/de\/#\/schema\/logo\/image\/","url":"https:\/\/campusfounders.de\/wp-content\/uploads\/2021\/09\/Logo-CMYK-Original.svg","contentUrl":"https:\/\/campusfounders.de\/wp-content\/uploads\/2021\/09\/Logo-CMYK-Original.svg","width":1591,"height":247,"caption":"Campus Founders"},"image":{"@id":"https:\/\/campusfounders.de\/de\/#\/schema\/logo\/image\/"}}]}},"_links":{"self":[{"href":"https:\/\/campusfounders.de\/de\/wp-json\/wp\/v2\/pages\/13549","targetHints":{"allow":["GET"]}}],"collection":[{"href":"https:\/\/campusfounders.de\/de\/wp-json\/wp\/v2\/pages"}],"about":[{"href":"https:\/\/campusfounders.de\/de\/wp-json\/wp\/v2\/types\/page"}],"author":[{"embeddable":true,"href":"https:\/\/campusfounders.de\/de\/wp-json\/wp\/v2\/users\/5"}],"replies":[{"embeddable":true,"href":"https:\/\/campusfounders.de\/de\/wp-json\/wp\/v2\/comments?post=13549"}],"version-history":[{"count":10,"href":"https:\/\/campusfounders.de\/de\/wp-json\/wp\/v2\/pages\/13549\/revisions"}],"predecessor-version":[{"id":14713,"href":"https:\/\/campusfounders.de\/de\/wp-json\/wp\/v2\/pages\/13549\/revisions\/14713"}],"up":[{"embeddable":true,"href":"https:\/\/campusfounders.de\/de\/wp-json\/wp\/v2\/pages\/13539"}],"wp:attachment":[{"href":"https:\/\/campusfounders.de\/de\/wp-json\/wp\/v2\/media?parent=13549"}],"curies":[{"name":"wp","href":"https:\/\/api.w.org\/{rel}","templated":true}]}}