{"id":13624,"date":"2022-02-27T16:02:02","date_gmt":"2022-02-27T15:02:02","guid":{"rendered":"https:\/\/dev.campusfounders.de\/privacy-policy\/social-media\/"},"modified":"2023-02-22T12:44:42","modified_gmt":"2023-02-22T11:44:42","slug":"social-media","status":"publish","type":"page","link":"https:\/\/campusfounders.de\/de\/privacy-policy\/social-media\/","title":{"rendered":"Social Media"},"content":{"rendered":"\t\t<div data-elementor-type=\"wp-page\" data-elementor-id=\"13624\" class=\"elementor elementor-13624 elementor-13455\" data-elementor-post-type=\"page\">\n\t\t\t\t\t\t<section data-particle_enable=\"false\" data-particle-mobile-disabled=\"false\" class=\"elementor-section elementor-top-section elementor-element elementor-element-fef47b5 bg-mako cf-section cf-hero elementor-section-height-min-height elementor-section-boxed elementor-section-height-default elementor-section-items-middle\" data-id=\"fef47b5\" data-element_type=\"section\" data-e-type=\"section\" data-settings=\"{&quot;background_background&quot;:&quot;classic&quot;}\">\n\t\t\t\t\t\t\t<div class=\"elementor-background-overlay\"><\/div>\n\t\t\t\t\t\t\t<div class=\"elementor-container elementor-column-gap-default\">\n\t\t\t\t\t<div class=\"elementor-column elementor-col-100 elementor-top-column elementor-element elementor-element-2effb46\" data-id=\"2effb46\" data-element_type=\"column\" data-e-type=\"column\">\n\t\t\t<div class=\"elementor-widget-wrap elementor-element-populated\">\n\t\t\t\t\t\t<div class=\"elementor-element elementor-element-de90da1 elementor-widget elementor-widget-cf-motto\" data-id=\"de90da1\" data-element_type=\"widget\" data-e-type=\"widget\" data-widget_type=\"cf-motto.default\">\n\t\t\t\t<div class=\"elementor-widget-container\">\n\t\t\t\t\t<style>hr.motto-seperator{width:115px!important; height:4px; border:0;  float:left;} <\/style>\n        <h2 class='motto-title' style='text-align:left'>\n        <hr class='motto-seperator' align=left\/>\n        <div style='clear:both'><span class='motto-accent'>Datenschutz <\/span>\n        <span class='motto-rest'> Social Media<\/span>\n        <\/div>\n        <\/h2>\t\t\t\t<\/div>\n\t\t\t\t<\/div>\n\t\t\t\t\t<\/div>\n\t\t<\/div>\n\t\t\t\t\t<\/div>\n\t\t<\/section>\n\t\t\t\t<section data-particle_enable=\"false\" data-particle-mobile-disabled=\"false\" class=\"elementor-section elementor-top-section elementor-element elementor-element-0e9a1e7 shadower w100 cf-section cf-summary elementor-section-boxed elementor-section-height-default elementor-section-height-default\" data-id=\"0e9a1e7\" data-element_type=\"section\" data-e-type=\"section\" data-settings=\"{&quot;background_background&quot;:&quot;classic&quot;}\">\n\t\t\t\t\t\t<div class=\"elementor-container elementor-column-gap-no\">\n\t\t\t\t\t<div class=\"elementor-column elementor-col-100 elementor-top-column elementor-element elementor-element-ee6a650\" data-id=\"ee6a650\" data-element_type=\"column\" data-e-type=\"column\" data-settings=\"{&quot;background_background&quot;:&quot;classic&quot;}\">\n\t\t\t<div class=\"elementor-widget-wrap elementor-element-populated\">\n\t\t\t\t\t\t<div class=\"elementor-element elementor-element-77b81b2 elementor-widget elementor-widget-heading\" data-id=\"77b81b2\" data-element_type=\"widget\" data-e-type=\"widget\" data-widget_type=\"heading.default\">\n\t\t\t\t<div class=\"elementor-widget-container\">\n\t\t\t\t\t<h2 class=\"elementor-heading-title elementor-size-default\"><a href=\"https:\/\/campusfounders.de\/de\/privacy-policy\/\">\u00ab DATENSCHUTZ<\/a><\/h2>\t\t\t\t<\/div>\n\t\t\t\t<\/div>\n\t\t\t\t\t<\/div>\n\t\t<\/div>\n\t\t\t\t\t<\/div>\n\t\t<\/section>\n\t\t\t\t<section data-particle_enable=\"false\" data-particle-mobile-disabled=\"false\" class=\"elementor-section elementor-top-section elementor-element elementor-element-c02e79a cf-section cf-desc cf-section-light-last cf-section-light-first elementor-section-boxed elementor-section-height-default elementor-section-height-default\" data-id=\"c02e79a\" data-element_type=\"section\" data-e-type=\"section\" data-settings=\"{&quot;background_background&quot;:&quot;classic&quot;}\">\n\t\t\t\t\t\t<div class=\"elementor-container elementor-column-gap-default\">\n\t\t\t\t\t<div class=\"elementor-column elementor-col-100 elementor-top-column elementor-element elementor-element-582088e\" data-id=\"582088e\" data-element_type=\"column\" data-e-type=\"column\">\n\t\t\t<div class=\"elementor-widget-wrap elementor-element-populated\">\n\t\t\t\t\t\t<div class=\"elementor-element elementor-element-fc07c6e elementor-widget elementor-widget-text-editor\" data-id=\"fc07c6e\" data-element_type=\"widget\" data-e-type=\"widget\" data-widget_type=\"text-editor.default\">\n\t\t\t\t<div class=\"elementor-widget-container\">\n\t\t\t\t\t\t\t\t\tNachfolgend m\u00f6chten wir Sie \u00fcber den Umgang mit Ihren Daten auf unseren <strong>Social Media Seiten<\/strong> gem. Art. 13 Datenschutzgrundverordnung (DSGVO) informieren.\r\n\r\n<strong>Verantwortlicher<\/strong>\r\n\r\nWir, die Campus Founders gGmbH (Bildungscampus 1, D-74076 Heilbronn, info@campusfounders.de), betreiben folgende Social Media Seiten:\r\n\r\n\u2013 Twitter: [https:\/\/twitter.com\/WelcomeFounders]\r\n\u2013 Facebook: [https:\/\/www.facebook.com\/CampusFounders-2576697832343103]\r\n\u2013 LinkedIn: [https:\/\/de.linkedin.com\/company\/campusfounders]\r\n\u2013 YouTube: [https:\/\/www.youtube.com\/channel\/UCyJkohxAWIx6Ohvh3AXlSwQ]\r\n\u2013 Instagram: [https:\/\/www.instagram.com\/campus__founders\/?hl=en]\r\n\u2013 Eventbrite [http:\/\/campus-founders.eventbrite.com]\r\n\r\nNeben uns gibt es noch den Betreiber der Social Media-Plattform an sich. Auch dieser ist insofern ein weiterer Verantwortlicher, der eine Datenverarbeitung durchf\u00fchrt, auf die wir jedoch nur begrenzten Einfluss haben. An den Stellen, an denen wir Einfluss nehmen k\u00f6nnen, wirken wir im Rahmen der uns zur Verf\u00fcgung stehenden M\u00f6glichkeiten auf den datenschutzgerechten Umgang durch den Betreiber der Social Media-Plattform hin. An vielen Stellen k\u00f6nnen wir die Datenverarbeitung durch den Betreiber der Social Media-Plattform aber nicht beeinflussen und wissen auch nicht genau, welche Daten dieser verarbeitet.\r\n\r\n<strong>Datenverarbeitung durch uns<\/strong>\r\n\r\nDie von Ihnen auf unseren Social Media Seiten eingegebenen Daten wie z. B. Kommentare, Videos, Bilder, Likes, \u00f6ffentliche Nachrichten etc. werden durch die Social Media-Plattform ver\u00f6ffentlicht und von uns zu keiner Zeit f\u00fcr andere Zwecke verwendet oder verarbeitet. Wir behalten uns lediglich vor, Inhalte zu l\u00f6schen, sofern dies erforderlich sein sollte. Ggf. teilen wir Ihre Inhalte auf unserer Seite, wenn dies eine Funktion der Social Media Plattform ist und kommunizieren \u00fcber die Social Media Plattform mit Ihnen. Rechtsgrundlage ist Art. 6 Abs. 1 S. 1 lit. f DSGVO. Die Datenverarbeitung erfolgt im Interesse unserer \u00d6ffentlichkeitsarbeit und Kommunikation.\r\n\r\n<span style=\"text-decoration: underline;\"><strong>Wenn Sie einer bestimmten Datenverarbeitung, auf die wir einen Einfluss haben, widersprechen m\u00f6chten, wenden Sie sich bitte an die im obigen genannten Kontaktdaten. Wir pr\u00fcfen Ihren Widerspruch dann f\u00fcr die uns betreffende Verarbeitung Ihrer Daten. Sofern Sie Ihr Widerspruchsrecht gegen\u00fcber der Plattform wahrnehmen m\u00f6chten, ist diese direkt zu kontaktieren.<\/strong><\/span>\r\n\r\nSofern Sie uns eine Anfrage auf der Social Media-Plattform stellen, verweisen wir je nach der erforderlichen Antwort ggf. auch auf andere, sichere Kommunikationswege, die Vertraulichkeit garantieren. Sie haben immer die M\u00f6glichkeit, uns vertrauliche Anfragen an unsere im Impressum genannte Anschrift zu schicken.\r\n\r\nWie bereits ausgef\u00fchrt, achten wir an den Stellen, an denen uns der Anbieter des Social Media Dienstes die M\u00f6glichkeit gibt, darauf, unsere Social Media Seiten m\u00f6glichst datenschutzkonform zu gestalten. Wir nutzen daher insbesondere nicht die demografischen, interessenbasierten, verhaltensbasierten oder standortbasierten Zielgruppendefinitionen f\u00fcr Werbung, die uns der Anbieter des Social Media Dienstes ggf. zur Verf\u00fcgung stellt. Im Hinblick auf Statistiken, die uns der Anbieter des Social Media Dienstes zur Verf\u00fcgung stellt, k\u00f6nnen wir diese nur bedingt beeinflussen und auch nicht abschalten. Wir achten aber darauf, dass uns keine zus\u00e4tzlichen optionalen Statistiken zur Verf\u00fcgung gestellt werden.\r\n\r\nBzgl. Daten, die Sie uns auf einem vertraulichen Weg zukommen lassen (bspw. per Brief oder E-Mail) schlie\u00dfen wir eine Weitergabe der Daten an Dritte au\u00dferhalb des Social Media Dienstes grunds\u00e4tzlich aus. Ausnahmsweise werden Daten in unserem Auftrag von Auftragsverarbeitern verarbeitet. Diese sind jeweils sorgf\u00e4ltig ausgesucht, werden von uns zudem vertraglich nach Art. 28 DSGVO verpflichtet.\r\n\r\nAlle personenbezogenen Angaben, die Sie uns gegen\u00fcber bei Anfragen (Anregung, Lob oder Kritik) per sicherer Nachricht (bspw. per Brief oder E-Mail) zukommen lassen, werden von uns sp\u00e4testens 90 Tage nach der erteilten finalen R\u00fcckantwort an Sie gel\u00f6scht, bzw. sicher anonymisiert. Die Aufbewahrung von 90 Tagen erkl\u00e4rt sich aus dem Umstand, dass es vereinzelt vorkommen kann, dass Sie uns als Kunde nach einer Antwort nochmals zu der gleichen Sache kontaktieren und wir dann auf die Vorkorrespondenz beziehen k\u00f6nnen m\u00fcssen. Die Erfahrung hat gezeigt, dass in der Regel nach 90 Tagen R\u00fcckfragen zu unseren Antworten nicht mehr vorkommen.\r\n\r\nAlle \u00f6ffentlichen Posts durch Sie auf dieser Social Media Pr\u00e4senz bleiben zeitlich unbegrenzt in der Timeline bestehen, es sei denn wir l\u00f6schen diese aufgrund einer Aktualisierung des zugrundeliegenden Themas, eines Rechtsversto\u00dfes oder Versto\u00dfes gegen unsere Leitlinien oder Sie l\u00f6schen den Post selbst wieder.\r\n\r\nBzgl. der L\u00f6schung Ihrer Daten durch den Anbieter des Social Media Dienstes selbst haben wir keine Einwirkungsm\u00f6glichkeiten. Es gelten daher hierzu erg\u00e4nzend die Datenschutzbestimmungen des jeweiligen Betreibers.\r\n\r\n<strong>Datenverarbeitung durch den Betreiber der Social Media-Plattform<\/strong>\r\n\r\nDer Betreiber der Social Media Plattform setzt Webtrackingmethoden ein. Das Webtracking kann dabei auch unabh\u00e4ngig davon erfolgen, ob Sie bei der Social Media-Plattform angemeldet oder registriert sind. Wie bereits dargestellt k\u00f6nnen wir auf die Webtrackingmethoden der Social Media-Plattform leider kaum Einfluss nehmen. Wir k\u00f6nnen dieses z.B. nicht abschalten.\r\n\r\n<strong>Bitte seien Sie sich dar\u00fcber bewusst: Es kann nicht ausgeschlossen werden, dass der Anbieter des Social Media Dienstes Ihre Profil- und Verhaltensdatendaten nutzt, etwa um Ihre Gewohnheiten, pers\u00f6nlichen Beziehungen, Vorlieben usw. auszuwerten. Dies geschieht auf Basis der Datenschutzgrunds\u00e4tze des Anbieters und gegebenenfalls auf Basis der von Ihnen diesem gegen\u00fcber erkl\u00e4rten Einwilligungen.<\/strong> Wir haben insofern keinen Einfluss auf die Verarbeitung <strong>oder Weitergabe Ihrer<\/strong> Daten durch den Anbieter der Social Media-Plattform und auch keinen Zugriff auf etwaig hierdurch erhobene und vom Betreiber gespeicherte Daten.\r\n\r\n<span style=\"text-decoration: underline;\"><strong>N\u00e4here Informationen zur Datenverarbeitung durch den Anbieter der Social Media-Plattform, weitere Widerspruchsm\u00f6glichkeiten finden Sie in der Datenschutzerkl\u00e4rung des Anbieters:<\/strong><\/span>\r\n\r\n\u2013 Twitter: https:\/\/www.twitter.com\/privacy\r\n\u2013 Facebook: https:\/\/www.facebook.com\/about\/privacy\/update und https:\/\/de-de.facebook.com\/legal\/terms\/page_controller_addendum\r\n\u2013 XING: https:\/\/privacy.xing.com\/de\/datenschutzerklaerung\r\n\u2013 LinkedIn: https:\/\/www.linkedin.com\/static?key=privacy_policy\r\n\u2013 YouTube: https:\/\/www.youtube.com\/privacy\r\n\u2013 Instagram: https:\/\/www.instagram.com\/legal\/privacy\/\r\n\u2013 Eventbrite [https:\/\/www.eventbrite.de\/support\/articles\/de\/Troubleshooting\/f-a-fragen-und-antworten-zum-eu-datenschutz-von-eventbrite?lg=de]\r\n\r\n<strong>Ihre Rechte als Nutzer<\/strong>\r\n\r\nSie haben das Recht, nach Art. 15 Abs. 1 DSGVO auf Antrag unentgeltlich Auskunft \u00fcber die bei der Campus Founders gGmbH zu Ihrer Person gespeicherten personenbezogenen Daten zu erhalten.\r\n\r\nZus\u00e4tzlich haben Sie bei Vorliegen der gesetzlichen Voraussetzungen ein Recht auf Berichtigung (Art. 16 DSGVO), L\u00f6schung (Art. 17 DSGVO) und Einschr\u00e4nkung der Verarbeitung (Art. 18 DSGVO) Ihrer personenbezogenen Daten.\r\n\r\nSofern die Datenverarbeitung auf Grundlage des Art. 6 Abs. 1 lit. f DSGVO beruht, steht Ihnen nach Art. 21 DSGVO ein Widerspruchsrecht zu. Soweit Sie einer Datenverarbeitung widersprechen, unterbleibt diese zuk\u00fcnftig, es sein denn, der Verantwortliche kann zwingende schutzw\u00fcrdige Gr\u00fcnde f\u00fcr die weitere Verarbeitung nachweisen, die das Interesse des Betroffenen am Widerspruch \u00fcberwiegen.\r\n\r\nSofern Sie selbst die verarbeiteten Daten zur Verf\u00fcgung gestellt haben, steht Ihnen ein Recht auf Daten\u00fcbertragung nach Art. 20 DSGVO zu. Dies k\u00f6nnen Sie bei Social Media Seiten jedoch in der Regel nur gegen\u00fcber dem Anbieter des Social Media Dienstes geltend machen, da nur dieser Zugriff auf Ihre Profildaten hat.\r\n\r\nSofern die Datenverarbeitung auf Grundlage einer Einwilligung nach Art. 6 Abs. 1 lit. a DSGVO beruht, k\u00f6nnen Sie die Einwilligung jederzeit mit Wirkung f\u00fcr die Zukunft widerrufen, ohne dass die Rechtm\u00e4\u00dfigkeit der bisherigen Verarbeitung ber\u00fchrt wird.\r\n\r\nWenden Sie sich bitte in den zuvor genannten F\u00e4llen, bei offenen Fragen oder im Falle von Beschwerden schriftlich oder per E-Mail an die oben unter \u201eVerantwortlicher\u201c genannten Kontaktdaten oder an den unten genannten Datenschutzbeauftragten.\r\n\r\nZudem steht Ihnen nach Art. 77 DSGVO das Recht zur Beschwerde bei einer Datenschutz-Aufsichtsbeh\u00f6rde zu. Zust\u00e4ndig ist die Datenschutz-Aufsichtsbeh\u00f6rde des Bundeslandes, in dem Ihr Aufenthaltsort, Ihr Arbeitsplatz oder des Orts des mutma\u00dflichen Versto\u00dfes geltend gemacht wird.\r\n\r\n<strong>Information nach Art. 26 Abs. 2 DSGVO<\/strong>\r\n\r\nMit dem Anbieter des Social Media Dienstes besteht ein Verh\u00e4ltnis nach Art. 26 Abs. 1 DSGVO (Gemeinsame Verantwortlichkeit). In diesem Rahmen betreibt dieser die gesamte IT Infrastruktur des Dienstes, h\u00e4lt eigene Datenschutzbestimmungen vor, unterh\u00e4lt ein eigens Nutzerverh\u00e4ltnis zu Ihnen (sofern Sie ein registrierter User des Social Media Dienstes sind) und ist zusammen mit der Campus Founders gGmbH auch mit f\u00fcr die L\u00f6schung von rechtswidrigen oder unangemessenen Posts und Inhalten auf der Seite verantwortlich.\r\n\r\nZudem ist der Anbieter allein f\u00fcr alle Fragen bez\u00fcglich der Daten Ihres Benutzerprofils verantwortlich, auf welches wir als Betreiber der Social Media Seite keinen Zugriff haben. Auf die durch die Campus Founders gGmbH erfolgende Verarbeitung Ihrer Daten im Rahmen Ihrer Kommunikation mit uns hat der Anbieter keine Einwirkungsm\u00f6glichkeiten. Sofern Sie gegen\u00fcber dem Anbieter des jeweiligen Social Media Dienstes per Einwilligung weitergehende Verarbeitungen genehmigten haben, so ist Anbieter allein f\u00fcr die auf der Einwilligung basierenden Datenverarbeitung verantwortlich.\r\n\r\n<strong>Kontaktdaten des Datenschutzbeauftragten<\/strong>\r\n\r\nUnser Datenschutzbeauftragter steht Ihnen gerne f\u00fcr Ausk\u00fcnfte oder Anregungen zum Thema Datenschutz zur Verf\u00fcgung:\r\n\r\ndatenschutz s\u00fcd GmbH\r\n\r\nKennwort: \u201eCampus Founders gGmbH\u201c\r\n\r\nW\u00f6rthstra\u00dfe 15\r\n\r\n97082 W\u00fcrzburg\r\n\r\nE-Mail: office@datenschutz-sued.de\r\n\r\nTelefon: 0931 304 976 0\t\t\t\t\t\t\t\t<\/div>\n\t\t\t\t<\/div>\n\t\t\t\t\t<\/div>\n\t\t<\/div>\n\t\t\t\t\t<\/div>\n\t\t<\/section>\n\t\t\t\t<\/div>\n\t\t","protected":false},"excerpt":{"rendered":"<p>Datenschutz Social Media \u00ab DATENSCHUTZ Nachfolgend m\u00f6chten wir Sie \u00fcber den Umgang mit Ihren Daten auf unseren Social Media Seiten gem. Art. 13 Datenschutzgrundverordnung (DSGVO) informieren. Verantwortlicher Wir, die Campus Founders gGmbH (Bildungscampus 1, D-74076 Heilbronn, info@campusfounders.de), betreiben folgende Social Media Seiten: \u2013 Twitter: [https:\/\/twitter.com\/WelcomeFounders] \u2013 Facebook: [https:\/\/www.facebook.com\/CampusFounders-2576697832343103] \u2013 LinkedIn: [https:\/\/de.linkedin.com\/company\/campusfounders] \u2013 YouTube: [https:\/\/www.youtube.com\/channel\/UCyJkohxAWIx6Ohvh3AXlSwQ] \u2013 [&hellip;]<\/p>\n","protected":false},"author":5,"featured_media":0,"parent":13539,"menu_order":0,"comment_status":"closed","ping_status":"closed","template":"","meta":{"inline_featured_image":false,"footnotes":""},"class_list":["post-13624","page","type-page","status-publish","hentry"],"yoast_head":"<!-- This site is optimized with the Yoast SEO plugin v27.2 - https:\/\/yoast.com\/product\/yoast-seo-wordpress\/ -->\n<title>Social Media - Campus Founders<\/title>\n<meta name=\"robots\" content=\"index, follow, max-snippet:-1, max-image-preview:large, max-video-preview:-1\" \/>\n<link rel=\"canonical\" href=\"https:\/\/campusfounders.de\/de\/privacy-policy\/social-media\/\" \/>\n<meta property=\"og:locale\" content=\"de_DE\" \/>\n<meta property=\"og:type\" content=\"article\" \/>\n<meta property=\"og:title\" content=\"Social Media - Campus Founders\" \/>\n<meta property=\"og:description\" content=\"Datenschutz Social Media \u00ab DATENSCHUTZ Nachfolgend m\u00f6chten wir Sie \u00fcber den Umgang mit Ihren Daten auf unseren Social Media Seiten gem. Art. 13 Datenschutzgrundverordnung (DSGVO) informieren. Verantwortlicher Wir, die Campus Founders gGmbH (Bildungscampus 1, D-74076 Heilbronn, info@campusfounders.de), betreiben folgende Social Media Seiten: \u2013 Twitter: [https:\/\/twitter.com\/WelcomeFounders] \u2013 Facebook: [https:\/\/www.facebook.com\/CampusFounders-2576697832343103] \u2013 LinkedIn: [https:\/\/de.linkedin.com\/company\/campusfounders] \u2013 YouTube: [https:\/\/www.youtube.com\/channel\/UCyJkohxAWIx6Ohvh3AXlSwQ] \u2013 [&hellip;]\" \/>\n<meta property=\"og:url\" content=\"https:\/\/campusfounders.de\/de\/privacy-policy\/social-media\/\" \/>\n<meta property=\"og:site_name\" content=\"Campus Founders\" \/>\n<meta property=\"article:modified_time\" content=\"2023-02-22T11:44:42+00:00\" \/>\n<meta name=\"twitter:card\" content=\"summary_large_image\" \/>\n<meta name=\"twitter:label1\" content=\"Gesch\u00e4tzte Lesezeit\" \/>\n\t<meta name=\"twitter:data1\" content=\"7\u00a0Minuten\" \/>\n<script type=\"application\/ld+json\" class=\"yoast-schema-graph\">{\"@context\":\"https:\/\/schema.org\",\"@graph\":[{\"@type\":\"WebPage\",\"@id\":\"https:\/\/campusfounders.de\/de\/privacy-policy\/social-media\/\",\"url\":\"https:\/\/campusfounders.de\/de\/privacy-policy\/social-media\/\",\"name\":\"Social Media - Campus Founders\",\"isPartOf\":{\"@id\":\"https:\/\/campusfounders.de\/de\/#website\"},\"datePublished\":\"2022-02-27T15:02:02+00:00\",\"dateModified\":\"2023-02-22T11:44:42+00:00\",\"breadcrumb\":{\"@id\":\"https:\/\/campusfounders.de\/de\/privacy-policy\/social-media\/#breadcrumb\"},\"inLanguage\":\"de\",\"potentialAction\":[{\"@type\":\"ReadAction\",\"target\":[\"https:\/\/campusfounders.de\/de\/privacy-policy\/social-media\/\"]}]},{\"@type\":\"BreadcrumbList\",\"@id\":\"https:\/\/campusfounders.de\/de\/privacy-policy\/social-media\/#breadcrumb\",\"itemListElement\":[{\"@type\":\"ListItem\",\"position\":1,\"name\":\"Datenschutz\",\"item\":\"https:\/\/campusfounders.de\/de\/privacy-policy\/\"},{\"@type\":\"ListItem\",\"position\":2,\"name\":\"Social Media\"}]},{\"@type\":\"WebSite\",\"@id\":\"https:\/\/campusfounders.de\/de\/#website\",\"url\":\"https:\/\/campusfounders.de\/de\/\",\"name\":\"Campus Founders\",\"description\":\"Home Of Entrepreneurs &amp; Innovators\",\"publisher\":{\"@id\":\"https:\/\/campusfounders.de\/de\/#organization\"},\"potentialAction\":[{\"@type\":\"SearchAction\",\"target\":{\"@type\":\"EntryPoint\",\"urlTemplate\":\"https:\/\/campusfounders.de\/de\/?s={search_term_string}\"},\"query-input\":{\"@type\":\"PropertyValueSpecification\",\"valueRequired\":true,\"valueName\":\"search_term_string\"}}],\"inLanguage\":\"de\"},{\"@type\":\"Organization\",\"@id\":\"https:\/\/campusfounders.de\/de\/#organization\",\"name\":\"Campus Founders\",\"url\":\"https:\/\/campusfounders.de\/de\/\",\"logo\":{\"@type\":\"ImageObject\",\"inLanguage\":\"de\",\"@id\":\"https:\/\/campusfounders.de\/de\/#\/schema\/logo\/image\/\",\"url\":\"https:\/\/campusfounders.de\/wp-content\/uploads\/2021\/09\/Logo-CMYK-Original.svg\",\"contentUrl\":\"https:\/\/campusfounders.de\/wp-content\/uploads\/2021\/09\/Logo-CMYK-Original.svg\",\"width\":1591,\"height\":247,\"caption\":\"Campus Founders\"},\"image\":{\"@id\":\"https:\/\/campusfounders.de\/de\/#\/schema\/logo\/image\/\"}}]}<\/script>\n<!-- \/ Yoast SEO plugin. -->","yoast_head_json":{"title":"Social Media - Campus Founders","robots":{"index":"index","follow":"follow","max-snippet":"max-snippet:-1","max-image-preview":"max-image-preview:large","max-video-preview":"max-video-preview:-1"},"canonical":"https:\/\/campusfounders.de\/de\/privacy-policy\/social-media\/","og_locale":"de_DE","og_type":"article","og_title":"Social Media - Campus Founders","og_description":"Datenschutz Social Media \u00ab DATENSCHUTZ Nachfolgend m\u00f6chten wir Sie \u00fcber den Umgang mit Ihren Daten auf unseren Social Media Seiten gem. Art. 13 Datenschutzgrundverordnung (DSGVO) informieren. Verantwortlicher Wir, die Campus Founders gGmbH (Bildungscampus 1, D-74076 Heilbronn, info@campusfounders.de), betreiben folgende Social Media Seiten: \u2013 Twitter: [https:\/\/twitter.com\/WelcomeFounders] \u2013 Facebook: [https:\/\/www.facebook.com\/CampusFounders-2576697832343103] \u2013 LinkedIn: [https:\/\/de.linkedin.com\/company\/campusfounders] \u2013 YouTube: [https:\/\/www.youtube.com\/channel\/UCyJkohxAWIx6Ohvh3AXlSwQ] \u2013 [&hellip;]","og_url":"https:\/\/campusfounders.de\/de\/privacy-policy\/social-media\/","og_site_name":"Campus Founders","article_modified_time":"2023-02-22T11:44:42+00:00","twitter_card":"summary_large_image","twitter_misc":{"Gesch\u00e4tzte Lesezeit":"7\u00a0Minuten"},"schema":{"@context":"https:\/\/schema.org","@graph":[{"@type":"WebPage","@id":"https:\/\/campusfounders.de\/de\/privacy-policy\/social-media\/","url":"https:\/\/campusfounders.de\/de\/privacy-policy\/social-media\/","name":"Social Media - Campus Founders","isPartOf":{"@id":"https:\/\/campusfounders.de\/de\/#website"},"datePublished":"2022-02-27T15:02:02+00:00","dateModified":"2023-02-22T11:44:42+00:00","breadcrumb":{"@id":"https:\/\/campusfounders.de\/de\/privacy-policy\/social-media\/#breadcrumb"},"inLanguage":"de","potentialAction":[{"@type":"ReadAction","target":["https:\/\/campusfounders.de\/de\/privacy-policy\/social-media\/"]}]},{"@type":"BreadcrumbList","@id":"https:\/\/campusfounders.de\/de\/privacy-policy\/social-media\/#breadcrumb","itemListElement":[{"@type":"ListItem","position":1,"name":"Datenschutz","item":"https:\/\/campusfounders.de\/de\/privacy-policy\/"},{"@type":"ListItem","position":2,"name":"Social Media"}]},{"@type":"WebSite","@id":"https:\/\/campusfounders.de\/de\/#website","url":"https:\/\/campusfounders.de\/de\/","name":"Campus Founders","description":"Home Of Entrepreneurs &amp; Innovators","publisher":{"@id":"https:\/\/campusfounders.de\/de\/#organization"},"potentialAction":[{"@type":"SearchAction","target":{"@type":"EntryPoint","urlTemplate":"https:\/\/campusfounders.de\/de\/?s={search_term_string}"},"query-input":{"@type":"PropertyValueSpecification","valueRequired":true,"valueName":"search_term_string"}}],"inLanguage":"de"},{"@type":"Organization","@id":"https:\/\/campusfounders.de\/de\/#organization","name":"Campus Founders","url":"https:\/\/campusfounders.de\/de\/","logo":{"@type":"ImageObject","inLanguage":"de","@id":"https:\/\/campusfounders.de\/de\/#\/schema\/logo\/image\/","url":"https:\/\/campusfounders.de\/wp-content\/uploads\/2021\/09\/Logo-CMYK-Original.svg","contentUrl":"https:\/\/campusfounders.de\/wp-content\/uploads\/2021\/09\/Logo-CMYK-Original.svg","width":1591,"height":247,"caption":"Campus Founders"},"image":{"@id":"https:\/\/campusfounders.de\/de\/#\/schema\/logo\/image\/"}}]}},"_links":{"self":[{"href":"https:\/\/campusfounders.de\/de\/wp-json\/wp\/v2\/pages\/13624","targetHints":{"allow":["GET"]}}],"collection":[{"href":"https:\/\/campusfounders.de\/de\/wp-json\/wp\/v2\/pages"}],"about":[{"href":"https:\/\/campusfounders.de\/de\/wp-json\/wp\/v2\/types\/page"}],"author":[{"embeddable":true,"href":"https:\/\/campusfounders.de\/de\/wp-json\/wp\/v2\/users\/5"}],"replies":[{"embeddable":true,"href":"https:\/\/campusfounders.de\/de\/wp-json\/wp\/v2\/comments?post=13624"}],"version-history":[{"count":5,"href":"https:\/\/campusfounders.de\/de\/wp-json\/wp\/v2\/pages\/13624\/revisions"}],"predecessor-version":[{"id":22599,"href":"https:\/\/campusfounders.de\/de\/wp-json\/wp\/v2\/pages\/13624\/revisions\/22599"}],"up":[{"embeddable":true,"href":"https:\/\/campusfounders.de\/de\/wp-json\/wp\/v2\/pages\/13539"}],"wp:attachment":[{"href":"https:\/\/campusfounders.de\/de\/wp-json\/wp\/v2\/media?parent=13624"}],"curies":[{"name":"wp","href":"https:\/\/api.w.org\/{rel}","templated":true}]}}