{"id":14437,"date":"2022-03-02T13:13:30","date_gmt":"2022-03-02T12:13:30","guid":{"rendered":"https:\/\/dev.campusfounders.de\/dankeschoen\/"},"modified":"2025-05-27T15:02:45","modified_gmt":"2025-05-27T13:02:45","slug":"dankeschoen","status":"publish","type":"page","link":"https:\/\/campusfounders.de\/de\/dankeschoen\/","title":{"rendered":"Dankesch\u00f6n"},"content":{"rendered":"\t\t<div data-elementor-type=\"wp-page\" data-elementor-id=\"14437\" class=\"elementor elementor-14437 elementor-5963\" data-elementor-post-type=\"page\">\n\t\t\t\t\t\t<section data-particle_enable=\"false\" data-particle-mobile-disabled=\"false\" class=\"elementor-section elementor-top-section elementor-element elementor-element-da98160 elementor-section-height-min-height elementor-section-content-middle cf-section elementor-section-boxed elementor-section-height-default elementor-section-items-middle\" data-id=\"da98160\" data-element_type=\"section\" data-e-type=\"section\" data-settings=\"{&quot;background_background&quot;:&quot;classic&quot;}\">\n\t\t\t\t\t\t<div class=\"elementor-container elementor-column-gap-default\">\n\t\t\t\t\t<div class=\"elementor-column elementor-col-100 elementor-top-column elementor-element elementor-element-02f51f7\" data-id=\"02f51f7\" data-element_type=\"column\" data-e-type=\"column\">\n\t\t\t<div class=\"elementor-widget-wrap elementor-element-populated\">\n\t\t\t\t\t\t<div class=\"elementor-element elementor-element-5a2ea35 elementor-widget elementor-widget-html\" data-id=\"5a2ea35\" data-element_type=\"widget\" data-e-type=\"widget\" data-widget_type=\"html.default\">\n\t\t\t\t<div class=\"elementor-widget-container\">\n\t\t\t\t\t<!-- code --><br><script type=\"text\/javascript\">\r\n_linkedin_partner_id = \"5279713\";\r\nwindow._linkedin_data_partner_ids = window._linkedin_data_partner_ids || [];\r\nwindow._linkedin_data_partner_ids.push(_linkedin_partner_id);\r\n<\/script><script type=\"text\/javascript\">\r\n(function(l) {\r\nif (!l){window.lintrk = function(a,b){window.lintrk.q.push([a,b])};\r\nwindow.lintrk.q=[]}\r\nvar s = document.getElementsByTagName(\"script\")[0];\r\nvar b = document.createElement(\"script\");\r\nb.type = \"text\/javascript\";b.async = true;\r\nb.src = \"https:\/\/snap.licdn.com\/li.lms-analytics\/insight.min.js\";\r\ns.parentNode.insertBefore(b, s);})(window.lintrk);\r\n<\/script><br><noscript>\r\n<img decoding=\"async\" height=\"1\" width=\"1\" style=\"display:none;\" alt=\"\" src=\"https:\/\/px.ads.linkedin.com\/collect\/?pid=5279713&fmt=gif\" \/>\r\n<\/noscript><br><!-- Meta Pixel Code --><br><script>\r\n!function(f,b,e,v,n,t,s)\r\n{if(f.fbq)return;n=f.fbq=function(){n.callMethod?\r\nn.callMethod.apply(n,arguments):n.queue.push(arguments)};\r\nif(!f._fbq)f._fbq=n;n.push=n;n.loaded=!0;n.version='2.0';\r\nn.queue=[];t=b.createElement(e);t.async=!0;\r\nt.src=v;s=b.getElementsByTagName(e)[0];\r\ns.parentNode.insertBefore(t,s)}(window, document,'script',\r\n'https:\/\/connect.facebook.net\/en_US\/fbevents.js');\r\nfbq('init', '685407110480161');\r\nfbq('track', 'PageView');\r\n<\/script><br><noscript><img height=\"1\" width=\"1\" style=\"display:none\"\r\nsrc=\"https:\/\/www.facebook.com\/tr?id=685407110480161&ev=PageView&noscript=1\"\r\n\/><\/noscript><br><!-- End Meta Pixel Code --><br><!-- Reddit Pixel --><br><script>\r\n!function(w,d){if(!w.rdt){var p=w.rdt=function(){p.sendEvent?p.sendEvent.apply(p,arguments):p.callQueue.push(arguments)};p.callQueue=[];var t=d.createElement(\"script\");t.src=\"https:\/\/www.redditstatic.com\/ads\/pixel.js\",t.async=!0;var s=d.getElementsByTagName(\"script\")[0];s.parentNode.insertBefore(t,s)}}(window,document);rdt('init','a2_g904nagqivhh');rdt('track', 'PageVisit');\r\n<\/script><br><!-- DO NOT MODIFY UNLESS TO REPLACE A USER IDENTIFIER --><br><!-- End Reddit Pixel --><br><!-- Google tag (gtag.js) --><br><script async src=\"https:\/\/www.googletagmanager.com\/gtag\/js?id=AW-10875061527\"><\/script><br><script>\r\n  window.dataLayer = window.dataLayer || [];\r\n  function gtag(){dataLayer.push(arguments);}\r\n  gtag('js', new Date());\r\n\r\n  gtag('config', 'AW-10875061527');\r\n<\/script><br><!-- Event snippet for INC3_ThankyouPage conversion page --><br><script>\r\n  gtag('event', 'conversion', {\r\n      'send_to': 'AW-10875061527\/XN8PCMqtt68aEJeK0cEo',\r\n      'transaction_id': ''\r\n  });\r\n<\/script><br>\t\t\t\t<\/div>\n\t\t\t\t<\/div>\n\t\t\t\t<div class=\"elementor-element elementor-element-74b6bd8 elementor-widget elementor-widget-html\" data-id=\"74b6bd8\" data-element_type=\"widget\" data-e-type=\"widget\" data-widget_type=\"html.default\">\n\t\t\t\t<div class=\"elementor-widget-container\">\n\t\t\t\t\t<style>\r\n   .speech-bubble {\r\n  position: relative;\r\n  width: 100%;\r\n  background-color: #fff;\r\n  padding: 1.125em 1.5em;\r\n  font-size: 1.25em;\r\n  border-radius: 1rem;\r\n  box-shadow: 0 0.125rem 0.5rem rgba(0, 0, 0, 0.3), 0 0.0625rem 0.125rem rgba(0, 0, 0, 0.2);\r\n    box-shadow: 12px 12px var( --e-global-color-text);\r\n\r\n    font-size: 17pt;\r\n    font-weight: 400;\r\nfont-family: \"Titillium Web\", Sans-serif;\r\ntext-align: center\r\n        }\r\n .speech-bubble::before {\r\n  content: \"\";\r\n  position: absolute;\r\n  bottom: -25px;\r\n  left: 50%;\r\n  margin-left:-15px;\r\n  border: 25px solid transparent;\r\n  border-bottom: none;\r\n  border-top-color: #fff;\r\n}\r\n.speech-bubble .title{font-size:32pt;font-weight:bold;}\r\n\r\n\r\n<\/style><br><br><p class=\"speech-bubble\"><span class=\"title\">Danke f\u00fcr deine Bewerbung!<\/span><br\/> Einer unserer Kollegen wird sich bald mit Dir in Verbindung setzen!<\/p>\t\t\t\t<\/div>\n\t\t\t\t<\/div>\n\t\t\t\t<div class=\"elementor-element elementor-element-e9a205e elementor-widget elementor-widget-image\" data-id=\"e9a205e\" data-element_type=\"widget\" data-e-type=\"widget\" data-widget_type=\"image.default\">\n\t\t\t\t<div class=\"elementor-widget-container\">\n\t\t\t\t\t\t\t\t\t\t\t\t\t\t\t<img decoding=\"async\" width=\"1\" height=\"1\" src=\"https:\/\/campusfounders.de\/wp-content\/uploads\/2024\/07\/cf-logobg.svg\" class=\"attachment-medium size-medium wp-image-29465\" alt=\"\" \/>\t\t\t\t\t\t\t\t\t\t\t\t\t\t\t<\/div>\n\t\t\t\t<\/div>\n\t\t\t\t\t<\/div>\n\t\t<\/div>\n\t\t\t\t\t<\/div>\n\t\t<\/section>\n\t\t\t\t<section data-particle_enable=\"false\" data-particle-mobile-disabled=\"false\" class=\"elementor-section elementor-top-section elementor-element elementor-element-b98d234 cf-section elementor-section-boxed elementor-section-height-default elementor-section-height-default\" data-id=\"b98d234\" data-element_type=\"section\" data-e-type=\"section\" data-settings=\"{&quot;background_background&quot;:&quot;classic&quot;}\">\n\t\t\t\t\t\t<div class=\"elementor-container elementor-column-gap-default\">\n\t\t\t\t\t<div class=\"elementor-column elementor-col-50 elementor-top-column elementor-element elementor-element-5b9b921\" data-id=\"5b9b921\" data-element_type=\"column\" data-e-type=\"column\">\n\t\t\t<div class=\"elementor-widget-wrap elementor-element-populated\">\n\t\t\t\t\t\t<div class=\"elementor-element elementor-element-ae18ca0 elementor-align-right elementor-widget elementor-widget-button\" data-id=\"ae18ca0\" data-element_type=\"widget\" data-e-type=\"widget\" data-widget_type=\"button.default\">\n\t\t\t\t<div class=\"elementor-widget-container\">\n\t\t\t\t\t\t\t\t\t<div class=\"elementor-button-wrapper\">\n\t\t\t\t\t<a class=\"elementor-button elementor-button-link elementor-size-sm\" href=\"#\" id=\"btn-back\">\n\t\t\t\t\t\t<span class=\"elementor-button-content-wrapper\">\n\t\t\t\t\t\t\t\t\t<span class=\"elementor-button-text\">Zur\u00fcck<\/span>\n\t\t\t\t\t<\/span>\n\t\t\t\t\t<\/a>\n\t\t\t\t<\/div>\n\t\t\t\t\t\t\t\t<\/div>\n\t\t\t\t<\/div>\n\t\t\t\t\t<\/div>\n\t\t<\/div>\n\t\t\t\t<div class=\"elementor-column elementor-col-50 elementor-top-column elementor-element elementor-element-0464bfc\" data-id=\"0464bfc\" data-element_type=\"column\" data-e-type=\"column\">\n\t\t\t<div class=\"elementor-widget-wrap elementor-element-populated\">\n\t\t\t\t\t\t<div class=\"elementor-element elementor-element-fa9d163 elementor-button-success elementor-widget elementor-widget-button\" data-id=\"fa9d163\" data-element_type=\"widget\" data-e-type=\"widget\" data-widget_type=\"button.default\">\n\t\t\t\t<div class=\"elementor-widget-container\">\n\t\t\t\t\t\t\t\t\t<div class=\"elementor-button-wrapper\">\n\t\t\t\t\t<a class=\"elementor-button elementor-button-link elementor-size-sm\" href=\"https:\/\/campusfounders.de\/de\/\">\n\t\t\t\t\t\t<span class=\"elementor-button-content-wrapper\">\n\t\t\t\t\t\t\t\t\t<span class=\"elementor-button-text\">Home<\/span>\n\t\t\t\t\t<\/span>\n\t\t\t\t\t<\/a>\n\t\t\t\t<\/div>\n\t\t\t\t\t\t\t\t<\/div>\n\t\t\t\t<\/div>\n\t\t\t\t\t<\/div>\n\t\t<\/div>\n\t\t\t\t\t<\/div>\n\t\t<\/section>\n\t\t\t\t<\/div>\n\t\t","protected":false},"excerpt":{"rendered":"<p>Danke f\u00fcr deine Bewerbung! Einer unserer Kollegen wird sich bald mit Dir in Verbindung setzen! Zur\u00fcck Home<\/p>\n","protected":false},"author":5,"featured_media":0,"parent":0,"menu_order":0,"comment_status":"closed","ping_status":"closed","template":"","meta":{"inline_featured_image":false,"footnotes":""},"class_list":["post-14437","page","type-page","status-publish","hentry"],"yoast_head":"<!-- This site is optimized with the Yoast SEO plugin v27.4 - https:\/\/yoast.com\/product\/yoast-seo-wordpress\/ -->\n<title>Dankesch\u00f6n - Campus Founders<\/title>\n<meta name=\"robots\" content=\"index, follow, max-snippet:-1, max-image-preview:large, max-video-preview:-1\" \/>\n<link rel=\"canonical\" href=\"https:\/\/campusfounders.de\/de\/dankeschoen\/\" \/>\n<meta property=\"og:locale\" content=\"de_DE\" \/>\n<meta property=\"og:type\" content=\"article\" \/>\n<meta property=\"og:title\" content=\"Dankesch\u00f6n - Campus Founders\" \/>\n<meta property=\"og:description\" content=\"Danke f\u00fcr deine Bewerbung! Einer unserer Kollegen wird sich bald mit Dir in Verbindung setzen! Zur\u00fcck Home\" \/>\n<meta property=\"og:url\" content=\"https:\/\/campusfounders.de\/de\/dankeschoen\/\" \/>\n<meta property=\"og:site_name\" content=\"Campus Founders\" \/>\n<meta property=\"article:modified_time\" content=\"2025-05-27T13:02:45+00:00\" \/>\n<meta property=\"og:image\" content=\"https:\/\/px.ads.linkedin.com\/collect\/?pid=5279713&fmt=gif\" \/>\n<meta name=\"twitter:card\" content=\"summary_large_image\" \/>\n<script type=\"application\/ld+json\" class=\"yoast-schema-graph\">{\"@context\":\"https:\\\/\\\/schema.org\",\"@graph\":[{\"@type\":\"WebPage\",\"@id\":\"https:\\\/\\\/campusfounders.de\\\/de\\\/dankeschoen\\\/\",\"url\":\"https:\\\/\\\/campusfounders.de\\\/de\\\/dankeschoen\\\/\",\"name\":\"Dankesch\u00f6n - Campus Founders\",\"isPartOf\":{\"@id\":\"https:\\\/\\\/campusfounders.de\\\/de\\\/#website\"},\"primaryImageOfPage\":{\"@id\":\"https:\\\/\\\/campusfounders.de\\\/de\\\/dankeschoen\\\/#primaryimage\"},\"image\":{\"@id\":\"https:\\\/\\\/campusfounders.de\\\/de\\\/dankeschoen\\\/#primaryimage\"},\"thumbnailUrl\":\"https:\\\/\\\/px.ads.linkedin.com\\\/collect\\\/?pid=5279713&fmt=gif\",\"datePublished\":\"2022-03-02T12:13:30+00:00\",\"dateModified\":\"2025-05-27T13:02:45+00:00\",\"inLanguage\":\"de\",\"potentialAction\":[{\"@type\":\"ReadAction\",\"target\":[\"https:\\\/\\\/campusfounders.de\\\/de\\\/dankeschoen\\\/\"]}]},{\"@type\":\"ImageObject\",\"inLanguage\":\"de\",\"@id\":\"https:\\\/\\\/campusfounders.de\\\/de\\\/dankeschoen\\\/#primaryimage\",\"url\":\"https:\\\/\\\/px.ads.linkedin.com\\\/collect\\\/?pid=5279713&fmt=gif\",\"contentUrl\":\"https:\\\/\\\/px.ads.linkedin.com\\\/collect\\\/?pid=5279713&fmt=gif\"},{\"@type\":\"WebSite\",\"@id\":\"https:\\\/\\\/campusfounders.de\\\/de\\\/#website\",\"url\":\"https:\\\/\\\/campusfounders.de\\\/de\\\/\",\"name\":\"Campus Founders\",\"description\":\"Home Of Entrepreneurs &amp; Innovators\",\"publisher\":{\"@id\":\"https:\\\/\\\/campusfounders.de\\\/de\\\/#organization\"},\"potentialAction\":[{\"@type\":\"SearchAction\",\"target\":{\"@type\":\"EntryPoint\",\"urlTemplate\":\"https:\\\/\\\/campusfounders.de\\\/de\\\/?s={search_term_string}\"},\"query-input\":{\"@type\":\"PropertyValueSpecification\",\"valueRequired\":true,\"valueName\":\"search_term_string\"}}],\"inLanguage\":\"de\"},{\"@type\":\"Organization\",\"@id\":\"https:\\\/\\\/campusfounders.de\\\/de\\\/#organization\",\"name\":\"Campus Founders\",\"url\":\"https:\\\/\\\/campusfounders.de\\\/de\\\/\",\"logo\":{\"@type\":\"ImageObject\",\"inLanguage\":\"de\",\"@id\":\"https:\\\/\\\/campusfounders.de\\\/de\\\/#\\\/schema\\\/logo\\\/image\\\/\",\"url\":\"https:\\\/\\\/campusfounders.de\\\/wp-content\\\/uploads\\\/2021\\\/09\\\/Logo-CMYK-Original.svg\",\"contentUrl\":\"https:\\\/\\\/campusfounders.de\\\/wp-content\\\/uploads\\\/2021\\\/09\\\/Logo-CMYK-Original.svg\",\"width\":1591,\"height\":247,\"caption\":\"Campus Founders\"},\"image\":{\"@id\":\"https:\\\/\\\/campusfounders.de\\\/de\\\/#\\\/schema\\\/logo\\\/image\\\/\"}}]}<\/script>\n<!-- \/ Yoast SEO plugin. -->","yoast_head_json":{"title":"Dankesch\u00f6n - Campus Founders","robots":{"index":"index","follow":"follow","max-snippet":"max-snippet:-1","max-image-preview":"max-image-preview:large","max-video-preview":"max-video-preview:-1"},"canonical":"https:\/\/campusfounders.de\/de\/dankeschoen\/","og_locale":"de_DE","og_type":"article","og_title":"Dankesch\u00f6n - Campus Founders","og_description":"Danke f\u00fcr deine Bewerbung! Einer unserer Kollegen wird sich bald mit Dir in Verbindung setzen! Zur\u00fcck Home","og_url":"https:\/\/campusfounders.de\/de\/dankeschoen\/","og_site_name":"Campus Founders","article_modified_time":"2025-05-27T13:02:45+00:00","og_image":[{"url":"https:\/\/px.ads.linkedin.com\/collect\/?pid=5279713&fmt=gif","type":"","width":"","height":""}],"twitter_card":"summary_large_image","schema":{"@context":"https:\/\/schema.org","@graph":[{"@type":"WebPage","@id":"https:\/\/campusfounders.de\/de\/dankeschoen\/","url":"https:\/\/campusfounders.de\/de\/dankeschoen\/","name":"Dankesch\u00f6n - Campus Founders","isPartOf":{"@id":"https:\/\/campusfounders.de\/de\/#website"},"primaryImageOfPage":{"@id":"https:\/\/campusfounders.de\/de\/dankeschoen\/#primaryimage"},"image":{"@id":"https:\/\/campusfounders.de\/de\/dankeschoen\/#primaryimage"},"thumbnailUrl":"https:\/\/px.ads.linkedin.com\/collect\/?pid=5279713&fmt=gif","datePublished":"2022-03-02T12:13:30+00:00","dateModified":"2025-05-27T13:02:45+00:00","inLanguage":"de","potentialAction":[{"@type":"ReadAction","target":["https:\/\/campusfounders.de\/de\/dankeschoen\/"]}]},{"@type":"ImageObject","inLanguage":"de","@id":"https:\/\/campusfounders.de\/de\/dankeschoen\/#primaryimage","url":"https:\/\/px.ads.linkedin.com\/collect\/?pid=5279713&fmt=gif","contentUrl":"https:\/\/px.ads.linkedin.com\/collect\/?pid=5279713&fmt=gif"},{"@type":"WebSite","@id":"https:\/\/campusfounders.de\/de\/#website","url":"https:\/\/campusfounders.de\/de\/","name":"Campus Founders","description":"Home Of Entrepreneurs &amp; Innovators","publisher":{"@id":"https:\/\/campusfounders.de\/de\/#organization"},"potentialAction":[{"@type":"SearchAction","target":{"@type":"EntryPoint","urlTemplate":"https:\/\/campusfounders.de\/de\/?s={search_term_string}"},"query-input":{"@type":"PropertyValueSpecification","valueRequired":true,"valueName":"search_term_string"}}],"inLanguage":"de"},{"@type":"Organization","@id":"https:\/\/campusfounders.de\/de\/#organization","name":"Campus Founders","url":"https:\/\/campusfounders.de\/de\/","logo":{"@type":"ImageObject","inLanguage":"de","@id":"https:\/\/campusfounders.de\/de\/#\/schema\/logo\/image\/","url":"https:\/\/campusfounders.de\/wp-content\/uploads\/2021\/09\/Logo-CMYK-Original.svg","contentUrl":"https:\/\/campusfounders.de\/wp-content\/uploads\/2021\/09\/Logo-CMYK-Original.svg","width":1591,"height":247,"caption":"Campus Founders"},"image":{"@id":"https:\/\/campusfounders.de\/de\/#\/schema\/logo\/image\/"}}]}},"_links":{"self":[{"href":"https:\/\/campusfounders.de\/de\/wp-json\/wp\/v2\/pages\/14437","targetHints":{"allow":["GET"]}}],"collection":[{"href":"https:\/\/campusfounders.de\/de\/wp-json\/wp\/v2\/pages"}],"about":[{"href":"https:\/\/campusfounders.de\/de\/wp-json\/wp\/v2\/types\/page"}],"author":[{"embeddable":true,"href":"https:\/\/campusfounders.de\/de\/wp-json\/wp\/v2\/users\/5"}],"replies":[{"embeddable":true,"href":"https:\/\/campusfounders.de\/de\/wp-json\/wp\/v2\/comments?post=14437"}],"version-history":[{"count":5,"href":"https:\/\/campusfounders.de\/de\/wp-json\/wp\/v2\/pages\/14437\/revisions"}],"predecessor-version":[{"id":30759,"href":"https:\/\/campusfounders.de\/de\/wp-json\/wp\/v2\/pages\/14437\/revisions\/30759"}],"wp:attachment":[{"href":"https:\/\/campusfounders.de\/de\/wp-json\/wp\/v2\/media?parent=14437"}],"curies":[{"name":"wp","href":"https:\/\/api.w.org\/{rel}","templated":true}]}}