{"id":24852,"date":"2023-07-18T14:45:29","date_gmt":"2023-07-18T12:45:29","guid":{"rendered":"https:\/\/campusfounders.de\/community-highlights\/"},"modified":"2024-08-30T12:34:04","modified_gmt":"2024-08-30T10:34:04","slug":"community-highlights","status":"publish","type":"page","link":"https:\/\/campusfounders.de\/de\/community-highlights\/","title":{"rendered":"Campus Founders Newsletter"},"content":{"rendered":"\t\t<div data-elementor-type=\"wp-page\" data-elementor-id=\"24852\" class=\"elementor elementor-24852 elementor-24837\" data-elementor-post-type=\"page\">\n\t\t\t\t\t\t<section data-particle_enable=\"false\" data-particle-mobile-disabled=\"false\" class=\"elementor-section elementor-top-section elementor-element elementor-element-c1c1263 bg-mako cf-section cf-hero elementor-section-height-min-height elementor-section-boxed elementor-section-height-default elementor-section-items-middle\" data-id=\"c1c1263\" data-element_type=\"section\" data-e-type=\"section\" data-settings=\"{&quot;background_background&quot;:&quot;classic&quot;}\">\n\t\t\t\t\t\t\t<div class=\"elementor-background-overlay\"><\/div>\n\t\t\t\t\t\t\t<div class=\"elementor-container elementor-column-gap-default\">\n\t\t\t\t\t<div class=\"elementor-column elementor-col-100 elementor-top-column elementor-element elementor-element-c6eef44\" data-id=\"c6eef44\" data-element_type=\"column\" data-e-type=\"column\">\n\t\t\t<div class=\"elementor-widget-wrap elementor-element-populated\">\n\t\t\t\t\t\t<div class=\"elementor-element elementor-element-3786b03 elementor-widget elementor-widget-cf-motto\" data-id=\"3786b03\" data-element_type=\"widget\" data-e-type=\"widget\" data-widget_type=\"cf-motto.default\">\n\t\t\t\t<div class=\"elementor-widget-container\">\n\t\t\t\t\t<style>hr.motto-seperator{width:115px!important; height:4px; border:0;  float:left;} <\/style>\n        <h2 class='motto-title' style='text-align:left'>\n        <hr class='motto-seperator' align=left\/>\n        <div style='clear:both'><span class='motto-accent'>Campus Founders <\/span>\n        <span class='motto-rest'> Newsletter<\/span>\n        <\/div>\n        <\/h2>\t\t\t\t<\/div>\n\t\t\t\t<\/div>\n\t\t\t\t\t<\/div>\n\t\t<\/div>\n\t\t\t\t\t<\/div>\n\t\t<\/section>\n\t\t\t\t<section data-particle_enable=\"false\" data-particle-mobile-disabled=\"false\" class=\"elementor-section elementor-top-section elementor-element elementor-element-f846308 shadower w100 cf-section cf-summary elementor-section-boxed elementor-section-height-default elementor-section-height-default\" data-id=\"f846308\" data-element_type=\"section\" data-e-type=\"section\" data-settings=\"{&quot;background_background&quot;:&quot;classic&quot;}\">\n\t\t\t\t\t\t<div class=\"elementor-container elementor-column-gap-no\">\n\t\t\t\t\t<div class=\"elementor-column elementor-col-100 elementor-top-column elementor-element elementor-element-978c767\" data-id=\"978c767\" data-element_type=\"column\" data-e-type=\"column\" data-settings=\"{&quot;background_background&quot;:&quot;classic&quot;}\">\n\t\t\t<div class=\"elementor-widget-wrap elementor-element-populated\">\n\t\t\t\t\t\t<div class=\"elementor-element elementor-element-37b27c9 elementor-widget elementor-widget-cf-motto\" data-id=\"37b27c9\" data-element_type=\"widget\" data-e-type=\"widget\" data-widget_type=\"cf-motto.default\">\n\t\t\t\t<div class=\"elementor-widget-container\">\n\t\t\t\t\t<style>hr.motto-seperator{width:px!important; height:px; border:0;  float:left;} <\/style>\n        <h2 class='motto-title' style='text-align:left'>\n        <hr class='motto-seperator' align=left\/>\n        <div style='clear:both'><span class='motto-accent'>Willkommen zu unserem <\/span>\n        <span class='motto-rest'> Campus Founders Newsletter!<\/span>\n        <\/div>\n        <\/h2>\t\t\t\t<\/div>\n\t\t\t\t<\/div>\n\t\t\t\t\t<\/div>\n\t\t<\/div>\n\t\t\t\t\t<\/div>\n\t\t<\/section>\n\t\t\t\t<section data-particle_enable=\"false\" data-particle-mobile-disabled=\"false\" class=\"elementor-section elementor-top-section elementor-element elementor-element-175b73c cf-section cf-desc   cf-section-light-last elementor-section-boxed elementor-section-height-default elementor-section-height-default\" data-id=\"175b73c\" data-element_type=\"section\" data-e-type=\"section\" data-settings=\"{&quot;background_background&quot;:&quot;classic&quot;}\">\n\t\t\t\t\t\t<div class=\"elementor-container elementor-column-gap-default\">\n\t\t\t\t\t<div class=\"elementor-column elementor-col-100 elementor-top-column elementor-element elementor-element-b9a380d\" data-id=\"b9a380d\" data-element_type=\"column\" data-e-type=\"column\">\n\t\t\t<div class=\"elementor-widget-wrap elementor-element-populated\">\n\t\t\t\t\t\t<section data-particle_enable=\"false\" data-particle-mobile-disabled=\"false\" class=\"elementor-section elementor-inner-section elementor-element elementor-element-41f16bd shadower elementor-section-boxed elementor-section-height-default elementor-section-height-default\" data-id=\"41f16bd\" data-element_type=\"section\" data-e-type=\"section\" data-settings=\"{&quot;background_background&quot;:&quot;classic&quot;}\">\n\t\t\t\t\t\t<div class=\"elementor-container elementor-column-gap-wide\">\n\t\t\t\t\t<div class=\"elementor-column elementor-col-100 elementor-inner-column elementor-element elementor-element-c629d27\" data-id=\"c629d27\" data-element_type=\"column\" data-e-type=\"column\">\n\t\t\t<div class=\"elementor-widget-wrap elementor-element-populated\">\n\t\t\t\t\t\t<div class=\"elementor-element elementor-element-12d4d52 elementor-widget elementor-widget-text-editor\" data-id=\"12d4d52\" data-element_type=\"widget\" data-e-type=\"widget\" data-widget_type=\"text-editor.default\">\n\t\t\t\t<div class=\"elementor-widget-container\">\n\t\t\t\t\t\t\t\t\t<p>Mit dieser zweiw\u00f6chentlich erscheinenden E-Mail erh\u00e4ltst Du einen \u00dcberblick \u00fcber alles, was in den kommenden Wochen bei Campus Founders passiert, damit Du nichts verpasst.<\/p>\n<div class=\"RichText3-paragraph--withVSpacingNormal RichText3-paragraph Typography Typography--m\">Folgendes kannst Du erwarten:<\/div>\n<ul>\n<li class=\"RichText3-paragraph--withVSpacingNormal RichText3-paragraph Typography Typography--m\">Zweimal im Monat<\/li>\n<li class=\"RichText3-paragraph--withVSpacingNormal RichText3-paragraph Typography Typography--m\">Highlight-Veranstaltungen &amp; Workshops<\/li>\n<li class=\"RichText3-paragraph--withVSpacingNormal RichText3-paragraph Typography Typography--m\">Erfahre, was in Heilbronn &amp; in unserem \u00d6kosystem passiert<\/li>\n<li class=\"RichText3-paragraph--withVSpacingNormal RichText3-paragraph Typography Typography--m\">Bleibe \u00fcber offene Stellen bei Campus Founders auf dem Laufende<\/li>\n<li class=\"RichText3-paragraph--withVSpacingNormal RichText3-paragraph Typography Typography--m\">Bleibe auf dem Laufenden \u00fcber innovative Jobangebote bei Campus Founders\n<div class=\"flex max-w-full flex-col flex-grow\">\n<div class=\"min-h-[20px] text-message flex w-full flex-col items-end gap-2 break-words [.text-message+&amp;]:mt-5 overflow-x-auto whitespace-normal\" dir=\"auto\" data-message-author-role=\"assistant\" data-message-id=\"6869e1d8-ecca-4b68-936f-7d0adfa68741\">\n<div class=\"flex w-full flex-col gap-1 empty:hidden first:pt-[3px]\">\n<div class=\"markdown prose w-full break-words dark:prose-invert light\"><\/div>\n<\/div>\n<\/div>\n<\/div>\n<\/li>\n<\/ul>\n\t\t\t\t\t\t\t\t<\/div>\n\t\t\t\t<\/div>\n\t\t\t\t<div class=\"elementor-element elementor-element-8015dcd elementor-widget elementor-widget-html\" data-id=\"8015dcd\" data-element_type=\"widget\" data-e-type=\"widget\" data-widget_type=\"html.default\">\n\t\t\t\t<div class=\"elementor-widget-container\">\n\t\t\t\t\t<script charset=\"utf-8\" type=\"text\/javascript\" src=\"\/\/js.hsforms.net\/forms\/embed\/v2.js\"><\/script>\r\n<script>\r\n  hbspt.forms.create({\r\n    region: \"na1\",\r\n    portalId: \"5212491\",\r\n    formId: \"b889fdbd-57b4-4547-8fb9-254cefd55150\"\r\n  });\r\n  <\/script>\t\t\t\t<\/div>\n\t\t\t\t<\/div>\n\t\t\t\t\t<\/div>\n\t\t<\/div>\n\t\t\t\t\t<\/div>\n\t\t<\/section>\n\t\t\t\t\t<\/div>\n\t\t<\/div>\n\t\t\t\t\t<\/div>\n\t\t<\/section>\n\t\t\t\t<\/div>\n\t\t","protected":false},"excerpt":{"rendered":"<p>Campus Founders Newsletter Willkommen zu unserem Campus Founders Newsletter! Mit dieser zweiw\u00f6chentlich erscheinenden E-Mail erh\u00e4ltst Du einen \u00dcberblick \u00fcber alles, was in den kommenden Wochen bei Campus Founders passiert, damit Du nichts verpasst. Folgendes kannst Du erwarten: Zweimal im Monat Highlight-Veranstaltungen &amp; Workshops Erfahre, was in Heilbronn &amp; in unserem \u00d6kosystem passiert Bleibe \u00fcber offene [&hellip;]<\/p>\n","protected":false},"author":5,"featured_media":0,"parent":0,"menu_order":0,"comment_status":"closed","ping_status":"closed","template":"","meta":{"inline_featured_image":false,"footnotes":""},"class_list":["post-24852","page","type-page","status-publish","hentry"],"yoast_head":"<!-- This site is optimized with the Yoast SEO plugin v27.4 - https:\/\/yoast.com\/product\/yoast-seo-wordpress\/ -->\n<title>Campus Founders Newsletter - Campus Founders<\/title>\n<meta name=\"robots\" content=\"index, follow, max-snippet:-1, max-image-preview:large, max-video-preview:-1\" \/>\n<link rel=\"canonical\" href=\"https:\/\/campusfounders.de\/de\/community-highlights\/\" \/>\n<meta property=\"og:locale\" content=\"de_DE\" \/>\n<meta property=\"og:type\" content=\"article\" \/>\n<meta property=\"og:title\" content=\"Campus Founders Newsletter - Campus Founders\" \/>\n<meta property=\"og:description\" content=\"Campus Founders Newsletter Willkommen zu unserem Campus Founders Newsletter! Mit dieser zweiw\u00f6chentlich erscheinenden E-Mail erh\u00e4ltst Du einen \u00dcberblick \u00fcber alles, was in den kommenden Wochen bei Campus Founders passiert, damit Du nichts verpasst. Folgendes kannst Du erwarten: Zweimal im Monat Highlight-Veranstaltungen &amp; Workshops Erfahre, was in Heilbronn &amp; in unserem \u00d6kosystem passiert Bleibe \u00fcber offene [&hellip;]\" \/>\n<meta property=\"og:url\" content=\"https:\/\/campusfounders.de\/de\/community-highlights\/\" \/>\n<meta property=\"og:site_name\" content=\"Campus Founders\" \/>\n<meta property=\"article:modified_time\" content=\"2024-08-30T10:34:04+00:00\" \/>\n<meta name=\"twitter:card\" content=\"summary_large_image\" \/>\n<script type=\"application\/ld+json\" class=\"yoast-schema-graph\">{\"@context\":\"https:\\\/\\\/schema.org\",\"@graph\":[{\"@type\":\"WebPage\",\"@id\":\"https:\\\/\\\/campusfounders.de\\\/de\\\/community-highlights\\\/\",\"url\":\"https:\\\/\\\/campusfounders.de\\\/de\\\/community-highlights\\\/\",\"name\":\"Campus Founders Newsletter - Campus Founders\",\"isPartOf\":{\"@id\":\"https:\\\/\\\/campusfounders.de\\\/de\\\/#website\"},\"datePublished\":\"2023-07-18T12:45:29+00:00\",\"dateModified\":\"2024-08-30T10:34:04+00:00\",\"inLanguage\":\"de\",\"potentialAction\":[{\"@type\":\"ReadAction\",\"target\":[\"https:\\\/\\\/campusfounders.de\\\/de\\\/community-highlights\\\/\"]}]},{\"@type\":\"WebSite\",\"@id\":\"https:\\\/\\\/campusfounders.de\\\/de\\\/#website\",\"url\":\"https:\\\/\\\/campusfounders.de\\\/de\\\/\",\"name\":\"Campus Founders\",\"description\":\"Home Of Entrepreneurs &amp; Innovators\",\"publisher\":{\"@id\":\"https:\\\/\\\/campusfounders.de\\\/de\\\/#organization\"},\"potentialAction\":[{\"@type\":\"SearchAction\",\"target\":{\"@type\":\"EntryPoint\",\"urlTemplate\":\"https:\\\/\\\/campusfounders.de\\\/de\\\/?s={search_term_string}\"},\"query-input\":{\"@type\":\"PropertyValueSpecification\",\"valueRequired\":true,\"valueName\":\"search_term_string\"}}],\"inLanguage\":\"de\"},{\"@type\":\"Organization\",\"@id\":\"https:\\\/\\\/campusfounders.de\\\/de\\\/#organization\",\"name\":\"Campus Founders\",\"url\":\"https:\\\/\\\/campusfounders.de\\\/de\\\/\",\"logo\":{\"@type\":\"ImageObject\",\"inLanguage\":\"de\",\"@id\":\"https:\\\/\\\/campusfounders.de\\\/de\\\/#\\\/schema\\\/logo\\\/image\\\/\",\"url\":\"https:\\\/\\\/campusfounders.de\\\/wp-content\\\/uploads\\\/2021\\\/09\\\/Logo-CMYK-Original.svg\",\"contentUrl\":\"https:\\\/\\\/campusfounders.de\\\/wp-content\\\/uploads\\\/2021\\\/09\\\/Logo-CMYK-Original.svg\",\"width\":1591,\"height\":247,\"caption\":\"Campus Founders\"},\"image\":{\"@id\":\"https:\\\/\\\/campusfounders.de\\\/de\\\/#\\\/schema\\\/logo\\\/image\\\/\"}}]}<\/script>\n<!-- \/ Yoast SEO plugin. -->","yoast_head_json":{"title":"Campus Founders Newsletter - Campus Founders","robots":{"index":"index","follow":"follow","max-snippet":"max-snippet:-1","max-image-preview":"max-image-preview:large","max-video-preview":"max-video-preview:-1"},"canonical":"https:\/\/campusfounders.de\/de\/community-highlights\/","og_locale":"de_DE","og_type":"article","og_title":"Campus Founders Newsletter - Campus Founders","og_description":"Campus Founders Newsletter Willkommen zu unserem Campus Founders Newsletter! Mit dieser zweiw\u00f6chentlich erscheinenden E-Mail erh\u00e4ltst Du einen \u00dcberblick \u00fcber alles, was in den kommenden Wochen bei Campus Founders passiert, damit Du nichts verpasst. Folgendes kannst Du erwarten: Zweimal im Monat Highlight-Veranstaltungen &amp; Workshops Erfahre, was in Heilbronn &amp; in unserem \u00d6kosystem passiert Bleibe \u00fcber offene [&hellip;]","og_url":"https:\/\/campusfounders.de\/de\/community-highlights\/","og_site_name":"Campus Founders","article_modified_time":"2024-08-30T10:34:04+00:00","twitter_card":"summary_large_image","schema":{"@context":"https:\/\/schema.org","@graph":[{"@type":"WebPage","@id":"https:\/\/campusfounders.de\/de\/community-highlights\/","url":"https:\/\/campusfounders.de\/de\/community-highlights\/","name":"Campus Founders Newsletter - Campus Founders","isPartOf":{"@id":"https:\/\/campusfounders.de\/de\/#website"},"datePublished":"2023-07-18T12:45:29+00:00","dateModified":"2024-08-30T10:34:04+00:00","inLanguage":"de","potentialAction":[{"@type":"ReadAction","target":["https:\/\/campusfounders.de\/de\/community-highlights\/"]}]},{"@type":"WebSite","@id":"https:\/\/campusfounders.de\/de\/#website","url":"https:\/\/campusfounders.de\/de\/","name":"Campus Founders","description":"Home Of Entrepreneurs &amp; Innovators","publisher":{"@id":"https:\/\/campusfounders.de\/de\/#organization"},"potentialAction":[{"@type":"SearchAction","target":{"@type":"EntryPoint","urlTemplate":"https:\/\/campusfounders.de\/de\/?s={search_term_string}"},"query-input":{"@type":"PropertyValueSpecification","valueRequired":true,"valueName":"search_term_string"}}],"inLanguage":"de"},{"@type":"Organization","@id":"https:\/\/campusfounders.de\/de\/#organization","name":"Campus Founders","url":"https:\/\/campusfounders.de\/de\/","logo":{"@type":"ImageObject","inLanguage":"de","@id":"https:\/\/campusfounders.de\/de\/#\/schema\/logo\/image\/","url":"https:\/\/campusfounders.de\/wp-content\/uploads\/2021\/09\/Logo-CMYK-Original.svg","contentUrl":"https:\/\/campusfounders.de\/wp-content\/uploads\/2021\/09\/Logo-CMYK-Original.svg","width":1591,"height":247,"caption":"Campus Founders"},"image":{"@id":"https:\/\/campusfounders.de\/de\/#\/schema\/logo\/image\/"}}]}},"_links":{"self":[{"href":"https:\/\/campusfounders.de\/de\/wp-json\/wp\/v2\/pages\/24852","targetHints":{"allow":["GET"]}}],"collection":[{"href":"https:\/\/campusfounders.de\/de\/wp-json\/wp\/v2\/pages"}],"about":[{"href":"https:\/\/campusfounders.de\/de\/wp-json\/wp\/v2\/types\/page"}],"author":[{"embeddable":true,"href":"https:\/\/campusfounders.de\/de\/wp-json\/wp\/v2\/users\/5"}],"replies":[{"embeddable":true,"href":"https:\/\/campusfounders.de\/de\/wp-json\/wp\/v2\/comments?post=24852"}],"version-history":[{"count":3,"href":"https:\/\/campusfounders.de\/de\/wp-json\/wp\/v2\/pages\/24852\/revisions"}],"predecessor-version":[{"id":29881,"href":"https:\/\/campusfounders.de\/de\/wp-json\/wp\/v2\/pages\/24852\/revisions\/29881"}],"wp:attachment":[{"href":"https:\/\/campusfounders.de\/de\/wp-json\/wp\/v2\/media?parent=24852"}],"curies":[{"name":"wp","href":"https:\/\/api.w.org\/{rel}","templated":true}]}}