{"id":8115,"date":"2022-02-03T12:38:56","date_gmt":"2022-02-03T11:38:56","guid":{"rendered":"https:\/\/dev.campusfounders.de\/unternehmen\/"},"modified":"2024-03-26T12:04:42","modified_gmt":"2024-03-26T11:04:42","slug":"unternehmen","status":"publish","type":"page","link":"https:\/\/campusfounders.de\/de\/unternehmen\/","title":{"rendered":"Unternehmen"},"content":{"rendered":"\t\t<div data-elementor-type=\"wp-page\" data-elementor-id=\"8115\" class=\"elementor elementor-8115 elementor-5704\" data-elementor-post-type=\"page\">\n\t\t\t\t\t\t<section data-particle_enable=\"false\" data-particle-mobile-disabled=\"false\" class=\"elementor-section elementor-top-section elementor-element elementor-element-c1c1263 bg-mako cf-section cf-hero elementor-section-height-min-height elementor-section-boxed elementor-section-height-default elementor-section-items-middle\" data-id=\"c1c1263\" data-element_type=\"section\" data-e-type=\"section\" data-settings=\"{&quot;background_background&quot;:&quot;classic&quot;}\">\n\t\t\t\t\t\t\t<div class=\"elementor-background-overlay\"><\/div>\n\t\t\t\t\t\t\t<div class=\"elementor-container elementor-column-gap-default\">\n\t\t\t\t\t<div class=\"elementor-column elementor-col-100 elementor-top-column elementor-element elementor-element-c6eef44\" data-id=\"c6eef44\" data-element_type=\"column\" data-e-type=\"column\">\n\t\t\t<div class=\"elementor-widget-wrap elementor-element-populated\">\n\t\t\t\t\t\t<div class=\"elementor-element elementor-element-3786b03 elementor-widget elementor-widget-cf-motto\" data-id=\"3786b03\" data-element_type=\"widget\" data-e-type=\"widget\" data-widget_type=\"cf-motto.default\">\n\t\t\t\t<div class=\"elementor-widget-container\">\n\t\t\t\t\t<style>hr.motto-seperator{width:115px!important; height:4px; border:0;  float:left;} <\/style>\n        <h2 class='motto-title' style='text-align:left'>\n        <hr class='motto-seperator' align=left\/>\n        <div style='clear:both'><span class='motto-accent'>Innovative Unternehmen <\/span>\n        <span class='motto-rest'> erfinden die Zukunft neu.<\/span>\n        <\/div>\n        <\/h2>\t\t\t\t<\/div>\n\t\t\t\t<\/div>\n\t\t\t\t<div class=\"elementor-element elementor-element-f5ccc7e elementor-align-left sbtn btn-bluedark elementor-widget elementor-widget-button\" data-id=\"f5ccc7e\" data-element_type=\"widget\" data-e-type=\"widget\" data-widget_type=\"button.default\">\n\t\t\t\t<div class=\"elementor-widget-container\">\n\t\t\t\t\t\t\t\t\t<div class=\"elementor-button-wrapper\">\n\t\t\t\t\t<a class=\"elementor-button elementor-button-link elementor-size-sm\" href=\"#corporate-programs\">\n\t\t\t\t\t\t<span class=\"elementor-button-content-wrapper\">\n\t\t\t\t\t\t\t\t\t<span class=\"elementor-button-text\">Unsere Programme<\/span>\n\t\t\t\t\t<\/span>\n\t\t\t\t\t<\/a>\n\t\t\t\t<\/div>\n\t\t\t\t\t\t\t\t<\/div>\n\t\t\t\t<\/div>\n\t\t\t\t\t<\/div>\n\t\t<\/div>\n\t\t\t\t\t<\/div>\n\t\t<\/section>\n\t\t\t\t<section data-particle_enable=\"false\" data-particle-mobile-disabled=\"false\" class=\"elementor-section elementor-top-section elementor-element elementor-element-a4b769a shadower w100 cf-section cf-summary elementor-section-boxed elementor-section-height-default elementor-section-height-default\" data-id=\"a4b769a\" data-element_type=\"section\" data-e-type=\"section\" data-settings=\"{&quot;background_background&quot;:&quot;classic&quot;}\">\n\t\t\t\t\t\t<div class=\"elementor-container elementor-column-gap-no\">\n\t\t\t\t\t<div class=\"elementor-column elementor-col-100 elementor-top-column elementor-element elementor-element-4a8aae22\" data-id=\"4a8aae22\" data-element_type=\"column\" data-e-type=\"column\" data-settings=\"{&quot;background_background&quot;:&quot;classic&quot;}\">\n\t\t\t<div class=\"elementor-widget-wrap elementor-element-populated\">\n\t\t\t\t\t\t<div class=\"elementor-element elementor-element-854221f elementor-widget elementor-widget-heading\" data-id=\"854221f\" data-element_type=\"widget\" data-e-type=\"widget\" data-widget_type=\"heading.default\">\n\t\t\t\t<div class=\"elementor-widget-container\">\n\t\t\t\t\t<h2 class=\"elementor-heading-title elementor-size-default\">Wir verbinden modernste Co-Innovation Ans\u00e4tze mit unternehmerischen Best-Practices und unterst\u00fctzen Unternehmen dabei neue Gesch\u00e4ftsfelder zu explorieren und erfolgreich zu gr\u00fcnden. <\/h2>\t\t\t\t<\/div>\n\t\t\t\t<\/div>\n\t\t\t\t\t<\/div>\n\t\t<\/div>\n\t\t\t\t\t<\/div>\n\t\t<\/section>\n\t\t\t\t<section data-particle_enable=\"false\" data-particle-mobile-disabled=\"false\" class=\"elementor-section elementor-top-section elementor-element elementor-element-830a4d0 cf-section cf-desc cf-section-light-first elementor-section-boxed elementor-section-height-default elementor-section-height-default\" data-id=\"830a4d0\" data-element_type=\"section\" data-e-type=\"section\" data-settings=\"{&quot;background_background&quot;:&quot;classic&quot;}\">\n\t\t\t\t\t\t<div class=\"elementor-container elementor-column-gap-default\">\n\t\t\t\t\t<div class=\"elementor-column elementor-col-100 elementor-top-column elementor-element elementor-element-6be6b39\" data-id=\"6be6b39\" data-element_type=\"column\" data-e-type=\"column\">\n\t\t\t<div class=\"elementor-widget-wrap elementor-element-populated\">\n\t\t\t\t\t\t<section data-particle_enable=\"false\" data-particle-mobile-disabled=\"false\" class=\"elementor-section elementor-inner-section elementor-element elementor-element-250e4f9 shadower btn-mischka elementor-section-boxed elementor-section-height-default elementor-section-height-default\" data-id=\"250e4f9\" data-element_type=\"section\" data-e-type=\"section\" data-settings=\"{&quot;background_background&quot;:&quot;classic&quot;}\">\n\t\t\t\t\t\t<div class=\"elementor-container elementor-column-gap-wide\">\n\t\t\t\t\t<div class=\"elementor-column elementor-col-100 elementor-inner-column elementor-element elementor-element-5eb7502\" data-id=\"5eb7502\" data-element_type=\"column\" data-e-type=\"column\">\n\t\t\t<div class=\"elementor-widget-wrap elementor-element-populated\">\n\t\t\t\t\t\t<div class=\"elementor-element elementor-element-51ad1a5 elementor-widget elementor-widget-text-editor\" data-id=\"51ad1a5\" data-element_type=\"widget\" data-e-type=\"widget\" data-widget_type=\"text-editor.default\">\n\t\t\t\t<div class=\"elementor-widget-container\">\n\t\t\t\t\t\t\t\t\t<p>Unsere Community besteht nicht nur aus Startups und Studierenden. Auch mittelst\u00e4ndische Unternehmen und Konzernvertreter finden bei uns ein Zuhause. Zunehmende Komplexit\u00e4t, wachsende Unsicherheiten, immer k\u00fcrzere Produktlebenszyklen, schneller Wandel &#8211; kurzum, der Ver\u00e4nderungs- und Innovationsdruck steigt.<\/p>\n<p>Egal ob es um neue Gesch\u00e4ftsmodelle, die Zusammenarbeit mit Studierenden oder Startups, die Entwicklung von Mitarbeitern oder die Inkubation von neuen Gesch\u00e4ftsideen geht. Bei uns dreht sich alles um Themen wie Innovation, einer unternehmerischen Kultur, Corporate Learning &amp; Venturing, Austausch und Zusammenarbeit.<\/p>\n\t\t\t\t\t\t\t\t<\/div>\n\t\t\t\t<\/div>\n\t\t\t\t<div class=\"elementor-element elementor-element-5e7da6a readmoretoggle elementor-widget elementor-widget-toggle\" data-id=\"5e7da6a\" data-element_type=\"widget\" data-e-type=\"widget\" data-widget_type=\"toggle.default\">\n\t\t\t\t<div class=\"elementor-widget-container\">\n\t\t\t\t\t\t\t<div class=\"elementor-toggle\">\n\t\t\t\t\t\t\t<div class=\"elementor-toggle-item\">\n\t\t\t\t\t<div id=\"elementor-tab-title-9901\" class=\"elementor-tab-title\" data-tab=\"1\" role=\"button\" aria-controls=\"elementor-tab-content-9901\" aria-expanded=\"false\">\n\t\t\t\t\t\t\t\t\t\t\t\t<a class=\"elementor-toggle-title\" tabindex=\"0\">WEITERLESEN<\/a>\n\t\t\t\t\t<\/div>\n\n\t\t\t\t\t<div id=\"elementor-tab-content-9901\" class=\"elementor-tab-content elementor-clearfix\" data-tab=\"1\" role=\"region\" aria-labelledby=\"elementor-tab-title-9901\"><p>Wir bewegen uns an der Schnittstelle von Talent \u2013 Startups \u2013 Corporate Innovation und verstehen uns als Plattform f\u00fcr Vernetzung, Austausch, Methodenkompetenz. Mittels unseres Open Co-Innovation Ansatzes stellen wir uns den Herausforderungen von heute und gestalten die Zukunft.<\/p>\n<\/div>\n\t\t\t\t<\/div>\n\t\t\t\t\t\t\t\t<\/div>\n\t\t\t\t\t\t<\/div>\n\t\t\t\t<\/div>\n\t\t\t\t\t<\/div>\n\t\t<\/div>\n\t\t\t\t\t<\/div>\n\t\t<\/section>\n\t\t\t\t\t<\/div>\n\t\t<\/div>\n\t\t\t\t\t<\/div>\n\t\t<\/section>\n\t\t\t\t<section data-particle_enable=\"false\" data-particle-mobile-disabled=\"false\" class=\"elementor-section elementor-top-section elementor-element elementor-element-7ec8ee12 elementor-section-content-middle cf-section cf-boxes elementor-section-boxed elementor-section-height-default elementor-section-height-default\" data-id=\"7ec8ee12\" data-element_type=\"section\" data-e-type=\"section\" data-settings=\"{&quot;background_background&quot;:&quot;classic&quot;}\">\n\t\t\t\t\t\t<div class=\"elementor-container elementor-column-gap-no\">\n\t\t\t\t\t<div class=\"elementor-column elementor-col-100 elementor-top-column elementor-element elementor-element-4fb18493\" data-id=\"4fb18493\" data-element_type=\"column\" data-e-type=\"column\" id=\"corporate-programs\" data-settings=\"{&quot;background_background&quot;:&quot;classic&quot;}\">\n\t\t\t<div class=\"elementor-widget-wrap elementor-element-populated\">\n\t\t\t\t\t\t<section data-particle_enable=\"false\" data-particle-mobile-disabled=\"false\" class=\"elementor-section elementor-inner-section elementor-element elementor-element-5aa6ef1 elementor-section-height-min-height shadower elementor-section-boxed elementor-section-height-default\" data-id=\"5aa6ef1\" data-element_type=\"section\" data-e-type=\"section\" data-settings=\"{&quot;background_background&quot;:&quot;classic&quot;}\">\n\t\t\t\t\t\t<div class=\"elementor-container elementor-column-gap-wide\">\n\t\t\t\t\t<div class=\"elementor-column elementor-col-50 elementor-inner-column elementor-element elementor-element-7ece8f4\" data-id=\"7ece8f4\" data-element_type=\"column\" data-e-type=\"column\" data-settings=\"{&quot;background_background&quot;:&quot;classic&quot;}\">\n\t\t\t<div class=\"elementor-widget-wrap elementor-element-populated\">\n\t\t\t\t\t\t<div class=\"elementor-element elementor-element-103f32d elementor-widget__width-auto w100 elementor-widget elementor-widget-image\" data-id=\"103f32d\" data-element_type=\"widget\" data-e-type=\"widget\" data-widget_type=\"image.default\">\n\t\t\t\t<div class=\"elementor-widget-container\">\n\t\t\t\t\t\t\t\t\t\t\t\t\t\t\t<img fetchpriority=\"high\" decoding=\"async\" width=\"1920\" height=\"1080\" src=\"https:\/\/campusfounders.de\/wp-content\/uploads\/2022\/02\/community_9.jpg\" class=\"attachment-full size-full wp-image-11591\" alt=\"\" srcset=\"https:\/\/campusfounders.de\/wp-content\/uploads\/2022\/02\/community_9.jpg 1920w, https:\/\/campusfounders.de\/wp-content\/uploads\/2022\/02\/community_9-300x169.jpg 300w, https:\/\/campusfounders.de\/wp-content\/uploads\/2022\/02\/community_9-1024x576.jpg 1024w, https:\/\/campusfounders.de\/wp-content\/uploads\/2022\/02\/community_9-768x432.jpg 768w, https:\/\/campusfounders.de\/wp-content\/uploads\/2022\/02\/community_9-1536x864.jpg 1536w\" sizes=\"(max-width: 1920px) 100vw, 1920px\" \/>\t\t\t\t\t\t\t\t\t\t\t\t\t\t\t<\/div>\n\t\t\t\t<\/div>\n\t\t\t\t\t<\/div>\n\t\t<\/div>\n\t\t\t\t<div class=\"elementor-column elementor-col-50 elementor-inner-column elementor-element elementor-element-ff410b2\" data-id=\"ff410b2\" data-element_type=\"column\" data-e-type=\"column\" data-settings=\"{&quot;background_background&quot;:&quot;classic&quot;}\">\n\t\t\t<div class=\"elementor-widget-wrap elementor-element-populated\">\n\t\t\t\t\t\t<div class=\"elementor-element elementor-element-00da819 elementor-widget elementor-widget-icon-box\" data-id=\"00da819\" data-element_type=\"widget\" data-e-type=\"widget\" data-widget_type=\"icon-box.default\">\n\t\t\t\t<div class=\"elementor-widget-container\">\n\t\t\t\t\t\t\t<div class=\"elementor-icon-box-wrapper\">\n\n\t\t\t\n\t\t\t\t\t\t<div class=\"elementor-icon-box-content\">\n\n\t\t\t\t\t\t\t\t\t<h3 class=\"elementor-icon-box-title\">\n\t\t\t\t\t\t<a href=\"https:\/\/campusfounders.de\/de\/unternehmen\/corporate-campus-challenge\/\" >\n\t\t\t\t\t\t\tCorporate Campus Challenge\t\t\t\t\t\t<\/a>\n\t\t\t\t\t<\/h3>\n\t\t\t\t\n\t\t\t\t\t\t\t\t\t<p class=\"elementor-icon-box-description\">\n\t\t\t\t\t\tFrischer Wind mit der Corporate Campus Challenge\r\n\r\n<br \/><span class=\"text-bluedark\"><strong> Mehr erfahren<\/strong> <i class='fa fa-angle-double-right'><\/i><\/span>\t\t\t\t\t<\/p>\n\t\t\t\t\n\t\t\t<\/div>\n\t\t\t\n\t\t<\/div>\n\t\t\t\t\t\t<\/div>\n\t\t\t\t<\/div>\n\t\t\t\t<div class=\"elementor-element elementor-element-aa1b037 elementor-widget elementor-widget-icon-box\" data-id=\"aa1b037\" data-element_type=\"widget\" data-e-type=\"widget\" data-widget_type=\"icon-box.default\">\n\t\t\t\t<div class=\"elementor-widget-container\">\n\t\t\t\t\t\t\t<div class=\"elementor-icon-box-wrapper\">\n\n\t\t\t\n\t\t\t\t\t\t<div class=\"elementor-icon-box-content\">\n\n\t\t\t\t\t\t\t\t\t<h3 class=\"elementor-icon-box-title\">\n\t\t\t\t\t\t<a href=\"https:\/\/campusfounders.de\/de\/unternehmen\/corporate-incubation-program\/\" >\n\t\t\t\t\t\t\tCorporate Incubator\t\t\t\t\t\t<\/a>\n\t\t\t\t\t<\/h3>\n\t\t\t\t\n\t\t\t\t\t\t\t\t\t<p class=\"elementor-icon-box-description\">\n\t\t\t\t\t\tEnd-to-End Inkubation: Von Idee zu Gesch\u00e4ftsmodell \u200b\u200b<br \/><span class=\"text-bluedark\"><strong>  Mehr erfahren<\/strong> <i class='fa fa-angle-double-right'><\/i><\/span>\t\t\t\t\t<\/p>\n\t\t\t\t\n\t\t\t<\/div>\n\t\t\t\n\t\t<\/div>\n\t\t\t\t\t\t<\/div>\n\t\t\t\t<\/div>\n\t\t\t\t<div class=\"elementor-element elementor-element-6fe793c elementor-widget elementor-widget-icon-box\" data-id=\"6fe793c\" data-element_type=\"widget\" data-e-type=\"widget\" data-widget_type=\"icon-box.default\">\n\t\t\t\t<div class=\"elementor-widget-container\">\n\t\t\t\t\t\t\t<div class=\"elementor-icon-box-wrapper\">\n\n\t\t\t\n\t\t\t\t\t\t<div class=\"elementor-icon-box-content\">\n\n\t\t\t\t\t\t\t\t\t<h3 class=\"elementor-icon-box-title\">\n\t\t\t\t\t\t<a href=\"https:\/\/campusfounders.de\/de\/unternehmen\/future-skills-program\/\" >\n\t\t\t\t\t\t\tFuture Skills Program\t\t\t\t\t\t<\/a>\n\t\t\t\t\t<\/h3>\n\t\t\t\t\n\t\t\t\t\t\t\t\t\t<p class=\"elementor-icon-box-description\">\n\t\t\t\t\t\tMitarbeitende f\u00fcr die Zukunft fit machen\u200b<br \/><span class=\"text-bluedark\"><strong> Mehr erfahren<\/strong> <i class='fa fa-angle-double-right'><\/i><\/span>\t\t\t\t\t<\/p>\n\t\t\t\t\n\t\t\t<\/div>\n\t\t\t\n\t\t<\/div>\n\t\t\t\t\t\t<\/div>\n\t\t\t\t<\/div>\n\t\t\t\t<div class=\"elementor-element elementor-element-72fde70 elementor-widget elementor-widget-icon-box\" data-id=\"72fde70\" data-element_type=\"widget\" data-e-type=\"widget\" data-widget_type=\"icon-box.default\">\n\t\t\t\t<div class=\"elementor-widget-container\">\n\t\t\t\t\t\t\t<div class=\"elementor-icon-box-wrapper\">\n\n\t\t\t\n\t\t\t\t\t\t<div class=\"elementor-icon-box-content\">\n\n\t\t\t\t\t\t\t\t\t<h3 class=\"elementor-icon-box-title\">\n\t\t\t\t\t\t<a href=\"https:\/\/campusfounders.de\/de\/membership\/\" >\n\t\t\t\t\t\t\tMembership\t\t\t\t\t\t<\/a>\n\t\t\t\t\t<\/h3>\n\t\t\t\t\n\t\t\t\t\t\t\t\t\t<p class=\"elementor-icon-box-description\">\n\t\t\t\t\t\t Werden Sie Mitglied unserer Campus Founders Community!\r\n<br \/><span class=\"text-bluedark\"><strong> Mehr erfahren<\/strong> <i class='fa fa-angle-double-right'><\/i><\/span>\t\t\t\t\t<\/p>\n\t\t\t\t\n\t\t\t<\/div>\n\t\t\t\n\t\t<\/div>\n\t\t\t\t\t\t<\/div>\n\t\t\t\t<\/div>\n\t\t\t\t<div class=\"elementor-element elementor-element-79fd32d elementor-widget elementor-widget-icon-box\" data-id=\"79fd32d\" data-element_type=\"widget\" data-e-type=\"widget\" data-widget_type=\"icon-box.default\">\n\t\t\t\t<div class=\"elementor-widget-container\">\n\t\t\t\t\t\t\t<div class=\"elementor-icon-box-wrapper\">\n\n\t\t\t\n\t\t\t\t\t\t<div class=\"elementor-icon-box-content\">\n\n\t\t\t\t\t\t\t\t\t<h3 class=\"elementor-icon-box-title\">\n\t\t\t\t\t\t<a href=\"https:\/\/campusfounders.de\/de\/unternehmen\/community-of-practice-co-innovation\/\" >\n\t\t\t\t\t\t\tCommunity of Practice \u201cCo-Innovation\u201d\t\t\t\t\t\t<\/a>\n\t\t\t\t\t<\/h3>\n\t\t\t\t\n\t\t\t\t\t\t\t\t\t<p class=\"elementor-icon-box-description\">\n\t\t\t\t\t\tMehr Traction f\u00fcr Deine Innovations-Agenda\u200b<br \/><span class=\"text-bluedark\"><strong>  Mehr erfahren<\/strong> <i class='fa fa-angle-double-right'><\/i><\/span>\t\t\t\t\t<\/p>\n\t\t\t\t\n\t\t\t<\/div>\n\t\t\t\n\t\t<\/div>\n\t\t\t\t\t\t<\/div>\n\t\t\t\t<\/div>\n\t\t\t\t\t<\/div>\n\t\t<\/div>\n\t\t\t\t\t<\/div>\n\t\t<\/section>\n\t\t\t\t\t<\/div>\n\t\t<\/div>\n\t\t\t\t\t<\/div>\n\t\t<\/section>\n\t\t\t\t<\/div>\n\t\t","protected":false},"excerpt":{"rendered":"<p>Innovative Unternehmen erfinden die Zukunft neu. Unsere Programme Wir verbinden modernste Co-Innovation Ans\u00e4tze mit unternehmerischen Best-Practices und unterst\u00fctzen Unternehmen dabei neue Gesch\u00e4ftsfelder zu explorieren und erfolgreich zu gr\u00fcnden. Unsere Community besteht nicht nur aus Startups und Studierenden. Auch mittelst\u00e4ndische Unternehmen und Konzernvertreter finden bei uns ein Zuhause. Zunehmende Komplexit\u00e4t, wachsende Unsicherheiten, immer k\u00fcrzere Produktlebenszyklen, schneller [&hellip;]<\/p>\n","protected":false},"author":5,"featured_media":0,"parent":0,"menu_order":0,"comment_status":"closed","ping_status":"closed","template":"","meta":{"inline_featured_image":false,"footnotes":""},"class_list":["post-8115","page","type-page","status-publish","hentry"],"yoast_head":"<!-- This site is optimized with the Yoast SEO plugin v27.4 - https:\/\/yoast.com\/product\/yoast-seo-wordpress\/ -->\n<title>Unternehmen - Innovative companies are reinventing the future. - Campus Founders<\/title>\n<meta name=\"description\" content=\"Wir verbinden modernste Co-Innovation Ans\u00e4tze mit unternehmerischen Best-Practices und unterst\u00fctzen Unternehmen dabei neue Gesch\u00e4ftsfelder zu explorieren und erfolgreich zu gr\u00fcnden.\" \/>\n<meta name=\"robots\" content=\"index, follow, max-snippet:-1, max-image-preview:large, max-video-preview:-1\" \/>\n<link rel=\"canonical\" href=\"https:\/\/campusfounders.de\/de\/unternehmen\/\" \/>\n<meta property=\"og:locale\" content=\"de_DE\" \/>\n<meta property=\"og:type\" content=\"article\" \/>\n<meta property=\"og:title\" content=\"Unternehmen - Innovative companies are reinventing the future. -\" \/>\n<meta property=\"og:description\" content=\"Wir verbinden modernste Co-Innovation Ans\u00e4tze mit unternehmerischen Best-Practices und unterst\u00fctzen Unternehmen dabei neue Gesch\u00e4ftsfelder zu explorieren und erfolgreich zu gr\u00fcnden.\" \/>\n<meta property=\"og:url\" content=\"https:\/\/campusfounders.de\/de\/unternehmen\/\" \/>\n<meta property=\"og:site_name\" content=\"Campus Founders\" \/>\n<meta property=\"article:modified_time\" content=\"2024-03-26T11:04:42+00:00\" \/>\n<meta property=\"og:image\" content=\"https:\/\/campusfounders.de\/wp-content\/uploads\/2022\/03\/square-companies7-300x300.jpg\" \/>\n<meta name=\"twitter:card\" content=\"summary_large_image\" \/>\n<meta name=\"twitter:title\" content=\"Unternehmen - Innovative companies are reinventing the future.\" \/>\n<meta name=\"twitter:description\" content=\"Wir verbinden modernste Co-Innovation Ans\u00e4tze mit unternehmerischen Best-Practices und unterst\u00fctzen Unternehmen dabei neue Gesch\u00e4ftsfelder zu explorieren und erfolgreich zu gr\u00fcnden.\" \/>\n<meta name=\"twitter:image\" content=\"https:\/\/campusfounders.de\/wp-content\/uploads\/2022\/03\/square-companies7.jpg\" \/>\n<meta name=\"twitter:label1\" content=\"Gesch\u00e4tzte Lesezeit\" \/>\n\t<meta name=\"twitter:data1\" content=\"1\u00a0Minute\" \/>\n<script type=\"application\/ld+json\" class=\"yoast-schema-graph\">{\"@context\":\"https:\\\/\\\/schema.org\",\"@graph\":[{\"@type\":\"WebPage\",\"@id\":\"https:\\\/\\\/campusfounders.de\\\/de\\\/unternehmen\\\/\",\"url\":\"https:\\\/\\\/campusfounders.de\\\/de\\\/unternehmen\\\/\",\"name\":\"Unternehmen - Innovative companies are reinventing the future. - Campus Founders\",\"isPartOf\":{\"@id\":\"https:\\\/\\\/campusfounders.de\\\/de\\\/#website\"},\"primaryImageOfPage\":{\"@id\":\"https:\\\/\\\/campusfounders.de\\\/de\\\/unternehmen\\\/#primaryimage\"},\"image\":{\"@id\":\"https:\\\/\\\/campusfounders.de\\\/de\\\/unternehmen\\\/#primaryimage\"},\"thumbnailUrl\":\"https:\\\/\\\/campusfounders.de\\\/wp-content\\\/uploads\\\/2022\\\/02\\\/community_9.jpg\",\"datePublished\":\"2022-02-03T11:38:56+00:00\",\"dateModified\":\"2024-03-26T11:04:42+00:00\",\"description\":\"Wir verbinden modernste Co-Innovation Ans\u00e4tze mit unternehmerischen Best-Practices und unterst\u00fctzen Unternehmen dabei neue Gesch\u00e4ftsfelder zu explorieren und erfolgreich zu gr\u00fcnden.\",\"inLanguage\":\"de\",\"potentialAction\":[{\"@type\":\"ReadAction\",\"target\":[\"https:\\\/\\\/campusfounders.de\\\/de\\\/unternehmen\\\/\"]}]},{\"@type\":\"ImageObject\",\"inLanguage\":\"de\",\"@id\":\"https:\\\/\\\/campusfounders.de\\\/de\\\/unternehmen\\\/#primaryimage\",\"url\":\"https:\\\/\\\/campusfounders.de\\\/wp-content\\\/uploads\\\/2022\\\/02\\\/community_9.jpg\",\"contentUrl\":\"https:\\\/\\\/campusfounders.de\\\/wp-content\\\/uploads\\\/2022\\\/02\\\/community_9.jpg\"},{\"@type\":\"WebSite\",\"@id\":\"https:\\\/\\\/campusfounders.de\\\/de\\\/#website\",\"url\":\"https:\\\/\\\/campusfounders.de\\\/de\\\/\",\"name\":\"Campus Founders\",\"description\":\"Home Of Entrepreneurs &amp; Innovators\",\"publisher\":{\"@id\":\"https:\\\/\\\/campusfounders.de\\\/de\\\/#organization\"},\"potentialAction\":[{\"@type\":\"SearchAction\",\"target\":{\"@type\":\"EntryPoint\",\"urlTemplate\":\"https:\\\/\\\/campusfounders.de\\\/de\\\/?s={search_term_string}\"},\"query-input\":{\"@type\":\"PropertyValueSpecification\",\"valueRequired\":true,\"valueName\":\"search_term_string\"}}],\"inLanguage\":\"de\"},{\"@type\":\"Organization\",\"@id\":\"https:\\\/\\\/campusfounders.de\\\/de\\\/#organization\",\"name\":\"Campus Founders\",\"url\":\"https:\\\/\\\/campusfounders.de\\\/de\\\/\",\"logo\":{\"@type\":\"ImageObject\",\"inLanguage\":\"de\",\"@id\":\"https:\\\/\\\/campusfounders.de\\\/de\\\/#\\\/schema\\\/logo\\\/image\\\/\",\"url\":\"https:\\\/\\\/campusfounders.de\\\/wp-content\\\/uploads\\\/2021\\\/09\\\/Logo-CMYK-Original.svg\",\"contentUrl\":\"https:\\\/\\\/campusfounders.de\\\/wp-content\\\/uploads\\\/2021\\\/09\\\/Logo-CMYK-Original.svg\",\"width\":1591,\"height\":247,\"caption\":\"Campus Founders\"},\"image\":{\"@id\":\"https:\\\/\\\/campusfounders.de\\\/de\\\/#\\\/schema\\\/logo\\\/image\\\/\"}}]}<\/script>\n<!-- \/ Yoast SEO plugin. -->","yoast_head_json":{"title":"Unternehmen - Innovative companies are reinventing the future. - Campus Founders","description":"Wir verbinden modernste Co-Innovation Ans\u00e4tze mit unternehmerischen Best-Practices und unterst\u00fctzen Unternehmen dabei neue Gesch\u00e4ftsfelder zu explorieren und erfolgreich zu gr\u00fcnden.","robots":{"index":"index","follow":"follow","max-snippet":"max-snippet:-1","max-image-preview":"max-image-preview:large","max-video-preview":"max-video-preview:-1"},"canonical":"https:\/\/campusfounders.de\/de\/unternehmen\/","og_locale":"de_DE","og_type":"article","og_title":"Unternehmen - Innovative companies are reinventing the future. -","og_description":"Wir verbinden modernste Co-Innovation Ans\u00e4tze mit unternehmerischen Best-Practices und unterst\u00fctzen Unternehmen dabei neue Gesch\u00e4ftsfelder zu explorieren und erfolgreich zu gr\u00fcnden.","og_url":"https:\/\/campusfounders.de\/de\/unternehmen\/","og_site_name":"Campus Founders","article_modified_time":"2024-03-26T11:04:42+00:00","og_image":[{"url":"https:\/\/campusfounders.de\/wp-content\/uploads\/2022\/03\/square-companies7-300x300.jpg","type":"","width":"","height":""}],"twitter_card":"summary_large_image","twitter_title":"Unternehmen - Innovative companies are reinventing the future.","twitter_description":"Wir verbinden modernste Co-Innovation Ans\u00e4tze mit unternehmerischen Best-Practices und unterst\u00fctzen Unternehmen dabei neue Gesch\u00e4ftsfelder zu explorieren und erfolgreich zu gr\u00fcnden.","twitter_image":"https:\/\/campusfounders.de\/wp-content\/uploads\/2022\/03\/square-companies7.jpg","twitter_misc":{"Gesch\u00e4tzte Lesezeit":"1\u00a0Minute"},"schema":{"@context":"https:\/\/schema.org","@graph":[{"@type":"WebPage","@id":"https:\/\/campusfounders.de\/de\/unternehmen\/","url":"https:\/\/campusfounders.de\/de\/unternehmen\/","name":"Unternehmen - Innovative companies are reinventing the future. - Campus Founders","isPartOf":{"@id":"https:\/\/campusfounders.de\/de\/#website"},"primaryImageOfPage":{"@id":"https:\/\/campusfounders.de\/de\/unternehmen\/#primaryimage"},"image":{"@id":"https:\/\/campusfounders.de\/de\/unternehmen\/#primaryimage"},"thumbnailUrl":"https:\/\/campusfounders.de\/wp-content\/uploads\/2022\/02\/community_9.jpg","datePublished":"2022-02-03T11:38:56+00:00","dateModified":"2024-03-26T11:04:42+00:00","description":"Wir verbinden modernste Co-Innovation Ans\u00e4tze mit unternehmerischen Best-Practices und unterst\u00fctzen Unternehmen dabei neue Gesch\u00e4ftsfelder zu explorieren und erfolgreich zu gr\u00fcnden.","inLanguage":"de","potentialAction":[{"@type":"ReadAction","target":["https:\/\/campusfounders.de\/de\/unternehmen\/"]}]},{"@type":"ImageObject","inLanguage":"de","@id":"https:\/\/campusfounders.de\/de\/unternehmen\/#primaryimage","url":"https:\/\/campusfounders.de\/wp-content\/uploads\/2022\/02\/community_9.jpg","contentUrl":"https:\/\/campusfounders.de\/wp-content\/uploads\/2022\/02\/community_9.jpg"},{"@type":"WebSite","@id":"https:\/\/campusfounders.de\/de\/#website","url":"https:\/\/campusfounders.de\/de\/","name":"Campus Founders","description":"Home Of Entrepreneurs &amp; Innovators","publisher":{"@id":"https:\/\/campusfounders.de\/de\/#organization"},"potentialAction":[{"@type":"SearchAction","target":{"@type":"EntryPoint","urlTemplate":"https:\/\/campusfounders.de\/de\/?s={search_term_string}"},"query-input":{"@type":"PropertyValueSpecification","valueRequired":true,"valueName":"search_term_string"}}],"inLanguage":"de"},{"@type":"Organization","@id":"https:\/\/campusfounders.de\/de\/#organization","name":"Campus Founders","url":"https:\/\/campusfounders.de\/de\/","logo":{"@type":"ImageObject","inLanguage":"de","@id":"https:\/\/campusfounders.de\/de\/#\/schema\/logo\/image\/","url":"https:\/\/campusfounders.de\/wp-content\/uploads\/2021\/09\/Logo-CMYK-Original.svg","contentUrl":"https:\/\/campusfounders.de\/wp-content\/uploads\/2021\/09\/Logo-CMYK-Original.svg","width":1591,"height":247,"caption":"Campus Founders"},"image":{"@id":"https:\/\/campusfounders.de\/de\/#\/schema\/logo\/image\/"}}]}},"_links":{"self":[{"href":"https:\/\/campusfounders.de\/de\/wp-json\/wp\/v2\/pages\/8115","targetHints":{"allow":["GET"]}}],"collection":[{"href":"https:\/\/campusfounders.de\/de\/wp-json\/wp\/v2\/pages"}],"about":[{"href":"https:\/\/campusfounders.de\/de\/wp-json\/wp\/v2\/types\/page"}],"author":[{"embeddable":true,"href":"https:\/\/campusfounders.de\/de\/wp-json\/wp\/v2\/users\/5"}],"replies":[{"embeddable":true,"href":"https:\/\/campusfounders.de\/de\/wp-json\/wp\/v2\/comments?post=8115"}],"version-history":[{"count":64,"href":"https:\/\/campusfounders.de\/de\/wp-json\/wp\/v2\/pages\/8115\/revisions"}],"predecessor-version":[{"id":28196,"href":"https:\/\/campusfounders.de\/de\/wp-json\/wp\/v2\/pages\/8115\/revisions\/28196"}],"wp:attachment":[{"href":"https:\/\/campusfounders.de\/de\/wp-json\/wp\/v2\/media?parent=8115"}],"curies":[{"name":"wp","href":"https:\/\/api.w.org\/{rel}","templated":true}]}}